{"id":88,"date":"2024-03-13T06:55:15","date_gmt":"2024-03-12T21:55:15","guid":{"rendered":"http:\/\/www.shintomi.jp\/gioi-thieu-truong\/"},"modified":"2025-04-28T17:26:25","modified_gmt":"2025-04-28T08:26:25","slug":"gioi-thieu-truong","status":"publish","type":"page","link":"https:\/\/www.shintomi.jp\/vi\/gioi-thieu-truong\/","title":{"rendered":"Gi\u1edbi thi\u1ec7u tr\u01b0\u1eddng"},"content":{"rendered":"<div class=\"header-img aboutus\"><span data-mce-type=\"bookmark\" style=\"display: inline-block; width: 0px; overflow: hidden; line-height: 0;\" class=\"mce_SELRES_start\"><\/span><div><h2>Gi\u1edbi thi\u1ec7u tr\u01b0\u1eddng<\/h2><\/div><\/div><main><div class=\"container common\"><div class=\"row column2\"><!-- \u30b5\u30a4\u30c9\u30e1\u30cb\u30e5\u30fc --><div class=\"col-sm-3 d-sm-none\"><ul class=\"side-menu\"><li><a href=\"https:\/\/www.shintomi.jp\/aboutus\/#about\">V\u1ec1 Tr\u01b0\u1eddng Ng\u00f4n ng\u1eef Qu\u1ed1c t\u1ebf Shintomi<\/a><\/li><li><a href=\"https:\/\/www.shintomi.jp\/aboutus\/#philosophy\">Tri\u1ebft l\u00fd gi\u00e1o d\u1ee5c<\/a><\/li><li><a href=\"https:\/\/www.shintomi.jp\/aboutus\/#greeting\">L\u1eddi ch\u00e0o<\/a><\/li><li><a href=\"https:\/\/www.shintomi.jp\/aboutus\/#access\">truy c\u1eadp<\/a><\/li><li><a href=\"https:\/\/www.shintomi.jp\/aboutus\/#evaluation\">T\u1ef1 ki\u1ec3m tra v\u00e0 \u0111\u00e1nh gi\u00e1<\/a><\/li><\/ul><\/div><!-- \u30b3\u30f3\u30c6\u30f3\u30c4 --><div class=\"col-sm-12 mt-5 mt-sm-0\"><a id=\"about\" class=\"anchor2\"><\/a><div class=\"down-to-top\"><h3>V\u1ec1 Tr\u01b0\u1eddng Ng\u00f4n ng\u1eef Qu\u1ed1c t\u1ebf Shintomi<\/h3><div class=\"row mt-5\"><div class=\"col-sm-6 left-to-right spD\"><p>Tr\u01b0\u1eddng ch\u00fang t\u00f4i \u0111\u01b0\u1ee3c th\u00e0nh l\u1eadp v\u00e0o n\u0103m 2016 v\u1edbi t\u01b0 c\u00e1ch l\u00e0 m\u1ed9t tr\u01b0\u1eddng \u0111\u00f3ng vai tr\u00f2 trong vi\u1ec7c ph\u00e1t tri\u1ec3n ngu\u1ed3n nh\u00e2n l\u1ef1c, nh\u1eefng ng\u01b0\u1eddi c\u00f3 th\u1ec3 t\u00ecm hi\u1ec3u v\u00e0 hi\u1ec3u v\u0103n h\u00f3a c\u1ee7a nhau th\u00f4ng qua vi\u1ec7c h\u1ecdc t\u1eadp t\u1ea1i Nh\u1eadt B\u1ea3n v\u00e0 \u0111\u00f3ng g\u00f3p v\u00e0o s\u1ef1 ph\u00e1t tri\u1ec3n c\u1ee7a c\u1ed9ng \u0111\u1ed3ng qu\u1ed1c t\u1ebf.<\/p><p>N\u00f3 c\u00f3 m\u1ed9t b\u1ea7u kh\u00f4ng kh\u00ed vui v\u1ebb v\u00e0 gi\u1ea3n d\u1ecb, v\u00e0 ch\u00fang t\u00f4i \u0111\u00e1nh gi\u00e1 cao m\u1ed7i v\u00e0 m\u1ecdi sinh vi\u00ean t\u1eeb c\u00e1c qu\u1ed1c gia kh\u00e1c nhau.<br>B\u1eb1ng c\u00e1ch h\u1ecdc c\u00f9ng v\u1edbi sinh vi\u00ean t\u1eeb nhi\u1ec1u qu\u1ed1c gia, b\u1ea1n c\u00f3 th\u1ec3 t\u00ecm hi\u1ec3u v\u1ec1 Nh\u1eadt B\u1ea3n v\u00e0 c\u00e1c qu\u1ed1c gia kh\u00e1c, v\u00e0 b\u1ea1n c\u00f3 th\u1ec3 c\u00f3 \u0111\u01b0\u1ee3c c\u1ea3m gi\u00e1c qu\u1ed1c t\u1ebf m\u00e0 kh\u00f4ng h\u1ec1 bi\u1ebft.<\/p><p>Chiba, n\u01a1i c\u00f3 Tr\u01b0\u1eddng Ng\u00f4n ng\u1eef Qu\u1ed1c t\u1ebf Shintomi, li\u1ec1n k\u1ec1 v\u1edbi Tokyo v\u00e0 c\u00f3 giao th\u00f4ng thu\u1eadn ti\u1ec7n, l\u00e0m cho n\u00f3 tr\u1edf th\u00e0nh m\u1ed9t m\u00f4i tr\u01b0\u1eddng r\u1ea5t tho\u1ea3i m\u00e1i \u0111\u1ec3 sinh s\u1ed1ng. Khu v\u1ef1c xung quanh tr\u01b0\u1eddng l\u00e0 m\u1ed9t khu d\u00e2n c\u01b0 y\u00ean t\u0129nh, v\u00e0 \u0111\u00f3 l\u00e0 m\u1ed9t m\u00f4i tr\u01b0\u1eddng h\u1ecdc t\u1eadp r\u1ea5t t\u1ed1t.<\/p><p>Tr\u01b0\u1eddng ch\u00fang t\u00f4i l\u00e0 m\u1ed9t t\u1ed5 ch\u1ee9c gi\u00e1o d\u1ee5c ph\u1ee5c v\u1ee5 nh\u01b0 m\u1ed9t b\u01b0\u1edbc \u0111\u1ec3 sinh vi\u00ean x\u00e2y d\u1ef1ng s\u1ef1 nghi\u1ec7p t\u01b0\u01a1ng lai c\u1ee7a h\u1ecd, nh\u01b0ng ch\u00fang t\u00f4i c\u0169ng h\u01b0\u1edbng \u0111\u1ebfn &#8220;ph\u00e1t tri\u1ec3n ngu\u1ed3n nh\u00e2n l\u1ef1c to\u00e0n c\u1ea7u, nh\u1eefng ng\u01b0\u1eddi c\u00f3 th\u1ec3 Nh\u1eadt B\u1ea3n b\u1eb1ng c\u00e1ch t\u1ea1o ra nhi\u1ec1u c\u01a1 h\u1ed9i \u0111\u1ec3 t\u00ecm hi\u1ec3u v\u1ec1 v\u0103n h\u00f3a v\u00e0 phong t\u1ee5c Nh\u1eadt B\u1ea3n v\u00e0 c\u00e1ch suy ngh\u0129 c\u1ee7a ng\u01b0\u1eddi d\u00e2n Nh\u1eadt B\u1ea3n.&#8221;<\/p><\/div><div class=\"col-sm-6 right-to-left spD mt-3 mt-sm-0\"><img decoding=\"async\" class=\"img-fluid\" src=\"https:\/\/www.shintomi.jp\/wp-content\/themes\/shintomi\/images\/aboutus-img01.jpg\" alt=\"V\u1ec1 Tr\u01b0\u1eddng Ng\u00f4n ng\u1eef Qu\u1ed1c t\u1ebf Shintomi\"><\/div><\/div><\/div><a id=\"philosophy\" class=\"anchor\"><\/a><div class=\"down-to-top mt-6\"><h3>Tri\u1ebft l\u00fd gi\u00e1o d\u1ee5c<\/h3><h4 class=\"mt-5\">M\u1ee5c \u0111\u00edch v\u00e0 tri\u1ebft l\u00fd<\/h4><p>Tr\u01b0\u1eddng Ng\u00f4n ng\u1eef Qu\u1ed1c t\u1ebf Shintomi cung c\u1ea5p m\u1ed9t n\u01a1i m\u00e0 sinh vi\u00ean c\u00f3 th\u1ec3 &#8220;ph\u00e1t tri\u1ec3n ngu\u1ed3n nh\u00e2n l\u1ef1c to\u00e0n c\u1ea7u t\u1eeb Nh\u1eadt B\u1ea3n&#8221; \u0111\u1ec3 h\u1ecd c\u00f3 th\u1ec3 k\u1ebft h\u1ee3p nh\u1eefng g\u00ec t\u1ed1t nh\u1ea5t c\u1ee7a \u0111\u1ea5t n\u01b0\u1edbc h\u1ecd v\u00e0 Nh\u1eadt B\u1ea3n v\u00e0 t\u1eadn d\u1ee5ng n\u00f3.<br>Ch\u00fang t\u00f4i s\u1ebd c\u1ea3i thi\u1ec7n c\u00e1c k\u1ef9 n\u0103ng c\u01a1 b\u1ea3n c\u1ee7a ti\u1ebfng Nh\u1eadt th\u00f4ng qua giao ti\u1ebfp t\u00edch c\u1ef1c, v\u00e0 th\u00fac \u0111\u1ea9y vi\u1ec7c h\u1ecdc ti\u1ebfng Nh\u1eadt th\u1ef1c t\u1ebf v\u00e0 hi\u1ec3u bi\u1ebft v\u1ec1 th\u00f3i quen Nh\u1eadt B\u1ea3n cho sinh vi\u00ean nh\u1eb1m t\u00ecm vi\u1ec7c l\u00e0m ho\u1eb7c ti\u1ebfp t\u1ee5c h\u1ecdc cao h\u01a1n, v\u00e0 l\u00e0m vi\u1ec7c \u0111\u1ec3 th\u1ef1c hi\u1ec7n \u01b0\u1edbc m\u01a1 c\u1ee7a m\u1ed7i c\u00e1 nh\u00e2n.<\/p><h4 class=\"mt-5\">M\u1ee5c ti\u00eau gi\u00e1o d\u1ee5c<\/h4><p>Tr\u01b0\u1eddng ch\u00fang t\u00f4i c\u00f3 tri\u1ebft l\u00fd &#8220;b\u1ed3i d\u01b0\u1ee1ng ngu\u1ed3n nh\u00e2n l\u1ef1c to\u00e0n c\u1ea7u t\u1eeb Nh\u1eadt B\u1ea3n&#8221;, v\u00e0 ch\u00fang t\u00f4i nu\u00f4i d\u01b0\u1ee1ng nh\u1eefng ng\u01b0\u1eddi c\u00f3 th\u1ec3 giao ti\u1ebfp ph\u00f9 h\u1ee3p b\u1eb1ng ti\u1ebfng Nh\u1eadt v\u00e0 ng\u00f4n ng\u1eef m\u1eb9 \u0111\u1ebb c\u1ee7a h\u1ecd b\u1ea5t k\u1ec3 h\u1ecd ph\u1ea3i \u0111\u1ed1i m\u1eb7t v\u1edbi t\u00ecnh hu\u1ed1ng n\u00e0o.<br>Th\u00f4ng qua vi\u1ec7c h\u1ecdc t\u1ea1i tr\u01b0\u1eddng c\u1ee7a ch\u00fang t\u00f4i, ch\u00fang t\u00f4i mong mu\u1ed1n t\u1ea1o ra m\u1ed9t b\u1ea7u kh\u00f4ng kh\u00ed n\u01a1i h\u1ecdc sinh tr\u00e0n \u0111\u1ea7y t\u1ef1 tin v\u00e0 m\u1ec9m c\u01b0\u1eddi t\u1eeb \u0111\u1ea7u \u0111\u1ebfn cu\u1ed1i, v\u00e0 ph\u00e1t tri\u1ec3n ch\u00fang \u0111\u1ec3 ch\u00fang c\u00f3 th\u1ec3 tr\u1edf th\u00e0nh nh\u1eefng ng\u01b0\u1eddi c\u00f3 th\u1ec3 d\u1eabn d\u1eaft nh\u1eefng ng\u01b0\u1eddi xung quanh \u0111\u1ebfn h\u1ea1nh ph\u00fac.<\/p><h4 class=\"mt-5\">M\u1ee5c ti\u00eau gi\u00e1o d\u1ee5c<\/h4><p>Ch\u00fang t\u00f4i mong mu\u1ed1n ph\u00e1t tri\u1ec3n ngu\u1ed3n nh\u00e2n l\u1ef1c c\u00f3 th\u1ec3 \u0111\u00f3ng vai tr\u00f2 t\u00edch c\u1ef1c trong m\u00f4i tr\u01b0\u1eddng to\u00e0n c\u1ea7u, n\u01a1i m\u1ecdi ng\u01b0\u1eddi t\u1eeb c\u00e1c n\u1ec1n v\u0103n h\u00f3a, phong t\u1ee5c, gi\u00e1 tr\u1ecb v\u00e0 v\u1ecb tr\u00ed kh\u00e1c nhau c\u00f3 th\u1ec3 t\u00f4n tr\u1ecdng, hi\u1ec3u, h\u1ee3p t\u00e1c v\u00e0 \u0111\u00f3ng g\u00f3p cho x\u00e3 h\u1ed9i.<br>H\u1ecdc sinh s\u1ebd t\u00f4n tr\u1ecdng s\u1ef1 \u0111a d\u1ea1ng v\u00e0 ph\u00e1t tri\u1ec3n kh\u1ea3 n\u0103ng dang r\u1ed9ng \u0111\u00f4i c\u00e1nh c\u1ee7a m\u00ecnh trong t\u01b0\u01a1ng lai.<br>M\u1ee5c ti\u00eau c\u1ee7a ch\u00fang t\u00f4i l\u00e0 nu\u00f4i d\u01b0\u1ee1ng nh\u1eefng sinh vi\u00ean c\u00f3 th\u1ec3 h\u1ecdc nh\u1eefng \u0111i\u1ec1u n\u00e2ng cao h\u01a1n \u1edf Nh\u1eadt B\u1ea3n v\u00e0 v\u01b0\u1ee3t qua b\u00e0i ki\u1ec3m tra tr\u00ecnh \u0111\u1ed9 ti\u1ebfng Nh\u1eadt (N2) tr\u1edf l\u00ean \u0111\u1ec3 h\u1ecd c\u00f3 th\u1ec3 s\u1eed d\u1ee5ng n\u00f3 trong th\u1ef1c t\u1ebf.<\/p><\/div><a id=\"greeting\" class=\"anchor\"><\/a><div class=\"down-to-top mt-6\"><h3>L\u1eddi ch\u00e0o<\/h3><h4 class=\"mt-5\">L\u1eddi ch\u00e0o c\u1ee7a T\u1ed5ng th\u1ed1ng<\/h4><div class=\"row mt-4\"><div class=\"col-sm-4 left-to-right spD\"><img decoding=\"async\" class=\"img-fluid\" src=\"https:\/\/www.shintomi.jp\/wp-content\/themes\/shintomi\/images\/aboutus-img02.jpg\" alt=\"Ch\u1ee7 t\u1ecbch: Kazuyuki Miyake\"><\/div><div class=\"col-sm-8 right-to-left spD mt-4 mt-sm-0\"><p>Xin ch\u00e0o t\u1ea5t c\u1ea3 m\u1ecdi ng\u01b0\u1eddi, \u00f4ng \/ b\u00e0, t\u00f4i l\u00e0 Kazuyuki Miyake.<\/p><p>Gi\u1ed1ng nh\u01b0 t\u1ea5t c\u1ea3 c\u00e1c sinh vi\u00ean, t\u00f4i \u0111\u00e3 \u0111i du h\u1ecdc nh\u01b0 t\u1ea5t c\u1ea3 c\u00e1c \u00f4ng \/ b\u00e0. M\u1ed9t trong nh\u1eefng \u0111i\u1ec1u m\u00e0 t\u00f4i nh\u1eadn ra m\u1ed9t l\u1ea7n n\u1eefa khi s\u1ed1ng \u1edf n\u01b0\u1edbc ngo\u00e0i l\u00e0 &#8220;l\u00f2ng t\u1ed1t c\u1ee7a Nh\u1eadt B\u1ea3n&#8221; v\u00e0 &#8220;c\u1ea3m gi\u00e1c bi\u1ebft \u01a1n gia \u0111\u00ecnh t\u00f4i&#8221;.<\/p><p>T\u00f4i hy v\u1ecdng r\u1eb1ng anh \/ c\u00f4 s\u1ebd nh\u1eadn ra &#8220;c\u00e1i t\u1ed1t c\u1ee7a qu\u00ea h\u01b0\u01a1ng&#8221; th\u00f4ng qua cu\u1ed9c s\u1ed1ng du h\u1ecdc t\u1ea1i Nh\u1eadt B\u1ea3n, v\u00e0 s\u1ebd h\u1ecdc t\u1eadp ch\u0103m ch\u1ec9 t\u1ea1i Tr\u01b0\u1eddng Ngo\u1ea1i ng\u1eef Qu\u1ed1c t\u1ebf Shintomi m\u00e0 kh\u00f4ng qu\u00ean c\u1ea3m gi\u00e1c bi\u1ebft \u01a1n gia \u0111\u00ecnh v\u00e0 cha m\u1eb9 \u0111\u00e3 cho ph\u00e9p h\u1ecd \u0111i du h\u1ecdc.<\/p><p>Tr\u01b0\u1eddng Ng\u00f4n ng\u1eef Qu\u1ed1c t\u1ebf Shintomi l\u00e0 n\u01a1i m\u00e0 t\u1ea5t c\u1ea3 m\u1ecdi ng\u01b0\u1eddi c\u00f3 th\u1ec3 d\u00e0nh m\u1ed7i ng\u00e0y v\u1edbi m\u1ed9t n\u1ee5 c\u01b0\u1eddi v\u00e0 h\u1ecdc h\u1ecfi trong khi vui ch\u01a1i.<br>Ch\u00fang t\u00f4i s\u1ebd t\u1ea1o ra m\u1ed9t m\u00f4i tr\u01b0\u1eddng n\u01a1i sinh vi\u00ean c\u00f3 th\u1ec3 t\u1ef1 h\u00e0o n\u00f3i r\u1eb1ng, &#8220;T\u00f4i r\u1ea5t vui v\u00ec t\u00f4i \u0111\u00e3 h\u1ecdc t\u1ea1i H\u1ecdc vi\u1ec7n Ng\u00f4n ng\u1eef Qu\u1ed1c t\u1ebf Shintomi&#8221; khi h\u1ecd t\u1ed1t nghi\u1ec7p.<\/p><p>H\u00e3y l\u00e0m vi\u1ec7c c\u00f9ng v\u1edbi sinh vi\u00ean, gia \u0111\u00ecnh, gi\u1ea3ng vi\u00ean, nh\u00e2n vi\u00ean v\u00e0 \u0111\u1ea1i l\u00fd c\u1ee7a h\u1ecd \u0111\u1ec3 l\u00e0m cho cu\u1ed9c s\u1ed1ng sinh vi\u00ean c\u1ee7a h\u1ecd t\u1ed1t h\u01a1n.<br>V\u00e0 x\u00e2y d\u1ef1ng m\u1ed9t m\u1ea1ng l\u01b0\u1edbi to\u00e0n c\u1ea7u s\u1ebd d\u1eabn b\u1ea1n \u0111\u1ebfn t\u01b0\u01a1ng lai.<\/p><p class=\"lead text-end\">Ch\u1ee7 t\u1ecbch: Kazuyuki Miyake<\/p><\/div><\/div><h4 class=\"mt-5\">L\u1eddi ch\u00e0o t\u1eeb Hi\u1ec7u tr\u01b0\u1edfng<\/h4><div class=\"row mt-4\"><div class=\"col-sm-4 left-to-right spD\"><img decoding=\"async\" class=\"img-fluid\" src=\"https:\/\/www.shintomi.jp\/wp-content\/themes\/shintomi\/images\/aboutus-img03.jpg\" alt=\"Hi\u1ec7u tr\u01b0\u1edfng Kondo Hideho\"><\/div><div class=\"col-sm-8 right-to-left spD mt-4 mt-sm-0\"><p>Xin ch\u00e0o \u00f4ng\/b\u00e0! T\u00f4i l\u00e0 Kondo, hi\u1ec7u tr\u01b0\u1edfng Tr\u01b0\u1eddng Ng\u00f4n ng\u1eef Qu\u1ed1c t\u1ebf Shintomi.<br>C\u1ea3m \u01a1n b\u1ea1n \u0111\u00e3 gh\u00e9 th\u0103m trang web c\u1ee7a Vi\u1ec7n Ng\u00f4n ng\u1eef Qu\u1ed1c t\u1ebf Shintomi.<\/p><p>Ch\u00fang t\u00f4i, nh\u00e2n vi\u00ean c\u1ee7a Tr\u01b0\u1eddng Ng\u00f4n ng\u1eef Qu\u1ed1c t\u1ebf Shintomi, mu\u1ed1n ch\u0103m s\u00f3c t\u1eebng Mr.\/Ms..<br>Ch\u1ec9 c\u00f3 sinh vi\u00ean m\u1edbi c\u00f3 th\u1ec3 s\u1ed1ng Mr.\/Ms. t\u1ea1i Nh\u1eadt B\u1ea3n v\u00e0 y\u00ean t\u00e2m. \u0110\u1ec3 c\u00f3 th\u1ec3 h\u1ecdc ti\u1ebfng Nh\u1eadt h\u1eefu \u00edch. V\u00e0 \u0111\u1ec3 c\u00f3 th\u1ec3 bi\u1ebfn \u01b0\u1edbc m\u01a1 c\u1ee7a m\u00ecnh th\u00e0nh hi\u1ec7n th\u1ef1c. \u0110\u00e2y l\u00e0 m\u1ee5c ti\u00eau c\u1ee7a ch\u00fang t\u00f4i, hy v\u1ecdng c\u1ee7a ch\u00fang t\u00f4i.<\/p><p>T\u1ea1i H\u1ecdc vi\u1ec7n Ng\u00f4n ng\u1eef Qu\u1ed1c t\u1ebf Shintomi, sinh vi\u00ean t\u1eeb nhi\u1ec1u qu\u1ed1c gia kh\u00e1c nhau \u0111ang t\u1eadn h\u01b0\u1edfng vi\u1ec7c h\u1ecdc c\u1ee7a h\u1ecd.<br>T\u1ea1i \u0111\u00e2y, b\u1ea1n s\u1ebd c\u00f3 th\u1ec3 nghi\u00ean c\u1ee9u v\u0103n h\u00f3a c\u1ee7a kh\u00f4ng ch\u1ec9 Nh\u1eadt B\u1ea3n m\u00e0 c\u00f2n c\u1ee7a nhi\u1ec1u qu\u1ed1c gia kh\u00e1c nhau.<br>Tr\u01b0\u1eddng Ng\u00f4n ng\u1eef Qu\u1ed1c t\u1ebf Shintomi s\u1ebd c\u1ed1 g\u1eafng h\u1ebft s\u1ee9c \u0111\u1ec3 h\u1ed7 tr\u1ee3 \u00f4ng \/ b\u00e0 \u0111ang l\u00e0m h\u1ebft s\u1ee9c m\u00ecnh.<\/p><p>N\u1ebfu b\u1ea1n th\u00edch, t\u1ea1i sao b\u1ea1n kh\u00f4ng h\u1ecdc v\u1edbi ch\u00fang t\u00f4i? Ch\u00fang t\u00f4i r\u1ea5t mong \u0111\u01b0\u1ee3c g\u1eb7p \u00f4ng \/ b\u00e0.<\/p><p class=\"lead text-end\">Hi\u1ec7u tr\u01b0\u1edfng Kondo Hideho<\/p><\/div><\/div><\/div><a id=\"access\" class=\"anchor\"><\/a><div class=\"down-to-top mt-6\"><h3>truy c\u1eadp<\/h3><div class=\"row access about mt-4 mt-sm-5\"><div class=\"col-sm-7 right-to-left spD order-sm-2\"><div class=\"gmap small\"><iframe loading=\"lazy\" style=\"border: 0;\" src=\"https:\/\/www.google.com\/maps\/embed?pb=!1m18!1m12!1m3!1d3242.0448355858925!2d140.06912987578636!3d35.65126697259697!2m3!1f0!2f0!3f0!3m2!1i1024!2i768!4f13.1!3m3!1m2!1s0x602283c534747dbf%3A0x5d6f63f5d0e0c534!2z44CSMjYyLTAwMjIg5Y2D6JGJ55yM5Y2D6JGJ5biC6Iqx6KaL5bed5Yy65Y2X6Iqx5ZyS77yS5LiB55uu77yV4oiS77yR77yZIOaWsOWvjOWbvemam-ODk-ODqw!5e0!3m2!1sja!2sjp!4v1706967172294!5m2!1sja!2sjp\" width=\"600\" height=\"450\" allowfullscreen=\"allowfullscreen\"><\/iframe><\/div><\/div><div class=\"col-sm-5 left-to-right spD mt-4 mt-sm-0 order-sm-1\"><table class=\"table-1 w-100\"><tbody><tr><th>\u0110\u1ecba ch\u1ec9\u3012<\/th><td>262-0022<br> Chiba, Chiba-shi, Hanamigawa-ku, Minami-Hanazono 2-5-19<\/td><\/tr><tr><th>\u0110T<\/th><td class=\"tel\">\r\n  <span data-action=\"call\">: 043-276-5828<\/span>\r\n<\/td><\/tr><tr><th>S\u1ed0 FAX:<\/th><td>043-307-5524<\/td><\/tr><tr><th>Ga g\u1ea7n nh\u1ea5t:<\/th> <td>JR Shinkenmigawa Station 5 ph\u00fat \u0111i b\u1ed9, Keisei Kenmigawa Station 8 ph\u00fat \u0111i b\u1ed9<\/td><\/tr><\/tbody><\/table><\/div><\/div><\/div><a id=\"evaluation\" class=\"anchor\"><\/a><div class=\"down-to-top mt-6\"><h3>T\u1ef1 ki\u1ec3m tra v\u00e0 \u0111\u00e1nh gi\u00e1<\/h3><h4 class=\"mt-5\">\u0110\u1ec3 bi\u1ebft th\u00eam th\u00f4ng tin v\u1ec1 b\u00e1o c\u00e1o t\u1ef1 ki\u1ec3m tra v\u00e0 t\u1ef1 \u0111\u00e1nh gi\u00e1, vui l\u00f2ng nh\u1ea5p v\u00e0o li\u00ean k\u1ebft b\u00ean d\u01b0\u1edbi.<\/h4><p><a href=\"https:\/\/www.shintomi.jp\/wp-content\/uploads\/2024\/06\/2020%E5%B9%B4%E5%BA%A6%E8%87%AA%E5%B7%B1%E7%82%B9%E6%A4%9C_HP%E6%8E%B2%E8%BC%89%E7%94%A8.pdf\" target=\"_new\" rel=\"noopener\">2020<\/a>\u3000<a href=\"https:\/\/www.shintomi.jp\/wp-content\/uploads\/2024\/06\/2021%E5%B9%B4%E5%BA%A6%E8%87%AA%E5%B7%B1%E7%82%B9%E6%A4%9C_HP%E6%8E%B2%E8%BC%89%E7%94%A8.pdf\" target=\"_new\" rel=\"noopener\">2021<\/a>\u3000<a href=\"https:\/\/www.shintomi.jp\/wp-content\/uploads\/2024\/06\/2022%E5%B9%B4%E5%BA%A6%E8%87%AA%E5%B7%B1%E7%82%B9%E6%A4%9C_HP%E6%8E%B2%E8%BC%89%E7%94%A8.pdf\" target=\"_new\" rel=\"noopener\">2022<\/a>\u3000<a href=\"\/wp-content\/themes\/shintomi\/doc\/self-assessment-2023.pdf\" target=\"_new\" rel=\"noopener\">2023<\/a>\u3000<a href=\"\/wp-content\/themes\/shintomi\/doc\/self-assessment-2024.pdf\" target=\"_new\" rel=\"noopener\">2024<\/a><\/p><\/div><\/div><!-- \/\u30b3\u30f3\u30c6\u30f3\u30c4 --><\/div><!-- \/row column --><div class=\"full-width contact mt-6\"><div class=\"container down-to-top\"><div class=\"colorbox white contact\"><h3>Li\u00ean h\u1ec7 v\u1edbi ch\u00fang t\u00f4i<\/h3><p class=\"mt-4 mt-sm-5\">Xin vui l\u00f2ng \u0111\u1eb7t c\u00e2u h\u1ecfi v\u00e0 tham kh\u1ea3o \u00fd ki\u1ebfn v\u1edbi ch\u00fang t\u00f4i.<\/p><div class=\"row mt-4 mt-sm-5\"><div class=\"col-sm-6\"><p class=\"contact-tel mb-0\"><i class=\"fa fa-phone-square me-3\" aria-hidden=\"true\"><\/i><span data-action=\"call\">043-276-5828<\/span><\/p><p class=\"time mt-1 mb-0\">Gi\u1edd ti\u1ebfp t\u00e2n: C\u00e1c ng\u00e0y trong tu\u1ea7n 9: 00 ~ 17: 00<\/p><\/div><div class=\"col-sm-6 mt-4 mt-sm-0\"><a class=\"btn contact-lg\" href=\".. \/s\u1ef1 ti\u1ebfp x\u00fac\"><i class=\"fa fa-envelope me-2\" aria-hidden=\"true\"><\/i>Li\u00ean h\u1ec7 v\u1edbi ch\u00fang t\u00f4i<\/a><\/div><\/div><\/div><\/div><\/div><\/div><!-- \/container --><\/main>","protected":false},"excerpt":{"rendered":"Gi\u1edbi thi\u1ec7u tr\u01b0\u1eddngV\u1ec1 Tr\u01b0\u1eddng Ng\u00f4n ng\u1eef Qu\u1ed1c t\u1ebf ShintomiTri\u1ebft l\u00fd gi\u00e1o d\u1ee5cL\u1eddi ch\u00e0otruy c\u1eadpT\u1ef1 ki\u1ec3m tra v\u00e0 \u0111\u00e1nh gi\u00e1V\u1ec1 Tr\u01b0\u1eddng Ng\u00f4n ng\u1eef Qu\u1ed1c t\u1ebf ShintomiTr\u01b0\u1eddng ch\u00fang t\u00f4i \u0111\u01b0\u1ee3c th\u00e0nh l\u1eadp v\u00e0o n\u0103m 2016 v\u1edbi t\u01b0 c\u00e1ch l\u00e0 m\u1ed9t tr\u01b0\u1eddng \u0111\u00f3ng vai tr\u00f2 trong vi\u1ec7c ph\u00e1t tri\u1ec3n ngu\u1ed3n nh\u00e2n l\u1ef1c, nh\u1eefng ng\u01b0\u1eddi c\u00f3 th\u1ec3 t\u00ecm hi\u1ec3u v\u00e0 hi\u1ec3u v\u0103n h\u00f3a c\u1ee7a nhau th\u00f4ng qua vi\u1ec7c h\u1ecdc t\u1eadp t\u1ea1i Nh\u1eadt B\u1ea3n v\u00e0 \u0111\u00f3ng g\u00f3p v\u00e0o s\u1ef1 ph\u00e1t tri\u1ec3n c\u1ee7a c\u1ed9ng \u0111\u1ed3ng qu\u1ed1c t\u1ebf.N\u00f3 c\u00f3 m\u1ed9t b\u1ea7u kh\u00f4ng kh\u00ed vui v\u1ebb v\u00e0 gi\u1ea3n d\u1ecb, v\u00e0 ch\u00fang t\u00f4i \u0111\u00e1nh gi\u00e1 cao m\u1ed7i v\u00e0 m\u1ecdi sinh vi\u00ean t\u1eeb c\u00e1c qu\u1ed1c gia kh\u00e1c nhau.B\u1eb1ng c\u00e1ch h\u1ecdc [&hellip;]","protected":false},"author":1,"featured_media":389,"parent":0,"menu_order":0,"comment_status":"closed","ping_status":"closed","template":"","meta":{"footnotes":""},"class_list":["post-88","page","type-page","status-publish","has-post-thumbnail","hentry"],"_links":{"self":[{"href":"https:\/\/www.shintomi.jp\/vi\/wp-json\/wp\/v2\/pages\/88","targetHints":{"allow":["GET"]}}],"collection":[{"href":"https:\/\/www.shintomi.jp\/vi\/wp-json\/wp\/v2\/pages"}],"about":[{"href":"https:\/\/www.shintomi.jp\/vi\/wp-json\/wp\/v2\/types\/page"}],"author":[{"embeddable":true,"href":"https:\/\/www.shintomi.jp\/vi\/wp-json\/wp\/v2\/users\/1"}],"replies":[{"embeddable":true,"href":"https:\/\/www.shintomi.jp\/vi\/wp-json\/wp\/v2\/comments?post=88"}],"version-history":[{"count":15,"href":"https:\/\/www.shintomi.jp\/vi\/wp-json\/wp\/v2\/pages\/88\/revisions"}],"predecessor-version":[{"id":1560,"href":"https:\/\/www.shintomi.jp\/vi\/wp-json\/wp\/v2\/pages\/88\/revisions\/1560"}],"wp:featuredmedia":[{"embeddable":true,"href":"https:\/\/www.shintomi.jp\/vi\/wp-json\/"}],"wp:attachment":[{"href":"https:\/\/www.shintomi.jp\/vi\/wp-json\/wp\/v2\/media?parent=88"}],"curies":[{"name":"wp","href":"https:\/\/api.w.org\/{rel}","templated":true}]}}