{"id":74,"date":"2024-03-13T07:30:11","date_gmt":"2024-03-13T07:30:11","guid":{"rendered":"http:\/\/www.shintomi.jp\/lien-he-voi-chung-toi\/"},"modified":"2024-06-07T08:51:25","modified_gmt":"2024-06-07T08:51:25","slug":"lien-he-voi-chung-toi","status":"publish","type":"page","link":"https:\/\/www.shintomi.jp\/vi\/lien-he-voi-chung-toi\/","title":{"rendered":"Li\u00ean h\u1ec7"},"content":{"rendered":"<div class=\"header-img contact\">\n  <div><h2>Li\u00ean h\u1ec7<\/h2><\/div>\n<\/div>\n\n  <main>\n\t<div class=\"container common\">\n\t  <div class=\"row column2\">\n\t    <!-- \u30b5\u30a4\u30c9\u30e1\u30cb\u30e5\u30fc -->\n\t    <div class=\"col-sm-3 d-sm-none\">\n\t\t  <ul class=\"side-menu\">\n            <li><a href=\"https:\/\/www.shintomi.jp\/contact\/#contact_form\">M\u1eabu y\u00eau c\u1ea7u<\/a><\/li>\n\t\t\t<li><a href=\"https:\/\/www.shintomi.jp\/contact\/#privacy_policy\">Ch\u00ednh s\u00e1ch b\u1ea3o m\u1eadt<\/a><\/li>\n          <\/ul>\n\t\t<\/div>\n\t\t\n\t\t<!-- \u30b3\u30f3\u30c6\u30f3\u30c4 -->\n\t\t<div class=\"col-sm-12 mt-5 mt-sm-0\">\n\t\t  <a id=\"contact_form\" class=\"anchor2\"><\/a>\n          <div class=\"down-to-top contact\">\n\t        <h3>M\u1eabu y\u00eau c\u1ea7u<\/h3>\n  \t        <p class=\"text-md-center mt-5\">C\u1ea3m \u01a1n b\u1ea1n \u0111\u00e3 y\u00eau c\u1ea7u c\u1ee7a b\u1ea1n \u0111\u1ebfn Vi\u1ec7n Ng\u00f4n ng\u1eef Qu\u1ed1c t\u1ebf Shintomi.<\/p>\n\t\t    <p class=\"text-md-center\">Ngay sau khi ch\u00fang t\u00f4i x\u00e1c nh\u1eadn n\u1ed9i dung, ch\u00fang t\u00f4i s\u1ebd li\u00ean h\u1ec7 v\u1edbi b\u1ea1n qua \u0111i\u1ec7n tho\u1ea1i ho\u1eb7c email.<br class=\"d-none d-md-block\">T\u00f9y thu\u1ed9c v\u00e0o n\u1ed9i dung y\u00eau c\u1ea7u c\u1ee7a b\u1ea1n, c\u00f3 th\u1ec3 m\u1ea5t m\u1ed9t ch\u00fat th\u1eddi gian \u0111\u1ec3 tr\u1ea3 l\u1eddi.<\/p>\n\t\t    <p class=\"text-md-center\">Ngo\u00e0i ra, ch\u00fang t\u00f4i kh\u00f4ng th\u1ec3 tr\u1ea3 l\u1eddi b\u1ea1n do \u0111\u1ecba ch\u1ec9 e-mail kh\u00e1c ho\u1eb7c l\u1ed7i h\u1ec7 th\u1ed1ng.<br class=\"d-none d-md-block\">N\u1ebfu b\u1ea1n kh\u00f4ng nh\u1eadn \u0111\u01b0\u1ee3c ph\u1ea3n h\u1ed3i, vui l\u00f2ng li\u00ean h\u1ec7 v\u1edbi ch\u00fang t\u00f4i qua \u0111i\u1ec7n tho\u1ea1i.<\/p>\n\t\t    <div class=\"colorbox blue text-center\">\n\t\t      <p><i class=\"fa fa-star txt-blue\" aria-hidden=\"true\"><\/i>  Ch\u00fang t\u00f4i c\u0169ng ch\u1ea5p nh\u1eadn y\u00eau c\u1ea7u qua \u0111i\u1ec7n tho\u1ea1i.<\/p>\n\t\t      <p class=\"p-contact font-weight-bold mb-0\">TEL.  <span data-action=\"call\">043-276-5828<\/span><\/p>\n\t\t      <p class=\"mt-1 mb-0\">Th\u1eddi gian ti\u1ebfp nh\u1eadn Ng\u00e0y th\u01b0\u1eddng 9:00\uff5e17:00<\/p>\n\t\t    <\/div>\n\t\t\t\n\t\t\t<div class=\"mt-5\">\n\t\t\t  <style id=\"wpforms-css-vars-413\">\n\t\t\t\t#wpforms-413 {\n\t\t\t\t\n\t\t\t}\n\t\t\t<\/style><div class=\"wpforms-container wpforms-container-full wpforms-render-modern\" id=\"wpforms-413\"><form id=\"wpforms-form-413\" class=\"wpforms-validate wpforms-form wpforms-ajax-form\" data-formid=\"413\" method=\"post\" enctype=\"multipart\/form-data\" action=\"\/vi\/wp-json\/wp\/v2\/pages\/74\" data-token=\"85338c34d2423e7ce5491115c1490324\" data-token-time=\"1776417696\"><noscript class=\"wpforms-error-noscript\">Please enable JavaScript in your browser to complete this form.<\/noscript><div id=\"wpforms-error-noscript\" style=\"display: none;\">Please enable JavaScript in your browser to complete this form.<\/div><div class=\"wpforms-field-container\"><div id=\"wpforms-413-field_8-container\" class=\"wpforms-field wpforms-field-name\" data-field-id=\"8\"><label class=\"wpforms-field-label\" for=\"wpforms-413-field_8\">T\u00ean b\u1ea1n <span class=\"wpforms-required-label\" aria-hidden=\"true\">*<\/span><\/label><input type=\"text\" id=\"wpforms-413-field_8\" class=\"wpforms-field-medium wpforms-field-required\" name=\"wpforms[fields][8]\" placeholder=\"v\u00ed d\u1ee5: Kazuyuki Miyake\" aria-errormessage=\"wpforms-413-field_8-error\" required><\/div><div id=\"wpforms-413-field_7-container\" class=\"wpforms-field wpforms-field-email\" data-field-id=\"7\"><label class=\"wpforms-field-label\" for=\"wpforms-413-field_7\">\u0110\u1ecba ch\u1ec9 email <span class=\"wpforms-required-label\" aria-hidden=\"true\">*<\/span><\/label><input type=\"email\" id=\"wpforms-413-field_7\" class=\"wpforms-field-medium wpforms-field-required\" name=\"wpforms[fields][7]\" placeholder=\"v\u00ed d\u1ee5: info@shintomi.jp\" spellcheck=\"false\" aria-errormessage=\"wpforms-413-field_7-error\" required><\/div><div id=\"wpforms-413-field_1-container\" class=\"wpforms-field wpforms-field-number\" data-field-id=\"1\"><label class=\"wpforms-field-label\" for=\"wpforms-413-field_1\">S\u1ed1 \u0111i\u1ec7n tho\u1ea1i<\/label><input type=\"number\" id=\"wpforms-413-field_1\" class=\"wpforms-field-small\" name=\"wpforms[fields][1]\" placeholder=\"V\u00ed d\u1ee5: 090-123-4567\" step=\"any\" aria-errormessage=\"wpforms-413-field_1-error\" ><\/div><div id=\"wpforms-413-field_2-container\" class=\"wpforms-field wpforms-field-text\" data-field-id=\"2\"><label class=\"wpforms-field-label\" for=\"wpforms-413-field_2\">qu\u1ed1c t\u1ecbch<\/label><input type=\"text\" id=\"wpforms-413-field_2\" class=\"wpforms-field-small\" name=\"wpforms[fields][2]\" placeholder=\"v\u00ed d\u1ee5: Nh\u1eadt B\u1ea3n\" aria-errormessage=\"wpforms-413-field_2-error\" ><\/div><div id=\"wpforms-413-field_3-container\" class=\"wpforms-field wpforms-field-text\" data-field-id=\"3\"><label class=\"wpforms-field-label\" for=\"wpforms-413-field_3\">Tu\u1ed5i c\u1ee7a ng\u01b0\u1eddi n\u1ed9p \u0111\u01a1n<\/label><input type=\"text\" id=\"wpforms-413-field_3\" class=\"wpforms-field-small\" name=\"wpforms[fields][3]\" placeholder=\"V\u00ed d\u1ee5: 20\" aria-errormessage=\"wpforms-413-field_3-error\" ><\/div><div id=\"wpforms-413-field_9-container\" class=\"wpforms-field wpforms-field-textarea\" data-field-id=\"9\"><label class=\"wpforms-field-label\" for=\"wpforms-413-field_9\">Chi ti\u1ebft <span class=\"wpforms-required-label\" aria-hidden=\"true\">*<\/span><\/label><textarea id=\"wpforms-413-field_9\" class=\"wpforms-field-large wpforms-field-required wpforms-limit-characters-enabled\" data-form-id=\"413\" data-field-id=\"9\" data-text-limit=\"1000\" name=\"wpforms[fields][9]\" placeholder=\"Vui l\u00f2ng \u0111i\u1ec1n th\u00f4ng tin chi ti\u1ebft v\u1ec1 y\u00eau c\u1ea7u c\u1ee7a b\u1ea1n\" aria-errormessage=\"wpforms-413-field_9-error\" maxlength=\"1000\" required><\/textarea><\/div><\/div><!-- .wpforms-field-container --><div class=\"wpforms-recaptcha-container wpforms-is-recaptcha wpforms-is-recaptcha-type-v3\" ><input type=\"hidden\" name=\"wpforms[recaptcha]\" value=\"\"><\/div><div class=\"wpforms-submit-container\" ><input type=\"hidden\" name=\"wpforms[id]\" value=\"413\"><input type=\"hidden\" name=\"page_title\" value=\"\"><input type=\"hidden\" name=\"page_url\" value=\"https:\/\/www.shintomi.jp\/vi\/wp-json\/wp\/v2\/pages\/74\"><input type=\"hidden\" name=\"url_referer\" value=\"\"><button type=\"submit\" name=\"wpforms[submit]\" id=\"wpforms-submit-413\" class=\"wpforms-submit btn form\" data-alt-text=\"Truy\u1ec1n...\" data-submit-text=\"s\u1ef1 truy\u1ec1n\" aria-live=\"assertive\" value=\"wpforms-submit\">s\u1ef1 truy\u1ec1n<\/button><img loading=\"lazy\" decoding=\"async\" src=\"https:\/\/www.shintomi.jp\/wp-content\/plugins\/wpforms-lite\/assets\/images\/submit-spin.svg\" class=\"wpforms-submit-spinner\" style=\"display: none;\" width=\"26\" height=\"26\" alt=\"Loading\"><\/div><\/form><\/div>  <!-- .wpforms-container -->\n\t\t\t<\/div>\n\t\t\t\n            <a id=\"privacy_policy\" class=\"anchor\"><\/a>\n\t\t\t<div class=\"down-to-top my-6\">\n \t\t\t  <h3>Ch\u00ednh s\u00e1ch b\u1ea3o m\u1eadt<\/h3>\n              <div class=\"mt-5\">\n                <p>Tr\u01b0\u1eddng Ng\u00f4n ng\u1eef Qu\u1ed1c t\u1ebf Shintomi [Sophia Global Co., Ltd.] (sau \u0111\u00e2y g\u1ecdi l\u00e0 &#8220;tr\u01b0\u1eddng c\u1ee7a ch\u00fang t\u00f4i&#8221;) s\u1ebd x\u1eed l\u00fd th\u00f4ng tin c\u00e1 nh\u00e2n c\u1ee7a b\u1ea1n nh\u01b0 sau theo &#8220;Ch\u00ednh s\u00e1ch b\u1ea3o v\u1ec7 th\u00f4ng tin c\u00e1 nh\u00e2n&#8221; c\u1ee7a ch\u00fang t\u00f4i. \u0110\u1ec3 kh\u00e1ch h\u00e0ng c\u1ee7a ch\u00fang t\u00f4i \u0111\u01b0\u1ee3c h\u01b0\u1edfng c\u00e1c d\u1ecbch v\u1ee5 kh\u00e1c nhau (sau \u0111\u00e2y g\u1ecdi l\u00e0 &#8220;d\u1ecbch v\u1ee5 n\u00e0y&#8221;), ch\u00fang t\u00f4i s\u1ebd l\u00e0m h\u1ebft s\u1ee9c m\u00ecnh \u0111\u1ec3 b\u1ea3o v\u1ec7 th\u00f4ng tin c\u00e1 nh\u00e2n.<\/p>\n                \n                <h6>M\u1ee5c \u0111\u00edch s\u1eed d\u1ee5ng th\u00f4ng tin c\u00e1 nh\u00e2n<\/h6>\n                <p>Th\u00f4ng tin c\u00e1 nh\u00e2n nh\u1eadn \u0111\u01b0\u1ee3c t\u1eeb kh\u00e1ch h\u00e0ng s\u1ebd ch\u1ec9 \u0111\u01b0\u1ee3c s\u1eed d\u1ee5ng cho c\u00e1c m\u1ee5c \u0111\u00edch sau.<\/p>\n            \t<ul>\n                  <li>Qu\u1ea3n l\u00fd kh\u00e1ch h\u00e0ng li\u00ean quan \u0111\u1ebfn D\u1ecbch v\u1ee5<\/li>\n              \t  <li>Th\u00f4ng b\u00e1o c\u00e1c v\u1ea5n \u0111\u1ec1 c\u1ea7n thi\u1ebft cho ho\u1ea1t \u0111\u1ed9ng c\u1ee7a d\u1ecbch v\u1ee5 n\u00e0y<\/li>\n                <\/ul>\n                \n                <h6>Cung c\u1ea5p th\u00f4ng tin c\u00e1 nh\u00e2n<\/h6>\n                <p>Nh\u00e0 tr\u01b0\u1eddng s\u1ebd kh\u00f4ng cung c\u1ea5p th\u00f4ng tin c\u00e1 nh\u00e2n c\u00f3 \u0111\u01b0\u1ee3c cho b\u00ean th\u1ee9 ba tr\u1eeb khi c\u00f3 s\u1ef1 \u0111\u1ed3ng \u00fd c\u1ee7a kh\u00e1ch h\u00e0ng ho\u1eb7c theo y\u00eau c\u1ea7u c\u1ee7a ph\u00e1p lu\u1eadt.<\/p>\n                \n                <h6>K\u00fd g\u1eedi th\u00f4ng tin c\u00e1 nh\u00e2n<\/h6>\n                <p>Nh\u00e0 tr\u01b0\u1eddng c\u00f3 th\u1ec3 thu\u00ea ngo\u00e0i th\u00f4ng tin c\u00e1 nh\u00e2n trong ph\u1ea1m vi c\u1ea7n thi\u1ebft \u0111\u1ec3 \u0111\u1ea1t \u0111\u01b0\u1ee3c m\u1ee5c \u0111\u00edch s\u1eed d\u1ee5ng.<br>\n  Ch\u00fang t\u00f4i s\u1ebd th\u1ef1c hi\u1ec7n c\u00e1c bi\u1ec7n ph\u00e1p nh\u01b0 th\u1ecfa thu\u1eadn b\u1ea3o v\u1ec7 th\u00f4ng tin c\u00e1 nh\u00e2n v\u1edbi c\u00e1c nh\u00e0 th\u1ea7u n\u00e0y v\u00e0 gi\u00e1m s\u00e1t h\u1ecd m\u1ed9t c\u00e1ch th\u00edch h\u1ee3p.<\/p>\n                \n                <h6>Qu\u1ea3n l\u00fd b\u1ea3o m\u1eadt th\u00f4ng tin c\u00e1 nh\u00e2n<\/h6>\n                <p>Nh\u00e0 tr\u01b0\u1eddng s\u1ebd th\u1ef1c hi\u1ec7n c\u00e1c bi\u1ec7n ph\u00e1p qu\u1ea3n l\u00fd an to\u00e0n ph\u00f9 h\u1ee3p \u0111\u1ec3 ng\u0103n ch\u1eb7n r\u00f2 r\u1ec9 th\u00f4ng tin c\u00e1 nh\u00e2n.<\/p>\n                \n                <h6>H\u1eadu qu\u1ea3 c\u1ee7a vi\u1ec7c kh\u00f4ng cung c\u1ea5p th\u00f4ng tin c\u00e1 nh\u00e2n<\/h6>\n                <p>Xin l\u01b0u \u00fd r\u1eb1ng n\u1ebfu b\u1ea1n kh\u00f4ng nh\u1eadn \u0111\u01b0\u1ee3c th\u00f4ng tin c\u1ea7n thi\u1ebft, ch\u00fang t\u00f4i kh\u00f4ng th\u1ec3 cung c\u1ea5p cho b\u1ea1n c\u00e1c d\u1ecbch v\u1ee5 t\u01b0\u01a1ng \u1ee9ng.<\/p>\n                \n                <h6>Quy tr\u00ecnh ti\u1ebft l\u1ed9, ch\u1ec9nh s\u1eeda, x\u00f3a v\u00e0 \u0111\u00ecnh ch\u1ec9 s\u1eed d\u1ee5ng th\u00f4ng tin c\u00e1 nh\u00e2n<\/h6>\n                <p>Nh\u00e0 tr\u01b0\u1eddng \u0111\u00e3 thi\u1ebft l\u1eadp c\u00e1c quy tr\u00ecnh ti\u1ebft l\u1ed9, ch\u1ec9nh s\u1eeda, x\u00f3a v\u00e0 \u0111\u00ecnh ch\u1ec9 s\u1eed d\u1ee5ng th\u00f4ng tin c\u00e1 nh\u00e2n c\u1ee7a kh\u00e1ch h\u00e0ng.<br>\n  Ch\u00fang t\u00f4i s\u1ebd tr\u1ea3 l\u1eddi sau khi x\u00e1c nh\u1eadn danh t\u00ednh c\u1ee7a b\u1ea1n.<br>\n  \u0110\u1ec3 bi\u1ebft c\u00e1c quy tr\u00ecnh c\u1ee5 th\u1ec3 \u0111\u1ec3 ti\u1ebft l\u1ed9, ch\u1ec9nh s\u1eeda, x\u00f3a v\u00e0 \u0111\u00ecnh ch\u1ec9 s\u1eed d\u1ee5ng th\u00f4ng tin c\u00e1 nh\u00e2n, vui l\u00f2ng li\u00ean h\u1ec7 v\u1edbi ch\u00fang t\u00f4i qua \u0111i\u1ec7n tho\u1ea1i.<\/p>\n                \n                <h6>Li\u00ean h\u1ec7<\/h6>\n                <p>N\u1ebfu b\u1ea1n c\u00f3 b\u1ea5t k\u1ef3 c\u00e2u h\u1ecfi n\u00e0o v\u1ec1 vi\u1ec7c x\u1eed l\u00fd th\u00f4ng tin c\u00e1 nh\u00e2n c\u1ee7a ch\u00fang t\u00f4i, vui l\u00f2ng li\u00ean h\u1ec7 v\u1edbi ch\u00fang t\u00f4i theo \u0111\u1ecba ch\u1ec9 sau.<\/p>\n                <p class=\"mb-0\">Sophia To\u00e0n C\u1ea7u Inc<br>\n  \u3012262-0022 Chiba-ken, Chiba-shi, Hanamigawa-ku, Minami-Hanazono 2-5-19<br>\n  \u0110T: <span data-action=\"call\">043-276-5828<\/span> FAX. 043-307-5524<\/p>\n              <\/div>\n            <\/div>\n\t\t  <\/div>\n\t\t<\/div><!-- \/\u30b3\u30f3\u30c6\u30f3\u30c4 -->\n\t  <\/div><!-- \/row column -->\n\t<\/div><!-- \/container -->\n  <\/main>","protected":false},"excerpt":{"rendered":"Li\u00ean h\u1ec7 M\u1eabu y\u00eau c\u1ea7u Ch\u00ednh s\u00e1ch b\u1ea3o m\u1eadt M\u1eabu y\u00eau c\u1ea7u C\u1ea3m \u01a1n b\u1ea1n \u0111\u00e3 y\u00eau c\u1ea7u c\u1ee7a b\u1ea1n \u0111\u1ebfn Vi\u1ec7n Ng\u00f4n ng\u1eef Qu\u1ed1c t\u1ebf Shintomi. Ngay sau khi ch\u00fang t\u00f4i x\u00e1c nh\u1eadn n\u1ed9i dung, ch\u00fang t\u00f4i s\u1ebd li\u00ean h\u1ec7 v\u1edbi b\u1ea1n qua \u0111i\u1ec7n tho\u1ea1i ho\u1eb7c email.T\u00f9y thu\u1ed9c v\u00e0o n\u1ed9i dung y\u00eau c\u1ea7u c\u1ee7a b\u1ea1n, c\u00f3 th\u1ec3 m\u1ea5t m\u1ed9t ch\u00fat th\u1eddi gian \u0111\u1ec3 tr\u1ea3 l\u1eddi. Ngo\u00e0i ra, ch\u00fang t\u00f4i kh\u00f4ng th\u1ec3 tr\u1ea3 l\u1eddi b\u1ea1n do \u0111\u1ecba ch\u1ec9 e-mail kh\u00e1c ho\u1eb7c l\u1ed7i h\u1ec7 th\u1ed1ng.N\u1ebfu b\u1ea1n kh\u00f4ng nh\u1eadn \u0111\u01b0\u1ee3c ph\u1ea3n h\u1ed3i, vui l\u00f2ng li\u00ean h\u1ec7 v\u1edbi ch\u00fang t\u00f4i qua \u0111i\u1ec7n tho\u1ea1i. Ch\u00fang t\u00f4i c\u0169ng ch\u1ea5p nh\u1eadn y\u00eau c\u1ea7u qua \u0111i\u1ec7n tho\u1ea1i. [&hellip;]","protected":false},"author":1,"featured_media":389,"parent":0,"menu_order":0,"comment_status":"closed","ping_status":"closed","template":"","meta":{"footnotes":""},"class_list":["post-74","page","type-page","status-publish","has-post-thumbnail","hentry"],"_links":{"self":[{"href":"https:\/\/www.shintomi.jp\/vi\/wp-json\/wp\/v2\/pages\/74","targetHints":{"allow":["GET"]}}],"collection":[{"href":"https:\/\/www.shintomi.jp\/vi\/wp-json\/wp\/v2\/pages"}],"about":[{"href":"https:\/\/www.shintomi.jp\/vi\/wp-json\/wp\/v2\/types\/page"}],"author":[{"embeddable":true,"href":"https:\/\/www.shintomi.jp\/vi\/wp-json\/wp\/v2\/users\/1"}],"replies":[{"embeddable":true,"href":"https:\/\/www.shintomi.jp\/vi\/wp-json\/wp\/v2\/comments?post=74"}],"version-history":[{"count":3,"href":"https:\/\/www.shintomi.jp\/vi\/wp-json\/wp\/v2\/pages\/74\/revisions"}],"predecessor-version":[{"id":972,"href":"https:\/\/www.shintomi.jp\/vi\/wp-json\/wp\/v2\/pages\/74\/revisions\/972"}],"wp:featuredmedia":[{"embeddable":true,"href":"https:\/\/www.shintomi.jp\/vi\/wp-json\/"}],"wp:attachment":[{"href":"https:\/\/www.shintomi.jp\/vi\/wp-json\/wp\/v2\/media?parent=74"}],"curies":[{"name":"wp","href":"https:\/\/api.w.org\/{rel}","templated":true}]}}