{"id":63,"date":"2024-03-13T06:54:27","date_gmt":"2024-03-12T21:54:27","guid":{"rendered":"http:\/\/www.shintomi.jp\/cuoc-song-hoc-duong\/"},"modified":"2025-07-18T13:11:19","modified_gmt":"2025-07-18T04:11:19","slug":"cuoc-song-hoc-duong","status":"publish","type":"page","link":"https:\/\/www.shintomi.jp\/vi\/cuoc-song-hoc-duong\/","title":{"rendered":"Cu\u1ed9c s\u1ed1ng h\u1ecdc \u0111\u01b0\u1eddng"},"content":{"rendered":"<div class=\"header-img campus\"><div><h2>Cu\u1ed9c s\u1ed1ng h\u1ecdc \u0111\u01b0\u1eddng<\/h2><\/div><\/div><main><div class=\"container common\"><div class=\"row column2\"><!-- \u30b5\u30a4\u30c9\u30e1\u30cb\u30e5\u30fc --><div class=\"col-sm-3 d-sm-none\"><ul class=\"side-menu\"><li><a href=\"https:\/\/www.shintomi.jp\/campus\/#flow\">D\u00f2ng ch\u1ea3y t\u1eeb nh\u1eadp c\u01b0<\/a><\/li><li><a href=\"https:\/\/www.shintomi.jp\/campus\/#dormitory\">V\u1ec1 k\u00fd t\u00fac x\u00e1<\/a><\/li><li><a href=\"https:\/\/www.shintomi.jp\/campus\/#albite\">V\u1ec1 c\u00f4ng vi\u1ec7c b\u00e1n th\u1eddi gian<\/a><\/li><\/ul><\/div><!-- \u30b3\u30f3\u30c6\u30f3\u30c4 --><div class=\"col-sm-12 mt-5 mt-sm-0\"><a id=\"flow\" class=\"anchor2\"><\/a><div class=\"down-to-top campus\"><h3>Tr\u00ecnh t\u1ef1 t\u1eeb khi nh\u1eadp c\u1ea3nh t\u1edbi khi b\u1eaft \u0111\u1ea7u h\u1ecdc<\/h3><div class=\"row top-flow justify-content-center mt-5\"><div class=\"col-sm-3 bubble left-to-right spD\"><div class=\"box\"><h4>B\u01af\u1edaC 1<\/h4>Nh\u1eadp c\u1ea3nh<\/div><\/div><div class=\"col-sm-3 bubble left-to-right spD mt-3 mt-sm-0\"><div class=\"box\"><h4>B\u01af\u1edaC 2<\/h4>Ki\u1ec3m tra nh\u1eadp c\u1ea3nh<\/div><\/div><div class=\"col-sm-3 bubble left-to-right spD mt-3 mt-sm-0\"><div class=\"box\"><h4>B\u01af\u1edaC 3<\/h4>Ng\u00e0y \u0111\u1ea7u ti\u00ean \u0111\u1ebfn tr\u01b0\u1eddng<\/div><\/div><div class=\"col-sm-3 bubble left-to-right spD mt-3 mt-sm-0\"><div class=\"box\"><h4>B\u01af\u1edaC 4<\/h4>C\u00e1c th\u1ee7 t\u1ee5c h\u00e0nh ch\u00ednh t\u1ea1i Ph\u01b0\u1eddng<\/div><\/div><div class=\"col-sm-4 bubble left-to-right spD mt-3\"><div class=\"box\"><h4>B\u01af\u1edaC 5<\/h4>M\u1edf t\u00e0i kho\u1ea3n ng\u00e2n h\u00e0ng<\/div><\/div><div class=\"col-sm-4 bubble left-to-right spD mt-3\"><div class=\"box\"><h4>B\u01af\u1edaC 6<\/h4>Th\u1ee7 t\u1ee5c mua \u0111i\u1ec7n tho\u1ea1i di \u0111\u1ed9ng<\/div><\/div><div class=\"col-sm-4 bubble left-to-right spD mt-3\"><div class=\"box last\"><h4>B\u01af\u1edaC 7<\/h4>L\u1ec5 nh\u1eadp h\u1ecdc<\/div><\/div><\/div><\/div><div class=\"down-to-top mt-6\"><h4>Gi\u1ea5y t\u1edd c\u1ea7n thi\u1ebft<\/h4><div class=\"row mt-4\"><div class=\"col-sm-8 left-to-right spD\"><h5>B\u01b0\u1edbc 1 Nh\u1eadp c\u1ea3nh<\/h5><p class=\"mt-4\">S\u00e2n bay Narita c\u00f3 c\u00e1c nh\u00e0 ga 1, 2 v\u00e0 3, v\u00e0 S\u00e2n bay Haneda c\u00f3 nh\u00e0 ga 2 v\u00e0 3, v\u00e0 nh\u00e0 ga \u0111\u1ebfn kh\u00e1c nhau t\u00f9y thu\u1ed9c v\u00e0o h\u00e3ng h\u00e0ng kh\u00f4ng.<\/p><\/div><div class=\"col-sm-4 right-to-left spD mt-4 mt-sm-0\"><img decoding=\"async\" class=\"img-fluid\" src=\"https:\/\/www.shintomi.jp\/wp-content\/themes\/shintomi\/images\/campus-img01.jpg\" alt=\"m\u1ee5c\" \/><\/div><div class=\"col-sm-8 left-to-right spD mt-5\"><h5>Nh\u1eadp c\u01b0 B\u01af\u1edaC 2<\/h5><h6>(1) Xin c\u1ea5p v\u00e0 nh\u1eadn th\u1ebb c\u01b0 tr\u00fa (Zairyu Card)<\/h6><p>Khi b\u1ea1n n\u1ed9p Gi\u1ea5y ch\u1ee9ng nh\u1eadn t\u01b0 c\u00e1ch l\u01b0u tr\u00fa, h\u1ed9 chi\u1ebfu v\u00e0 Visa, b\u1ea1n s\u1ebd \u0111\u01b0\u1ee3c c\u1ea5p \u201cth\u1ebb c\u01b0 tr\u00fa\u201d t\u1ea1i s\u00e2n bay.<br \/>Du h\u1ecdc sinh \u0111\u01b0\u1ee3c c\u1ea5p th\u1ebb c\u01b0 tr\u00fa v\u00ec h\u1ecd s\u1ebd \u1edf l\u1ea1i Nh\u1eadt B\u1ea3n trong m\u1ed9t kho\u1ea3ng th\u1eddi gian trung v\u00e0 d\u00e0i h\u1ea1n.<br \/>Khi sinh s\u1ed1ng \u1edf Nh\u1eadt, h\u1ed9 chi\u1ebfu th\u00ec kh\u00f4ng c\u1ea7n mang theo ng\u01b0\u1eddi, nh\u01b0ng th\u1ebb c\u01b0 tr\u00fa th\u00ec lu\u00f4n ph\u1ea3i mang theo.<br \/>T\u01b0 c\u00e1ch l\u01b0u tr\u00fa ng\u1eafn h\u1ea1n kh\u00f4ng c\u00f3 th\u1ebb c\u01b0 tr\u00fa, v\u00ec v\u1eady l\u00fac n\u00e0o c\u0169ng ph\u1ea3i mang theo h\u1ed9 chi\u1ebfu.<\/p><h6>(2) \u0110\u01a1n xin ph\u00e9p tham gia v\u00e0o ho\u1ea1t \u0111\u1ed9ng kh\u00e1c ngo\u00e0i t\u01b0 c\u00e1ch l\u01b0u tr\u00fa<\/h6><p>Sinh vi\u00ean mu\u1ed1n l\u00e0m th\u00eam th\u00ec n\u1ed9p \u0111\u01a1n xin ph\u00e9p tham gia ho\u1ea1t \u0111\u1ed9ng kh\u00e1c ngo\u00e0i t\u01b0 c\u00e1ch l\u01b0u tr\u00fa cho C\u1ee5c ki\u1ec3m tra Nh\u1eadp c\u1ea3nh, th\u00ec s\u1ebd \u0111\u01b0\u1ee3c c\u1ea5p c\u00f9ng v\u1edbi th\u1ebb c\u01b0 tr\u00fa, nh\u01b0 v\u1eady th\u00ec c\u00f3 th\u1ec3 tham gia ho\u1ea1t \u0111\u1ed9ng kh\u00e1c ngo\u00e0i t\u01b0 c\u00e1ch l\u01b0u tr\u00fa (l\u00e0m th\u00eam)<\/p><p class=\"indent-1\">* N\u1ebfu b\u1ea1n kh\u00f4ng n\u1ed9p \u0111\u01a1n xin t\u1ea1i s\u00e2n bay, th\u00ec c\u00f3 th\u1ec3 xin t\u1ea1i C\u1ee5c qu\u1ea3n l\u00fd nh\u1eadp c\u1ea3nh ch\u1ee7 qu\u1ea3n.<\/p><\/div><div class=\"col-sm-4 right-to-left spD mt-4 mt-sm-5\"><img decoding=\"async\" class=\"img-fluid\" src=\"https:\/\/www.shintomi.jp\/wp-content\/themes\/shintomi\/images\/campus-img02.jpg\" alt=\"S\u1ef1 nh\u1eadp c\u01b0\" \/><\/div><div class=\"col-sm-8 left-to-right spD mt-5\"><h5>B\u01af\u1edaC 3 Ng\u00e0y \u0111\u1ea7u ti\u00ean \u0111\u1ebfn tr\u01b0\u1eddng<\/h5><p class=\"mt-4\">Ph\u1ed5 bi\u1ebfn n\u1ed9i quy tr\u01b0\u1eddng l\u1edbp, l\u00e0m b\u00e0i ki\u1ec3m tra x\u1ebfp l\u1edbp, x\u00e1c nh\u1eadn l\u1ecbch h\u1ecdc.<\/p><\/div><div class=\"col-sm-4 right-to-left spD mt-4 mt-sm-5\"><img decoding=\"async\" class=\"img-fluid\" src=\"https:\/\/www.shintomi.jp\/wp-content\/themes\/shintomi\/images\/campus-img03.jpg\" alt=\"Ng\u00e0y \u0111\u1ea7u ti\u00ean \u0111\u1ebfn tr\u01b0\u1eddng\" \/><\/div><div class=\"col-sm-8 left-to-right spD mt-5\"><h5>B\u01b0\u1edbc 4 C\u00e1c th\u1ee7 t\u1ee5c h\u00e0nh ch\u00ednh t\u1ea1i Ph\u01b0\u1eddng (Qu\u1eadn)<\/h5><p>N\u1ebfu h\u1ecdc vi\u00ean c\u00f3 nguy\u1ec7n v\u1ecdng, nh\u00e0 tr\u01b0\u1eddng s\u1ebd h\u1ed7 tr\u1ee3 l\u00e0m c\u00e1c th\u1ee7 t\u1ee5c n\u00e0y.<\/p><h6>(1) Th\u1ee7 t\u1ee5c nh\u1eadp \u0111\u1ecba ch\u1ec9<\/h6><p class=\"mt-3\">B\u1ea1n c\u1ea7n ph\u1ea3i \u0111\u0103ng k\u00fd \u0111\u1ecba ch\u1ec9 t\u1ea1i Ph\u01b0\u1eddng ho\u1eb7c Qu\u1eadn n\u01a1i b\u1ea1n sinh s\u1ed1ng.<br \/>Th\u1ee7 t\u1ee5c n\u00e0y ph\u1ea3i \u0111\u01b0\u1ee3c th\u1ef1c hi\u1ec7n trong v\u00f2ng 14 ng\u00e0y k\u1ec3 t\u1eeb ng\u00e0y nh\u1eadp c\u1ea3nh.<\/p><h6>(2) Th\u1ee7 t\u1ee5c c\u1ea5p th\u1ebb B\u1ea3o hi\u1ec3m y t\u1ebf qu\u1ed1c d\u00e2n<\/h6><p>Th\u1ef1c hi\u1ec7n c\u00e1c th\u1ee7 t\u1ee5c t\u1ea1i Ph\u01b0\u1eddng ho\u1eb7c Qu\u1eadn n\u01a1i b\u1ea1n sinh s\u1ed1ng.<br \/>Khi \u0111\u0103ng k\u00fd tham gia B\u1ea3o hi\u1ec3m y t\u1ebf qu\u1ed1c d\u00e2n (*), b\u1ea1n s\u1ebd \u0111\u01b0\u1ee3c c\u1ea5p Th\u1ebb b\u1ea3o hi\u1ec3m y t\u1ebf qu\u1ed1c d\u00e2n (sau \u0111\u00e2y g\u1ecdi t\u1eaft l\u00e0 \u201cTh\u1ebb b\u1ea3o hi\u1ec3m y t\u1ebf\u201d).<\/p><\/div><div class=\"col-sm-4 right-to-left spD mt-4 mt-sm-5\"><img decoding=\"async\" class=\"img-fluid\" src=\"https:\/\/www.shintomi.jp\/wp-content\/themes\/shintomi\/images\/campus-img04.jpg\" alt=\"C\u00e1c th\u1ee7 t\u1ee5c kh\u00e1c nhau t\u1ea1i t\u00f2a th\u1ecb ch\u00ednh (v\u0103n ph\u00f2ng ph\u01b0\u1eddng)\" \/><\/div><div class=\"col-12 down-to-top mt-3\"><div class=\"colorbox blue mt-3\"><h6>B\u1ea3o hi\u1ec3m y t\u1ebf qu\u1ed1c d\u00e2n l\u00e0 g\u00ec?<\/h6><p class=\"mt-3 mb-0\">N\u1ebfu b\u1ea1n \u0111\u0103ng k\u00fd B\u1ea3o hi\u1ec3m Y t\u1ebf Qu\u1ed1c d\u00e2n v\u00e0 xu\u1ea5t tr\u00ecnh th\u1ebb b\u1ea3o hi\u1ec3m y t\u1ebf khi \u0111i\u1ec1u tr\u1ecb t\u1ea1i b\u1ec7nh vi\u1ec7n, 70% chi ph\u00ed \u0111i\u1ec1u tr\u1ecb s\u1ebd \u0111\u01b0\u1ee3c b\u1ea3o hi\u1ec3m chi tr\u1ea3, v\u00e0 b\u1ea1n s\u1ebd ch\u1ec9 ph\u1ea3i tr\u1ea3 30% chi ph\u00ed.<br \/>Du h\u1ecdc sinh c\u01b0 tr\u00fa t\u1ea1i Nh\u1eadt B\u1ea3n tr\u00ean 3 th\u00e1ng, ph\u1ea3i c\u00f3 ngh\u0129a v\u1ee5 tham gia B\u1ea3o hi\u1ec3m y t\u1ebf qu\u1ed1c d\u00e2n.<br \/>B\u1ea3o hi\u1ec3m n\u00e0y ch\u1ec9 \u00e1p d\u1ee5ng cho ch\u00ednh ng\u01b0\u1eddi \u0111\u0103ng k\u00fd.<\/p><p class=\"indent-1 mt-3 mb-0\">\u203b\u5f15\u3063\u8d8a\u3057\u3092\u3057\u305f\u5834\u5408\u306f\u3001\u4f4f\u6240\u5909\u66f4\u624b\u7d9a\u304d\u3068\u3068\u3082\u306b\u56fd\u6c11\u5065\u5eb7\u4fdd\u967a\u306e\u5909\u66f4\u624b\u7d9a\u304d\u3082\u5fc5\u8981\u3067\u3059\u3002<\/p><p class=\"indent-1 mb-0\">* B\u1ea3o hi\u1ec3m Y t\u1ebf Qu\u1ed1c d\u00e2n kh\u00f4ng \u00e1p d\u1ee5ng cho th\u01b0\u01a1ng t\u00edch ho\u1eb7c b\u1ec7nh t\u1eadt trong th\u1eddi gian l\u00e0m vi\u1ec7c b\u00e1n th\u1eddi gian.<\/p><p class=\"indent-1 mb-0\">* Th\u1ebb b\u1ea3o hi\u1ec3m y t\u1ebf l\u00e0 gi\u1ea5y t\u1edd t\u00f9y th\u00e2n r\u1ea5t quan tr\u1ecdng, gi\u1ed1ng nh\u01b0 h\u1ed9 chi\u1ebfu, th\u1ebb c\u01b0 tr\u00fa ho\u1eb7c th\u1ebb \u0111\u0103ng k\u00fd ng\u01b0\u1eddi n\u01b0\u1edbc ngo\u00e0i.<\/p><p class=\"indent-1 mb-0\">* Ngo\u00e0i ra, b\u1ea1n s\u1ebd c\u1ea7n xu\u1ea5t tr\u00ecnh th\u1ebb b\u1ea3o hi\u1ec3m y t\u1ebf khi n\u1ed9p \u0111\u01a1n xin thay \u0111\u1ed5i t\u01b0 c\u00e1ch c\u01b0 tr\u00fa v\u00e0 \u0111\u01a1n xin gia h\u1ea1n th\u1eddi gian l\u01b0u tr\u00fa.<\/p><\/div><\/div><div class=\"col-sm-8 left-to-right spD mt-5\"><h5>B\u01af\u1edaC 5: M\u1edf t\u00e0i kho\u1ea3n ng\u00e2n h\u00e0ng<\/h5><p class=\"mt-3\">M\u1edf t\u00e0i kho\u1ea3n ng\u00e2n h\u00e0ng. B\u1ea1n s\u1ebd c\u1ea7n m\u1ed9t t\u00e0i kho\u1ea3n ng\u00e2n h\u00e0ng trong c\u00e1c t\u00ecnh hu\u1ed1ng kh\u00e1c nhau, ch\u1eb3ng h\u1ea1n nh\u01b0 khi b\u1ea1n mu\u1ed1n l\u00e0m vi\u1ec7c b\u00e1n th\u1eddi gian, gia h\u1ea1n visa, g\u1eedi ho\u1eb7c nh\u1eadn ti\u1ec1n t\u1eeb n\u01b0\u1edbc m\u00ecnh, nh\u1eadn h\u1ecdc b\u1ed5ng.<\/p><p class=\"indent-1 mb-0\">* Khi v\u1ec1 n\u01b0\u1edbc ho\u00e0n to\u00e0n, h\u00e3y \u0111\u1ea3m b\u1ea3o s\u1ed1 d\u01b0 ti\u1ec1n g\u1eedi l\u00e0 0 v\u00e0 \u0111\u00f3ng t\u00e0i kho\u1ea3n.<\/p><p class=\"indent-1\">* Vui l\u00f2ng kh\u00f4ng g\u1eedi ho\u1eb7c cho ng\u01b0\u1eddi kh\u00e1c m\u01b0\u1ee3n th\u1ebb c\u01b0 tr\u00fa, th\u1ebb b\u1ea3o hi\u1ec3m, s\u1ed5 ti\u1ebft ki\u1ec7m ho\u1eb7c th\u1ebb ng\u00e2n h\u00e0ng.<br \/>\u0110\u1eebng \u0111\u01b0a n\u00f3 cho ng\u01b0\u1eddi kh\u00e1c v\u00ec b\u1ea5t k\u1ef3 l\u00fd do g\u00ec. N\u1ebfu b\u1ea1n b\u1ecb m\u1ed9t t\u1ed5 ch\u1ee9c t\u1ed9i ph\u1ea1m l\u1ea1m d\u1ee5ng, b\u1ea1n s\u1ebd tr\u1edf th\u00e0nh \u0111\u1ed3ng ph\u1ea1m v\u00e0 b\u1ecb tr\u1eebng ph\u1ea1t nghi\u00eam kh\u1eafc.<\/p><\/div><div class=\"col-sm-4 right-to-left spD mt-4 mt-sm-5\"><img decoding=\"async\" class=\"img-fluid\" src=\"https:\/\/www.shintomi.jp\/wp-content\/themes\/shintomi\/images\/campus-img05.jpg\" alt=\"M\u1edf t\u00e0i kho\u1ea3n ng\u00e2n h\u00e0ng\" \/><\/div><div class=\"col-sm-8 left-to-right spD mt-5\"><h5>B\u01af\u1edaC 6: Th\u1ee7 t\u1ee5c mua \u0111i\u1ec7n tho\u1ea1i di \u0111\u1ed9ng (ch\u1ec9 d\u00e0nh cho nh\u1eefng ng\u01b0\u1eddi c\u00f3 nhu c\u1ea7u)<\/h5><p class=\"mt-4\">Khi t\u00ecm ki\u1ebfm m\u1ed9t c\u00f4ng vi\u1ec7c t\u1ea1i Nh\u1eadt B\u1ea3n, b\u1ea1n c\u1ea7n s\u1ed1 \u0111i\u1ec7n tho\u1ea1i c\u1ee7a ri\u00eang b\u1ea1n.<br \/>Ngo\u00e0i ra, n\u00f3 r\u1ea5t thu\u1eadn ti\u1ec7n v\u00ec b\u1ea1n s\u1ebd \u0111\u01b0\u1ee3c y\u00eau c\u1ea7u cung c\u1ea5p th\u00f4ng tin li\u00ean l\u1ea1c c\u1ee7a m\u00ecnh cho c\u00e1c th\u1ee7 t\u1ee5c kh\u00e1c nhau c\u1ea7n thi\u1ebft \u0111\u1ec3 s\u1ed1ng \u1edf Nh\u1eadt B\u1ea3n.<\/p><\/div><div class=\"col-sm-4 right-to-left spD mt-4 mt-sm-5\"><img decoding=\"async\" class=\"img-fluid\" src=\"https:\/\/www.shintomi.jp\/wp-content\/themes\/shintomi\/images\/campus-img06.jpg\" alt=\"Th\u1ee7 t\u1ee5c mua \u0111i\u1ec7n tho\u1ea1i di \u0111\u1ed9ng\" \/><\/div><div class=\"col-sm-8 left-to-right spD mt-5\"><h5>L\u1ec5 nh\u1eadp h\u1ecdc STEP7<\/h5><p class=\"mt-4\">Sau t\u1ea5t c\u1ea3 c\u00e1c th\u1ee7 t\u1ee5c th\u00ec tr\u01b0\u1eddng h\u1ecdc c\u0169ng \u0111\u00e3 b\u1eaft \u0111\u1ea7u. Ch\u00fang ta h\u00e3y c\u00f9ng nhau c\u1ed1 g\u1eafng nh\u00e9!<\/p><\/div><div class=\"col-sm-4 right-to-left spD mt-4 mt-sm-5\"><img decoding=\"async\" class=\"img-fluid\" src=\"https:\/\/www.shintomi.jp\/wp-content\/themes\/shintomi\/images\/campus-img07.jpg\" alt=\"L\u1ec5 nh\u1eadp h\u1ecdc\" \/><\/div><\/div><\/div><a id=\"dormitory\" class=\"anchor\"><\/a><div class=\"down-to-top campus mt-6\"><h3>Th\u00f4ng tin nh\u00e0 \u1edf|Gi\u1edbi thi\u1ec7u v\u1ec1 k\u00fd t\u00fac x\u00e1 sinh vi\u00ean<\/h3><div class=\"row mt-5\"><div class=\"col-sm-6 left-to-right spD\"><p>Tr\u01b0\u1eddng Ng\u00f4n ng\u1eef Qu\u1ed1c t\u1ebf Shintomi cung c\u1ea5p k\u00fd t\u00fac x\u00e1 sinh vi\u00ean s\u1ea1ch s\u1ebd v\u00e0 an to\u00e0n \u0111\u1ec3 sinh vi\u00ean qu\u1ed1c t\u1ebf c\u00f3 th\u1ec3 y\u00ean t\u00e2m b\u1eaft \u0111\u1ea7u cu\u1ed9c s\u1ed1ng c\u1ee7a h\u1ecd \u1edf Nh\u1eadt B\u1ea3n.<\/p><p>N\u00f3 c\u00f3 v\u1ecb tr\u00ed thu\u1eadn ti\u1ec7n \u0111\u1ec3 \u0111i h\u1ecdc v\u00e0 c\u00f3 \u0111\u1ea7y \u0111\u1ee7 c\u00e1c ti\u1ec7n nghi c\u1ea7n thi\u1ebft cho cu\u1ed9c s\u1ed1ng h\u00e0ng ng\u00e0y, v\u00ec v\u1eady b\u1ea1n c\u00f3 th\u1ec3 y\u00ean t\u00e2m d\u00e0nh th\u1eddi gian c\u1ee7a m\u00ecnh ngay c\u1ea3 khi b\u1ea1n l\u1ea7n \u0111\u1ea7u ti\u00ean s\u1ed1ng \u1edf n\u01b0\u1edbc ngo\u00e0i.<\/p><div class=\"slider-nav d-none d-sm-block mt-5\"><div><img decoding=\"async\" class=\"img-fluid\" src=\"https:\/\/www.shintomi.jp\/wp-content\/themes\/shintomi\/images\/campus-slide1.jpg\" alt=\"V\u1ec1 k\u00fd t\u00fac x\u00e1 sinh vi\u00ean\" \/><\/div><div><img decoding=\"async\" class=\"img-fluid\" src=\"https:\/\/www.shintomi.jp\/wp-content\/themes\/shintomi\/images\/campus-slide2.jpg\" alt=\"V\u1ec1 k\u00fd t\u00fac x\u00e1 sinh vi\u00ean\" \/><\/div><div><img decoding=\"async\" class=\"img-fluid\" src=\"https:\/\/www.shintomi.jp\/wp-content\/themes\/shintomi\/images\/campus-slide3.jpg\" alt=\"V\u1ec1 k\u00fd t\u00fac x\u00e1 sinh vi\u00ean\" \/><\/div><\/div><\/div><div class=\"col-sm-6 right-to-left spD mt-4 mt-sm-0\"><div class=\"slider-for\" style=\"margin-bottom: 5px;\"><div><img decoding=\"async\" class=\"img-fluid\" src=\"https:\/\/www.shintomi.jp\/wp-content\/themes\/shintomi\/images\/campus-slide1.jpg\" alt=\"V\u1ec1 k\u00fd t\u00fac x\u00e1 sinh vi\u00ean\" \/><\/div><div><img decoding=\"async\" class=\"img-fluid\" src=\"https:\/\/www.shintomi.jp\/wp-content\/themes\/shintomi\/images\/campus-slide2.jpg\" alt=\"V\u1ec1 k\u00fd t\u00fac x\u00e1 sinh vi\u00ean\" \/><\/div><div><img decoding=\"async\" class=\"img-fluid\" src=\"https:\/\/www.shintomi.jp\/wp-content\/themes\/shintomi\/images\/campus-slide3.jpg\" alt=\"V\u1ec1 k\u00fd t\u00fac x\u00e1 sinh vi\u00ean\" \/><\/div><\/div><div class=\"slider-nav d-sm-none\"><div><img decoding=\"async\" class=\"img-fluid\" src=\"https:\/\/www.shintomi.jp\/wp-content\/themes\/shintomi\/images\/campus-slide1.jpg\" alt=\"V\u1ec1 k\u00fd t\u00fac x\u00e1 sinh vi\u00ean\" \/><\/div><div><img decoding=\"async\" class=\"img-fluid\" src=\"https:\/\/www.shintomi.jp\/wp-content\/themes\/shintomi\/images\/campus-slide2.jpg\" alt=\"V\u1ec1 k\u00fd t\u00fac x\u00e1 sinh vi\u00ean\" \/><\/div><div><img decoding=\"async\" class=\"img-fluid\" src=\"https:\/\/www.shintomi.jp\/wp-content\/themes\/shintomi\/images\/campus-slide3.jpg\" alt=\"V\u1ec1 k\u00fd t\u00fac x\u00e1 sinh vi\u00ean\" \/><\/div><\/div><\/div><\/div><h4 class=\"mt-5\">V\u1ec1 quy \u0111\u1ecbnh k\u00fd t\u00fac x\u00e1<\/h4><ul class=\"mt-4\"><li>C\u1ea5m h\u00fat thu\u1ed1c trong k\u00fd t\u00fac x\u00e1. Kh\u00f4ng \u0111\u01b0\u1ee3c h\u00fat thu\u1ed1c trong ph\u00f2ng v\u00e0 khu v\u1ef1c chung.<\/li><li>Vui l\u00f2ng c\u1edfi gi\u00e0y khi v\u00e0o ph\u00f2ng. (Kh\u00f4ng c\u00f3 gi\u00e0y tr\u00ean m\u1eb7t \u0111\u1ea5t)<\/li><li>Vui l\u00f2ng h\u1ea1n ch\u1ebf nh\u1eefng ti\u1ebfng \u1ed3n l\u1edbn ho\u1eb7c ti\u1ebfng \u1ed3n.<\/li><li>Vui l\u00f2ng tu\u00e2n th\u1ee7 c\u00e1c quy \u0111\u1ecbnh c\u1ee7a Th\u00e0nh ph\u1ed1 Chiba khi \u0111\u1ed5 r\u00e1c.<\/li><li>V\u1eadt nu\u00f4i kh\u00f4ng \u0111\u01b0\u1ee3c ph\u00e9p.<\/li><li>Ch\u1ed7 \u1edf v\u00e0 nh\u1eadp c\u1ea3nh b\u1ecb c\u1ea5m ngo\u1ea1i tr\u1eeb nh\u1eefng ng\u01b0\u1eddi \u0111\u00e3 \u0111\u0103ng k\u00fd k\u00fd t\u00fac x\u00e1.<\/li><li>M\u1ed7i th\u00e1ng m\u1ed9t l\u1ea7n, nh\u00e2n vi\u00ean nh\u00e0 tr\u01b0\u1eddng s\u1ebd ki\u1ec3m tra t\u00ecnh tr\u1ea1ng s\u1eed d\u1ee5ng c\u1ee7a ph\u00f2ng (t\u00ecnh tr\u1ea1ng v\u1ec7 sinh, v.v.).<\/li><\/ul><h4 class=\"mt-5\">Lo\u1ea1i ph\u00f2ng &amp; Chi ph\u00ed<\/h4><div class=\"row mt-5\"><div class=\"col-sm-6\"><h5>Ti\u1ec1n thu\u00ea \u01b0\u1edbc t\u00ednh h\u00e0ng th\u00e1ng<\/h5><table class=\"table-2 w-100 mt-4\"><tbody><tr><th>Ph\u00f2ng ri\u00eang (1 ng\u01b0\u1eddi)<\/th><td>40.000~45.000y\u00ean\/th\u00e1ng<\/td><\/tr><tr><th>Ph\u00f2ng Gi\u01b0\u1eddng \u0110\u00f4i (1 Ng\u01b0\u1eddi)<\/th><td>35.000~40.000JPY\/th\u00e1ng<\/td><\/tr><tr><th>Ph\u00f2ng ba ng\u01b0\u1eddi (1 ng\u01b0\u1eddi)<\/th><td>30.000~35.000y\u00ean\/th\u00e1ng<\/td><\/tr><\/tbody><\/table><p class=\"indent-1 mt-3 mb-0\">* Gi\u00e1 thu\u00ea, c\u01a1 s\u1edf v\u1eadt ch\u1ea5t v\u00e0 s\u01a1 \u0111\u1ed3 m\u1eb7t b\u1eb1ng kh\u00e1c nhau t\u00f9y thu\u1ed9c v\u00e0o t\u00e0i s\u1ea3n.<\/p><p class=\"indent-1\">* Kh\u00f4ng bao g\u1ed3m n\u01b0\u1edbc, \u0111i\u1ec7n, gas v\u00e0 Wi-Fi.<\/p><\/div><div class=\"col-sm-6 mt-5 mt-sm-0\"><h5>Ph\u00ed k\u00fd t\u00fac x\u00e1 ban \u0111\u1ea7u<\/h5><table class=\"table-2 w-100 mt-4\"><tbody><tr><th>S\u1ed1 ti\u1ec1n<\/th><td>250.000 y\u00ean (1 ng\u01b0\u1eddi)<\/td><\/tr><tr><th>ch\u1ea5t<\/th><td>3 th\u00e1ng ti\u1ec1n thu\u00ea nh\u00e0, m\u1ed9t b\u1ed9 nhu y\u1ebfu ph\u1ea9m h\u00e0ng ng\u00e0y, \u0111\u1ed5i ch\u00eca kh\u00f3a, b\u1ea3o hi\u1ec3m, chi ph\u00ed d\u1ecdn d\u1eb9p khi chuy\u1ec3n \u0111i<\/td><\/tr><\/tbody><\/table><p class=\"indent-1 mt-3\">* Ph\u1ea7n th\u1eb7ng d\u01b0 s\u1ebd \u0111\u01b0\u1ee3c ho\u00e0n l\u1ea1i t\u1ea1i th\u1eddi \u0111i\u1ec3m t\u1ed1t nghi\u1ec7p.<\/p><\/div><div class=\"col-sm-12 mt-5\"><h5>Chi ti\u1ebft<\/h5><ol class=\"mt-4\"><li>Chi ph\u00ed thay th\u1ebf ch\u00eca kh\u00f3a<br \/>\u0110\u1ec3 gi\u1eef an to\u00e0n cho ng\u01b0\u1eddi thu\u00ea nh\u00e0 c\u1ee7a b\u1ea1n, h\u00e3y thay \u1ed5 kh\u00f3a tr\u01b0\u1edbc khi m\u1ed9t ng\u01b0\u1eddi m\u1edbi chuy\u1ec3n \u0111\u1ebfn.<br \/>\u0110\u00e2y l\u00e0 m\u1ed9t bi\u1ec7n ph\u00e1p \u0111\u1ec3 duy tr\u00ec an ninh, v\u00e0 ch\u00fang t\u00f4i c\u0169ng l\u00e0m \u0111i\u1ec1u t\u01b0\u01a1ng t\u1ef1 trong k\u00fd t\u00fac x\u00e1.<\/li><li class=\"mt-3\">B\u1ea3o hi\u1ec3m h\u1ecfa ho\u1ea1n<br \/>B\u1ea3o hi\u1ec3m n\u00e0y \u0111\u01b0\u1ee3c thi\u1ebft k\u1ebf \u0111\u1ec3 b\u1ea3o v\u1ec7 kh\u1ecfi c\u00e1c tai n\u1ea1n b\u1ea5t ng\u1edd nh\u01b0 h\u1ecfa ho\u1ea1n, r\u00f2 r\u1ec9 n\u01b0\u1edbc v\u00e0 thi\u00ean tai.<br \/>B\u1eaft bu\u1ed9c ph\u1ea3i tham gia v\u1edbi m\u1ee5c \u0111\u00edch b\u1ea3o v\u1ec7 t\u00f2a nh\u00e0, ph\u00f2ng, \u0111\u1ed3 gia d\u1ee5ng,&#8230;<\/li><li class=\"mt-3\">Ph\u00ed d\u1ecdn d\u1eb9p (ph\u00ed d\u1ecdn d\u1eb9p)<br \/>Khi chuy\u1ec3n \u0111i, b\u1ea1n c\u1ea7n kh\u00f4i ph\u1ee5c c\u0103n ph\u00f2ng v\u1ec1 tr\u1ea1ng th\u00e1i nh\u01b0 tr\u01b0\u1edbc khi chuy\u1ec3n \u0111\u1ebfn.<br \/>Do \u0111\u00f3, chi ph\u00ed v\u1ec7 sinh c\u1ee7a nh\u00e0 th\u1ea7u chuy\u00ean nghi\u1ec7p s\u1ebd ph\u00e1t sinh nh\u01b0 m\u1ed9t chi ph\u00ed ban \u0111\u1ea7u.<br \/>Ng\u01b0\u1eddi ta th\u01b0\u1eddng cho r\u1eb1ng t\u1ef1 m\u00ecnh l\u00e0m s\u1ea1ch l\u00e0 kh\u00f4ng \u0111\u1ee7, v\u00e0 \u0111\u00f3 l\u00e0 m\u1ed9t th\u00f3i quen \u0111\u01b0\u1ee3c thi\u1ebft l\u1eadp r\u1ed9ng r\u00e3i \u1edf Nh\u1eadt B\u1ea3n.<\/li><\/ol><\/div><div class=\"col-sm-12 mt-5\"><h5>Chi ph\u00ed t\u1eeb th\u00e1ng th\u1ee9 4 tr\u1edf \u0111i<\/h5><p class=\"mt-4\">Ph\u00ed k\u00fd t\u00fac x\u00e1 (ti\u1ec1n thu\u00ea nh\u00e0) ph\u1ea3i \u0111\u01b0\u1ee3c thanh to\u00e1n tr\u01b0\u1edbc ng\u00e0y 10 c\u1ee7a th\u00e1ng tr\u01b0\u1edbc.<br \/>(v\u00ed d\u1ee5: ph\u00ed k\u00fd t\u00fac x\u00e1 cho th\u00e1ng B\u1ea3y \u2192 thanh to\u00e1n tr\u01b0\u1edbc ng\u00e0y 10 th\u00e1ng S\u00e1u)<\/p><\/div><\/div><h4 class=\"mt-5\">V\u1ec1 th\u1ee7 t\u1ee5c nh\u1eadp h\u1ecdc k\u00fd t\u00fac x\u00e1<\/h4><p class=\"mt-4\">N\u1ebfu b\u1ea1n mu\u1ed1n chuy\u1ec3n \u0111\u1ebfn k\u00fd t\u00fac x\u00e1, vui l\u00f2ng li\u00ean h\u1ec7 v\u1edbi ch\u00fang t\u00f4i qua e-mail.<br \/>Ch\u00fang t\u00f4i c\u00f3 th\u1ec3 kh\u00f4ng \u0111\u00e1p \u1ee9ng \u0111\u01b0\u1ee3c y\u00eau c\u1ea7u c\u1ee7a b\u1ea1n t\u00f9y thu\u1ed9c v\u00e0o th\u1eddi h\u1ea1n n\u1ed9p \u0111\u01a1n v\u00e0 t\u00ecnh tr\u1ea1ng s\u1eb5n c\u00f3.<\/p><\/div><a id=\"albite\" class=\"anchor\"><\/a><div class=\"down-to-top campus mt-6\"><h3>V\u1ec1 c\u00f4ng vi\u1ec7c b\u00e1n th\u1eddi gian<\/h3><p class=\"mt-5\">&#8220;Sinh vi\u00ean c\u00f3 t\u01b0 c\u00e1ch l\u01b0u tr\u00fa l\u00e0 &#8220;&#8221;du h\u1ecdc&#8221;&#8221; khi nh\u1eadp c\u1ea3nh n\u1ebfu \u0111\u01b0\u1ee3c c\u1ea5p ph\u00e9p ho\u1ea1t \u0111\u1ed9ng ngo\u00e0i t\u01b0 c\u00e1ch l\u01b0u tr\u00fa th\u00ec \u0111\u01b0\u1ee3c ph\u00e9p l\u00e0m th\u00eam t\u1ed1i \u0111a 28 gi\u1edd m\u1ed9t tu\u1ea7n.<\/p><p>N\u1ebfu h\u1ecdc vi\u00ean mu\u1ed1n t\u00ecm vi\u1ec7c l\u00e0m th\u00eam, vui l\u00f2ng li\u00ean h\u1ec7 v\u1edbi Nh\u00e2n vi\u00ean H\u1ed7 tr\u1ee3 \u0110\u1eddi s\u1ed1ng Sinh vi\u00ean.<br \/>Ng\u01b0\u1eddi ph\u1ee5 tr\u00e1ch s\u1ebd ph\u1ecfng v\u1ea5n sinh vi\u00ean v\u1ec1 c\u00f4ng vi\u1ec7c l\u00e0m th\u00eam mong mu\u1ed1n,t\u00f9y v\u00e0o tr\u00ecnh \u0111\u1ed9 ti\u1ebfng Nh\u1eadt s\u1ebd t\u00ecm ch\u1ed7 tuy\u1ec3n d\u1ee5ng ph\u00f9 h\u1ee3p, \u0111\u1eb7t l\u1ecbch h\u1eb9n v\u1edbi c\u00f4ng ty \u0111\u1ec3 ph\u1ecfng v\u1ea5n.<\/p><p>Trong c\u00e1c k\u1ef3 ngh\u1ec9 d\u00e0i, nh\u01b0 k\u1ef3 ngh\u1ec9 h\u00e8, n\u1ebfu n\u1ed9p gi\u1ea5y ch\u1ee9ng nh\u1eadn ngh\u1ec9 d\u00e0i do tr\u01b0\u1eddng cung c\u1ea5p cho n\u01a1i l\u00e0m th\u00eam th\u00ec sinh vi\u00ean c\u00f3 th\u1ec3 l\u00e0m 40 gi\u1edd m\u1ed9t tu\u1ea7n trong m\u1ed9t kho\u1ea3ng th\u1eddi gian nh\u1ea5t \u0111\u1ecbnh.<\/p><p>N\u1ebfu b\u1ea1n l\u00e0m vi\u1ec7c b\u00e1n th\u1eddi gian ho\u1eb7c v\u01b0\u1ee3t qu\u00e1 s\u1ed1 gi\u1edd quy \u0111\u1ecbnh m\u00e0 kh\u00f4ng \u0111\u01b0\u1ee3c ph\u00e9p tham gia c\u00e1c ho\u1ea1t \u0111\u1ed9ng ngo\u00e0i t\u01b0 c\u00e1ch l\u01b0u tr\u00fa, b\u1ea1n s\u1ebd vi ph\u1ea1m c\u00e1c ho\u1ea1t \u0111\u1ed9ng ngo\u00e0i t\u01b0 c\u00e1ch l\u01b0u tr\u00fa v\u00e0 s\u1ebd kh\u00f4ng th\u1ec3 ti\u1ebfp t\u1ee5c cu\u1ed9c s\u1ed1ng du h\u1ecdc t\u1ea1i Nh\u1eadt B\u1ea3n.<br \/>Ngo\u00e0i ra, kh\u00f4ng \u0111\u01b0\u1ee3c l\u00e0m vi\u1ec7c trong ti\u1ec7m pachinko v\u00e0 c\u1eeda h\u00e0ng t\u00ecnh d\u1ee5c. (Bao g\u1ed3m khu v\u1ef1c v\u1ec7 sinh v\u00e0 r\u1eeda m\u1eb7t t\u1ea1i ch\u1ed7)<\/p><div class=\"row mt-5\"><div class=\"col-sm-6 left-to-right spD\"><h4>&#8220;M\u1ed9t v\u00e0i v\u00ed d\u1ee5 v\u1ec1 n\u01a1i v\u00e0 c\u00f4ng vi\u1ec7c l\u00e0m th\u00eam<\/h4><ul class=\"mt-3\"><li>C\u1eeda h\u00e0ng c\u01a1m h\u1ed9p<\/li><li>L\u00e0m ki\u1ec3m tra s\u1ea3n ph\u1ea9m<\/li><li>L\u00e0m b\u1ebfp trong nh\u00e0 h\u00e0ng<\/li><li>L\u00e0m c\u00f4ng vi\u1ec7c b\u1ed3i b\u00e0n<\/li><li>C\u00f4ng vi\u1ec7c d\u1ecdn d\u1eb9p<\/li><li>V\u1eadn chuy\u1ec3n h\u00e0ng h\u00f3a&#8230;vv&#8221;<\/li><\/ul><\/div><div class=\"col-sm-6 right-to-left spD mt-5 mt-sm-0\"><img decoding=\"async\" class=\"img-fluid\" src=\"https:\/\/www.shintomi.jp\/wp-content\/themes\/shintomi\/images\/campus-img08.jpg\" alt=\"V\u1ec1 c\u00f4ng vi\u1ec7c b\u00e1n th\u1eddi gian\" \/><\/div><\/div><\/div><\/div><!-- \/\u30b3\u30f3\u30c6\u30f3\u30c4 --><\/div><!-- \/row column --><div class=\"full-width contact mt-6\"><div class=\"container down-to-top\"><div class=\"colorbox white contact\"><h3>Li\u00ean h\u1ec7 v\u1edbi ch\u00fang t\u00f4i<\/h3><p class=\"mt-4 mt-sm-5\">Xin vui l\u00f2ng \u0111\u1eb7t c\u00e2u h\u1ecfi v\u00e0 tham kh\u1ea3o \u00fd ki\u1ebfn v\u1edbi ch\u00fang t\u00f4i.<\/p><div class=\"row mt-4 mt-sm-5\"><div class=\"col-sm-6\"><p class=\"contact-tel mb-0\"><i class=\"fa fa-phone-square me-3\" aria-hidden=\"true\"><\/i><span data-action=\"call\">043-276-5828<\/span><\/p><p class=\"time mt-1 mb-0\">Gi\u1edd ti\u1ebfp t\u00e2n: C\u00e1c ng\u00e0y trong tu\u1ea7n 9: 00 ~ 17: 00<\/p><\/div><div class=\"col-sm-6 mt-4 mt-sm-0\"><a class=\"btn contact-lg\" href=\"..\/contact\"><i class=\"fa fa-envelope me-2\" aria-hidden=\"true\"><\/i>Li\u00ean h\u1ec7 v\u1edbi ch\u00fang t\u00f4i<\/a><\/div><\/div><\/div><\/div><\/div><\/div><!-- \/container --><\/main>","protected":false},"excerpt":{"rendered":"Cu\u1ed9c s\u1ed1ng h\u1ecdc \u0111\u01b0\u1eddngD\u00f2ng ch\u1ea3y t\u1eeb nh\u1eadp c\u01b0V\u1ec1 k\u00fd t\u00fac x\u00e1V\u1ec1 c\u00f4ng vi\u1ec7c b\u00e1n th\u1eddi gianTr\u00ecnh t\u1ef1 t\u1eeb khi nh\u1eadp c\u1ea3nh t\u1edbi khi b\u1eaft \u0111\u1ea7u h\u1ecdcB\u01af\u1edaC 1Nh\u1eadp c\u1ea3nhB\u01af\u1edaC 2Ki\u1ec3m tra nh\u1eadp c\u1ea3nhB\u01af\u1edaC 3Ng\u00e0y \u0111\u1ea7u ti\u00ean \u0111\u1ebfn tr\u01b0\u1eddngB\u01af\u1edaC 4C\u00e1c th\u1ee7 t\u1ee5c h\u00e0nh ch\u00ednh t\u1ea1i Ph\u01b0\u1eddngB\u01af\u1edaC 5M\u1edf t\u00e0i kho\u1ea3n ng\u00e2n h\u00e0ngB\u01af\u1edaC 6Th\u1ee7 t\u1ee5c mua \u0111i\u1ec7n tho\u1ea1i di \u0111\u1ed9ngB\u01af\u1edaC 7L\u1ec5 nh\u1eadp h\u1ecdcGi\u1ea5y t\u1edd c\u1ea7n thi\u1ebftB\u01b0\u1edbc 1 Nh\u1eadp c\u1ea3nhS\u00e2n bay Narita c\u00f3 c\u00e1c nh\u00e0 ga 1, 2 v\u00e0 3, v\u00e0 S\u00e2n bay Haneda c\u00f3 nh\u00e0 ga 2 v\u00e0 3, v\u00e0 nh\u00e0 ga \u0111\u1ebfn kh\u00e1c nhau t\u00f9y thu\u1ed9c v\u00e0o h\u00e3ng h\u00e0ng kh\u00f4ng.Nh\u1eadp c\u01b0 B\u01af\u1edaC 2(1) Xin c\u1ea5p v\u00e0 nh\u1eadn th\u1ebb c\u01b0 tr\u00fa (Zairyu Card)Khi b\u1ea1n [&hellip;]","protected":false},"author":1,"featured_media":389,"parent":0,"menu_order":0,"comment_status":"closed","ping_status":"closed","template":"","meta":{"footnotes":""},"class_list":["post-63","page","type-page","status-publish","has-post-thumbnail","hentry"],"_links":{"self":[{"href":"https:\/\/www.shintomi.jp\/vi\/wp-json\/wp\/v2\/pages\/63","targetHints":{"allow":["GET"]}}],"collection":[{"href":"https:\/\/www.shintomi.jp\/vi\/wp-json\/wp\/v2\/pages"}],"about":[{"href":"https:\/\/www.shintomi.jp\/vi\/wp-json\/wp\/v2\/types\/page"}],"author":[{"embeddable":true,"href":"https:\/\/www.shintomi.jp\/vi\/wp-json\/wp\/v2\/users\/1"}],"replies":[{"embeddable":true,"href":"https:\/\/www.shintomi.jp\/vi\/wp-json\/wp\/v2\/comments?post=63"}],"version-history":[{"count":6,"href":"https:\/\/www.shintomi.jp\/vi\/wp-json\/wp\/v2\/pages\/63\/revisions"}],"predecessor-version":[{"id":1749,"href":"https:\/\/www.shintomi.jp\/vi\/wp-json\/wp\/v2\/pages\/63\/revisions\/1749"}],"wp:featuredmedia":[{"embeddable":true,"href":"https:\/\/www.shintomi.jp\/vi\/wp-json\/"}],"wp:attachment":[{"href":"https:\/\/www.shintomi.jp\/vi\/wp-json\/wp\/v2\/media?parent=63"}],"curies":[{"name":"wp","href":"https:\/\/api.w.org\/{rel}","templated":true}]}}