{"id":53,"date":"2024-03-13T06:53:02","date_gmt":"2024-03-13T06:53:02","guid":{"rendered":"http:\/\/www.shintomi.jp\/cac-cau-hoi-thuong-gap\/"},"modified":"2024-06-07T08:50:54","modified_gmt":"2024-06-07T08:50:54","slug":"cac-cau-hoi-thuong-gap","status":"publish","type":"page","link":"https:\/\/www.shintomi.jp\/vi\/cac-cau-hoi-thuong-gap\/","title":{"rendered":"C\u00e1c c\u00e2u h\u1ecfi th\u01b0\u1eddng g\u1eb7p"},"content":{"rendered":"<div class=\"header-img faq\">\n  <div><h2>C\u00e1c c\u00e2u h\u1ecfi th\u01b0\u1eddng g\u1eb7p<\/h2><\/div>\n<\/div>\n\n  <main>\n\t<div class=\"container common\">\n\t  <div class=\"row column2\">\n\t    <!-- \u30b5\u30a4\u30c9\u30e1\u30cb\u30e5\u30fc -->\n\t    <div class=\"col-sm-3 d-sm-none\">\n\t\t  <ul class=\"side-menu\">\n            <li><a href=\"https:\/\/www.shintomi.jp\/faq\/#question_study\">C\u00e2u h\u1ecfi v\u1ec1 h\u1ecdc t\u1eadp<\/a><\/li>\n\t\t\t<li><a href=\"https:\/\/www.shintomi.jp\/faq\/#question_life\">C\u00e2u h\u1ecfi v\u1ec1 cu\u1ed9c s\u1ed1ng h\u00e0ng ng\u00e0y<\/a><\/li>\n          <\/ul>\n\t\t<\/div>\n\t\t\n\t\t<!-- \u30b3\u30f3\u30c6\u30f3\u30c4 -->\n\t\t<div class=\"col-sm-12 mt-5 mt-sm-0\">\t\t  \n\t\t  <a id=\"question_study\" class=\"anchor2\"><\/a>\n          <div class=\"accordion accordion_qa down-to-top\">\n\t        <h3>C\u00e2u h\u1ecfi v\u1ec1 h\u1ecdc t\u1eadp<\/h3>\n\t\t\t<input type=\"checkbox\" id=\"check1\" class=\"accordion-hidden\">\n\t\t    <label for=\"check1\" class=\"accordion-open mt-5\"><span class=\"Q\">Chi ph\u00ed du h\u1ecdc m\u1ed9t n\u0103m l\u00e0 bao nhi\u00eau?<\/span><\/label>\n\t\t    <label for=\"check1\" class=\"accordion-inner\">\n\t\t    <span class=\"A\"><\/span>\n N\u1ebfu s\u1ed1ng \u1edf Chiba, c\u00f9ng khu v\u1edbi H\u1ecdc vi\u1ec7n, chi ph\u00ed sinh ho\u1ea1t 1 n\u0103m cho c\u00e1c kho\u1ea3n nh\u01b0 ti\u1ec1n thu\u00ea nh\u00e0, ti\u1ec1n \u0103n kho\u1ea3ng 80 &#8211; 100 v\u1ea1n y\u00ean (kho\u1ea3ng 7-8 v\u1ea1n y\u00ean 1 th\u00e1ng)\n\t\t    <\/label>\n\t\t    \n\t\t    <input type=\"checkbox\" id=\"check2\" class=\"accordion-hidden\">\n\t\t    <label for=\"check2\" class=\"accordion-open mt-4\"><span class=\"Q\">C\u00f3 gi\u1edbi h\u1ea1n \u0111\u1ed9 tu\u1ed5i nh\u1eadp h\u1ecdc kh\u00f4ng?<\/span><\/label>\n\t\t    <label for=\"check2\" class=\"accordion-inner\">\n\t\t    <span class=\"A\"><\/span>\n C\u1ea7n t\u1ed1t nghi\u1ec7p trung h\u1ecdc ph\u1ed5 th\u00f4ng tr\u1edf l\u00ean \u1edf n\u01b0\u1edbc m\u00ecnh \u0111\u1ed1i v\u1edbi kh\u00f3a h\u1ecdc n\u00e2ng cao.\n\t\t    <\/label>\n\t\t    \n\t\t    <input type=\"checkbox\" id=\"check4\" class=\"accordion-hidden\">\n\t\t    <label for=\"check4\" class=\"accordion-open mt-4\"><span class=\"Q\">Tr\u01b0\u1eddng h\u1ee3p th\u00f4i h\u1ecdc gi\u1eefa ch\u1eebng c\u00f3 \u0111\u01b0\u1ee3c ho\u00e0n l\u1ea1i ti\u1ec1n kh\u00f4ng?<\/span><\/label>\n\t\t    <label for=\"check4\" class=\"accordion-inner\">\n\t\t    <span class=\"A\"><\/span>\n Theo quy t\u1eafc c\u1ee7a H\u1ecdc vi\u1ec7n, s\u1ebd \u0111\u01b0\u1ee3c ho\u00e0n l\u1ea1i ph\u1ea7n h\u1ecdc ph\u00ed ch\u01b0a h\u1ecdc.<br>\n Tuy nhi\u00ean, h\u1ecdc ph\u00ed s\u1ebd kh\u00f4ng ho\u00e0n l\u1ea1i trong tr\u01b0\u1eddng h\u1ee3p th\u00f4i h\u1ecdc v\u00ec l\u00fd do c\u00e1 nh\u00e2n, ph\u1ea1m t\u1ed9i, h\u00e0nh vi x\u1ea5u (bao g\u1ed3m c\u1ea3 t\u1ec9 l\u1ec7 l\u00ean l\u1edbp th\u1ea5p)\n\t\t    <\/label>\n\t\t    \n\t\t    <input type=\"checkbox\" id=\"check5\" class=\"accordion-hidden\">\n\t\t    <label for=\"check5\" class=\"accordion-open mt-4\"><span class=\"Q\">C\u00f3 sinh vi\u00ean \u0111\u1ebfn t\u1eeb nh\u1eefng qu\u1ed1c gia n\u00e0o?<\/span><\/label>\n\t\t    <label for=\"check5\" class=\"accordion-inner\">\n\t\t    <span class=\"A\"><\/span>\n  C\u00f3 sinh vi\u00ean \u0111\u1ebfn t\u1eeb nhi\u1ec1u qu\u1ed1c gia nh\u01b0 Nepal, Sri Lanka, Indonesia v\u00e0 Myanmar.\n\t\t    <\/label>\n\t\t    \n\t\t    <input type=\"checkbox\" id=\"check6\" class=\"accordion-hidden\">\n\t\t    <label for=\"check6\" class=\"accordion-open mt-4\"><span class=\"Q\">Gi\u00e1o vi\u00ean d\u1ea1y l\u1edbp b\u1eb1ng ng\u00f4n ng\u1eef n\u00e0o?<\/span><\/label>\n\t\t    <label for=\"check6\" class=\"accordion-inner\">\n\t\t    <span class=\"A\"><\/span>\n  C\u00e1c l\u1edbp h\u1ecdc s\u1ebd \u0111\u01b0\u1ee3c ti\u1ebfn h\u00e0nh b\u1eb1ng ti\u1ebfng Nh\u1eadt.\n\t\t    <\/label>\n\t\t    \n\t\t    <input type=\"checkbox\" id=\"check7\" class=\"accordion-hidden\">\n\t\t    <label for=\"check7\" class=\"accordion-open mt-4\"><span class=\"Q\">C\u00f3 nh\u00e2n vi\u00ean c\u00f3 th\u1ec3 n\u00f3i ti\u1ebfng n\u01b0\u1edbc ngo\u00e0i kh\u00f4ng?<\/span><\/label>\n\t\t    <label for=\"check7\" class=\"accordion-inner\">\n\t\t    <span class=\"A\"><\/span>\n Ch\u00fang t\u00f4i ti\u1ebfp \u1ee9ng \u0111\u01b0\u1ee3c b\u1eb1ng ti\u1ebfng Anh, ti\u1ebfng Vi\u1ec7t, ti\u1ebfng Sinhala\n\t\t    <\/label>\n\t\t  <\/div>\n\t\t  \n\t\t  <a id=\"question_life\" class=\"anchor\"><\/a>\n          <div class=\"accordion accordion_qa down-to-top mt-6\">\n\t        <h3>C\u00e2u h\u1ecfi v\u1ec1 cu\u1ed9c s\u1ed1ng h\u00e0ng ng\u00e0y<\/h3>\n\t\t\t<input type=\"checkbox\" id=\"check8\" class=\"accordion-hidden\">\n\t\t    <label for=\"check8\" class=\"accordion-open mt-5\"><span class=\"Q\">C\u00f3 h\u1ed7 tr\u1ee3 mi\u1ec5n ph\u00ed v\u1ec1 h\u1ecdc t\u1eadp n\u00e0o g\u1ea7n \u0111\u00f3 kh\u00f4ng?<\/span><\/label>\n\t\t    <label for=\"check8\" class=\"accordion-inner\">\n\t\t    <span class=\"A\"><\/span>\n C\u00f3 ho\u1ea1t \u0111\u1ed9ng h\u1ed7 tr\u1ee3 h\u1ecdc t\u1eadp b\u1edfi nh\u00f3m t\u00ecnh nguy\u1ec7n c\u1ee7a Hi\u1ec7p h\u1ed9i giao l\u01b0u Qu\u1ed1c t\u1ebf Th\u00e0nh ph\u1ed1 Chiba. C\u0169ng c\u00f3 nh\u1eefng l\u1edbp d\u1ea1y ti\u1ebfng Nh\u1eadt c\u1ee7a nh\u00f3m t\u00ecnh nguy\u1ec7n vi\u00ean c\u1ee7a Trung t\u00e2m c\u1ed9ng \u0111\u1ed3ng \u0111\u1ecba ph\u01b0\u01a1ng ho\u1eb7c c\u1ee7a trung t\u00e2m x\u00e3 h\u1ed9i.\n\t\t    <\/label>\n\t\t    \n\t\t    <input type=\"checkbox\" id=\"check9\" class=\"accordion-hidden\">\n\t\t    <label for=\"check9\" class=\"accordion-open mt-4\"><span class=\"Q\">H\u1ecdc vi\u1ec7n c\u00f3 g\u1ea7n b\u1ec7nh vi\u1ec7n kh\u00f4ng?<\/span><\/label>\n\t\t    <label for=\"check9\" class=\"accordion-inner\">\n\t\t    <span class=\"A\"><\/span>\n Khi b\u1ea1n mu\u1ed1n t\u1edbi b\u1ec7nh vi\u1ec7n, h\u00e3y li\u00ean h\u1ec7 v\u1edbi v\u0103n ph\u00f2ng tr\u01b0\u1eddng. Ch\u00fang t\u00f4i s\u1ebd gi\u00fap b\u1ea1n \u0111i t\u1edbi \u0111\u00f3.\n\t\t\t  <div class=\"gmap faq mt-3 mb-3\">\n\t\t\t    <iframe src=\"https:\/\/www.google.com\/maps\/embed?pb=!1m16!1m12!1m3!1d3242.032656881256!2d140.07269408339957!3d35.65156703529801!2m3!1f0!2f0!3f0!3m2!1i1024!2i768!4f13.1!2m1!1z5paw5qSc6KaL5bedIOWGheenkSDlpJbnp5E!5e0!3m2!1sja!2sjp!4v1708680972768!5m2!1sja!2sjp\" width=\"600\" height=\"450\" style=\"border:0;\" allowfullscreen=\"\" loading=\"lazy\" referrerpolicy=\"no-referrer-when-downgrade\"><\/iframe>\n\t\t\t  <\/div>\n  \u0110\u00e2y l\u00e0 danh s\u00e1ch c\u00e1c b\u1ec7nh vi\u1ec7n t\u00ednh \u0111\u1ebfn n\u0103m 2024 xung quanh ga g\u1ea7n tr\u01b0\u1eddng nh\u1ea5t, ga JR Shinkenmigawa.<br>\n\t\t    <\/label>\n\t\t  <\/div>\n\t\t<\/div><!-- \/\u30b3\u30f3\u30c6\u30f3\u30c4 -->\n\t  <\/div><!-- \/row column -->\n\t  \n\t  <div class=\"full-width contact mt-6\">\n\t    <div class=\"container down-to-top\">\n\t\t  <div class=\"colorbox white contact\">\n\t\t    <h3>Li\u00ean h\u1ec7<\/h3>\n\t\t    <p class=\"mt-4 mt-sm-5\">N\u1ebfu b\u1ea1n c\u00f3 b\u1ea5t c\u1ee9 c\u00e2u h\u1ecfi hay v\u1ea5n \u0111\u1ec1 c\u1ea7n trao \u0111\u1ed5i n\u00e0o xin h\u00e3y li\u00ean h\u1ec7 v\u1edbi ch\u00fang t\u00f4i<\/p>\n            <div class=\"row mt-4 mt-sm-5\">\n\t          <div class=\"col-sm-6\">\n\t\t\t    <p class=\"contact-tel mb-0\"><i class=\"fa fa-phone-square me-3\" aria-hidden=\"true\"><\/i><span data-action=\"call\">043-276-5828<\/span><\/p>\n\t\t\t\t<p class=\"time mt-1 mb-0\">Th\u1eddi gian ti\u1ebfp nh\u1eadn Ng\u00e0y th\u01b0\u1eddng 9:00\uff5e17:00<\/p>\n\t\t      <\/div>\n\t\t      <div class=\"col-sm-6 mt-4 mt-sm-0\">\n\t\t\t    <a href=\".. \/s\u1ef1 ti\u1ebfp x\u00fac\" class=\"btn contact-lg\"><i class=\"fa fa-envelope me-2\" aria-hidden=\"true\"><\/i>Li\u00ean h\u1ec7<\/a>\n\t\t      <\/div>\n\t        <\/div>\n\t\t  <\/div>\n\t    <\/div>\n\t  <\/div>\n\t<\/div><!-- \/container -->\n  <\/main>","protected":false},"excerpt":{"rendered":"C\u00e1c c\u00e2u h\u1ecfi th\u01b0\u1eddng g\u1eb7p C\u00e2u h\u1ecfi v\u1ec1 h\u1ecdc t\u1eadp C\u00e2u h\u1ecfi v\u1ec1 cu\u1ed9c s\u1ed1ng h\u00e0ng ng\u00e0y C\u00e2u h\u1ecfi v\u1ec1 h\u1ecdc t\u1eadp Chi ph\u00ed du h\u1ecdc m\u1ed9t n\u0103m l\u00e0 bao nhi\u00eau? N\u1ebfu s\u1ed1ng \u1edf Chiba, c\u00f9ng khu v\u1edbi H\u1ecdc vi\u1ec7n, chi ph\u00ed sinh ho\u1ea1t 1 n\u0103m cho c\u00e1c kho\u1ea3n nh\u01b0 ti\u1ec1n thu\u00ea nh\u00e0, ti\u1ec1n \u0103n kho\u1ea3ng 80 &#8211; 100 v\u1ea1n y\u00ean (kho\u1ea3ng 7-8 v\u1ea1n y\u00ean 1 th\u00e1ng) C\u00f3 gi\u1edbi h\u1ea1n \u0111\u1ed9 tu\u1ed5i nh\u1eadp h\u1ecdc kh\u00f4ng? C\u1ea7n t\u1ed1t nghi\u1ec7p trung h\u1ecdc ph\u1ed5 th\u00f4ng tr\u1edf l\u00ean \u1edf n\u01b0\u1edbc m\u00ecnh \u0111\u1ed1i v\u1edbi kh\u00f3a h\u1ecdc n\u00e2ng cao. Tr\u01b0\u1eddng h\u1ee3p th\u00f4i h\u1ecdc gi\u1eefa ch\u1eebng c\u00f3 \u0111\u01b0\u1ee3c ho\u00e0n l\u1ea1i ti\u1ec1n kh\u00f4ng? Theo quy t\u1eafc c\u1ee7a H\u1ecdc [&hellip;]","protected":false},"author":1,"featured_media":389,"parent":0,"menu_order":0,"comment_status":"closed","ping_status":"closed","template":"","meta":{"footnotes":""},"class_list":["post-53","page","type-page","status-publish","has-post-thumbnail","hentry"],"_links":{"self":[{"href":"https:\/\/www.shintomi.jp\/vi\/wp-json\/wp\/v2\/pages\/53","targetHints":{"allow":["GET"]}}],"collection":[{"href":"https:\/\/www.shintomi.jp\/vi\/wp-json\/wp\/v2\/pages"}],"about":[{"href":"https:\/\/www.shintomi.jp\/vi\/wp-json\/wp\/v2\/types\/page"}],"author":[{"embeddable":true,"href":"https:\/\/www.shintomi.jp\/vi\/wp-json\/wp\/v2\/users\/1"}],"replies":[{"embeddable":true,"href":"https:\/\/www.shintomi.jp\/vi\/wp-json\/wp\/v2\/comments?post=53"}],"version-history":[{"count":5,"href":"https:\/\/www.shintomi.jp\/vi\/wp-json\/wp\/v2\/pages\/53\/revisions"}],"predecessor-version":[{"id":971,"href":"https:\/\/www.shintomi.jp\/vi\/wp-json\/wp\/v2\/pages\/53\/revisions\/971"}],"wp:featuredmedia":[{"embeddable":true,"href":"https:\/\/www.shintomi.jp\/vi\/wp-json\/"}],"wp:attachment":[{"href":"https:\/\/www.shintomi.jp\/vi\/wp-json\/wp\/v2\/media?parent=53"}],"curies":[{"name":"wp","href":"https:\/\/api.w.org\/{rel}","templated":true}]}}