{"id":49,"date":"2024-03-13T06:55:50","date_gmt":"2024-03-12T21:55:50","guid":{"rendered":"http:\/\/www.shintomi.jp\/thanh-tuu-su-nghiep\/"},"modified":"2026-02-12T13:33:38","modified_gmt":"2026-02-12T04:33:38","slug":"thanh-tuu-su-nghiep","status":"publish","type":"page","link":"https:\/\/www.shintomi.jp\/vi\/thanh-tuu-su-nghiep\/","title":{"rendered":"Th\u1ef1c t\u00edch h\u01b0\u1edbng \u0111i sau t\u1ed1t nghi\u1ec7p"},"content":{"rendered":"<div class=\"header-img fact\">\n  <div><h2>Th\u1ef1c t\u00edch h\u01b0\u1edbng \u0111i sau t\u1ed1t nghi\u1ec7p<\/h2><\/div>\n<\/div>\n\n  <main>\n\t<div class=\"container common\">\n\t  <div class=\"row column2\">\n\t    <!-- \u30b5\u30a4\u30c9\u30e1\u30cb\u30e5\u30fc -->\n\t    <div class=\"col-sm-3 d-sm-none\">\n\t\t  <ul class=\"side-menu\">\n            <li><a href=\"https:\/\/www.shintomi.jp\/vi\/thanh-tuu-su-nghiep\/#fact\">Th\u1ef1c t\u00edch h\u01b0\u1edbng \u0111i sau t\u1ed1t nghi\u1ec7p<\/a><\/li>\n          <\/ul>\n\t\t<\/div>\n\t\t\n\t\t<!-- \u30b3\u30f3\u30c6\u30f3\u30c4 -->\n\t\t<div class=\"col-sm-12 mt-5 mt-sm-0\">\t\t  \n\t\t  <a id=\"fact\" class=\"anchor2\"><\/a>\n          <div class=\"down-to-top campus\">\n\t        <h3>Th\u1ef1c t\u00edch h\u01b0\u1edbng \u0111i sau t\u1ed1t nghi\u1ec7p<\/h3>\n\t\t\t<div class=\"row mt-5\">\n\t\t\t  <div class=\"col-sm-6 left-to-right spD\">\n\t\t\t    <h4>Th\u1ef1c t\u00edch h\u01b0\u1edbng \u0111i sau t\u1ed1t nghi\u1ec7p<\/h4>\n\t\t\t    <table class=\"table-2 mt-4\">\n\t\t\t\t  <tr>\n\t\t\t\t    <th><\/th>\n\t\t\t\t\t<th>Nh\u1eadt B\u1ea3n<\/th>\n<th>h\u1ea3i ngo\u1ea1i<\/th>\n<th>k\u1ebf ho\u1ea1ch<\/th>\n\t\t\t\t  <\/tr>\n\t\t\t\t  <tr>\n\t\t\t\t    <th>\u0110i<\/th>\n<td>122<\/td>\n<td>0<\/td>\n<td>122<\/td>\n\t\t\t\t  <\/tr>\n\t\t\t\t  <tr>\n\t\t\t\t    <th>T\u00ecm vi\u1ec7c l\u00e0m<\/th>\n<td>32<\/td>\n<td>2<\/td>\n<td>34<\/td>\n\t\t\t\t  <\/tr>\n\t\t\t\t  <tr>\n\t\t\t\t    <th>kh\u00e1c<\/th>\n<td>9<\/td>\n<td>2<\/td>\n<td>11<\/td>\n\t\t\t\t  <\/tr>\n\t\t\t\t  <tr>\n\t\t\t\t    <th>k\u1ebf ho\u1ea1ch<\/th>\n<th colspan=\"2\">167<\/th>\n<th>167<\/th>\n\t\t\t\t  <\/tr>\n\t\t\t\t<\/table>\n\t\t\t\t<img decoding=\"async\" src=\"https:\/\/www.shintomi.jp\/wp-content\/themes\/shintomi\/images\/fact-img1.jpg\" class=\"img-fluid mt-4\" alt=\"Th\u1ef1c t\u00edch h\u01b0\u1edbng \u0111i sau t\u1ed1t nghi\u1ec7p\">\n\t\t\t  <\/div>\n\t\t\t  <div class=\"col-sm-6 right-to-left spD mt-5 mt-sm-0\">\n\t\t\t    <h4>T\u1ec9 l\u1ec7 c\u00e1c h\u01b0\u1edbng<\/h4>\n\t\t\t\t<div class=\"pie-chart y2025 mt-4\"><\/div>\n\t\t\t\t<dl class=\"chart mt-4\">\n\t\t\t\t  <dt><span>\u25a0<\/span> Kinh doanh &amp; Qu\u1ea3n l\u00fd<\/dt><dd>31.7%<\/dd>\n\t\t\t\t  <dt><span>\u25a0<\/span> CNTT<\/dt><dd>20.7%<\/dd>\n\t\t\t\t  <dt><span>\u25a0<\/span> Kh\u00e1ch s\u1ea1n &amp; Du l\u1ecbch<\/dt><dd>14.6%<\/dd>\n\t\t\t\t  <dt><span>\u25a0<\/span> Ch\u0103m s\u00f3c \u0111i\u1ec1u d\u01b0\u1ee1ng<\/dt><dd>12.2%<\/dd>\n\t\t\t\t  <dt><span>\u25a0<\/span> B\u1ea3o d\u01b0\u1ee1ng \u00f4 t\u00f4<\/dt><dd>6.1%<\/dd>\n\t\t\t\t  <dt><span>\u25a0<\/span> Nh\u00e0 h\u00e0ng<\/dt><dd>3.7%<\/dd>\n\t\t\t\t  <dt><span>\u25a0<\/span> Kh\u00e1c<\/dt><dd>11.0%<\/dd>\n\t\t\t\t<\/dl>\n\t\t\t  <\/div>\n\t\t\t<\/div>\n\t\t  <\/div>\n\t\t  \n\t\t  <div class=\"down-to-top mt-5\">\n\t\t\t<h4>Tr\u00ecnh \u0111\u1ed9 ti\u1ebfng Nh\u1eadt (2023 tr\u1edf \u0111i)<\/h4>\n\t\t\t<table class=\"table-2 mt-4\">\n              <tr>\n                <th colspan=\"2\">Tr\u00ecnh \u0111\u1ed9 ti\u1ebfng<\/th>\n<th>S\u1ed1<\/th>\n              <\/tr>\n              <tr>\n                <th rowspan=\"2\">JLPT<\/th>\n<td>N2<\/td>\n<td>22<\/td>\n              <\/tr>\n              <tr>\n                <td>N3<\/td>\n<td>73<\/td>\n              <\/tr>\n              <tr>\n                <th>J.TEST<\/th>\n<td>C\u1ea5p \u0111\u1ed9 D (t\u01b0\u01a1ng \u0111\u01b0\u01a1ng N3)<\/td>\n<td>2<\/td>\n              <\/tr>\n              <tr>\n                <th rowspan=\"2\">NAT-TEST<\/th>\n<td>C\u1ea5p \u0111\u1ed9 2 (t\u01b0\u01a1ng \u0111\u01b0\u01a1ng N2)<\/td>\n<td>2<\/td>\n              <\/tr>\n              <tr>\n                <td>C\u1ea5p \u0111\u1ed9 3 (t\u01b0\u01a1ng \u0111\u01b0\u01a1ng N3)<\/td>\n<td>2<\/td>\n              <\/tr>\n            <\/table>\n\t\t  <\/div>\n\t\t<\/div><!-- \/\u30b3\u30f3\u30c6\u30f3\u30c4 -->\n\t  <\/div><!-- \/row column -->\n\t  \n\t  <div class=\"full-width contact mt-6\">\n\t    <div class=\"container down-to-top\">\n\t\t  <div class=\"colorbox white contact\">\n\t\t    <h3>Li\u00ean h\u1ec7 v\u1edbi ch\u00fang t\u00f4i<\/h3>\n\t\t    <p class=\"mt-4 mt-sm-5\">Xin vui l\u00f2ng \u0111\u1eb7t c\u00e2u h\u1ecfi v\u00e0 tham kh\u1ea3o \u00fd ki\u1ebfn v\u1edbi ch\u00fang t\u00f4i.<\/p>\n            <div class=\"row mt-4 mt-sm-5\">\n\t          <div class=\"col-sm-6\">\n\t\t\t    <p class=\"contact-tel mb-0\"><i class=\"fa fa-phone-square me-3\" aria-hidden=\"true\"><\/i><span data-action=\"call\">043-276-5828<\/span><\/p>\n\t\t\t\t<p class=\"time mt-1 mb-0\">Gi\u1edd ti\u1ebfp t\u00e2n: C\u00e1c ng\u00e0y trong tu\u1ea7n 9: 00 ~ 17: 00<\/p>\n\t\t      <\/div>\n\t\t      <div class=\"col-sm-6 mt-4 mt-sm-0\">\n\t\t\t    <a href=\"..\/contact\" class=\"btn contact-lg\"><i class=\"fa fa-envelope me-2\" aria-hidden=\"true\"><\/i>Li\u00ean h\u1ec7 v\u1edbi ch\u00fang t\u00f4i<\/a>\n\t\t      <\/div>\n\t        <\/div>\n\t\t  <\/div>\n\t    <\/div>\n\t  <\/div>\n\t<\/div><!-- \/container -->\n  <\/main>","protected":false},"excerpt":{"rendered":"Th\u1ef1c t\u00edch h\u01b0\u1edbng \u0111i sau t\u1ed1t nghi\u1ec7p Th\u1ef1c t\u00edch h\u01b0\u1edbng \u0111i sau t\u1ed1t nghi\u1ec7p Th\u1ef1c t\u00edch h\u01b0\u1edbng \u0111i sau t\u1ed1t nghi\u1ec7p Th\u1ef1c t\u00edch h\u01b0\u1edbng \u0111i sau t\u1ed1t nghi\u1ec7p Nh\u1eadt B\u1ea3n h\u1ea3i ngo\u1ea1i k\u1ebf ho\u1ea1ch \u0110i 122 0 122 T\u00ecm vi\u1ec7c l\u00e0m 32 2 34 kh\u00e1c 9 2 11 k\u1ebf ho\u1ea1ch 167 167 T\u1ec9 l\u1ec7 c\u00e1c h\u01b0\u1edbng \u25a0 Kinh doanh &amp; Qu\u1ea3n l\u00fd31.7% \u25a0 CNTT20.7% \u25a0 Kh\u00e1ch s\u1ea1n &amp; Du l\u1ecbch14.6% \u25a0 Ch\u0103m s\u00f3c \u0111i\u1ec1u d\u01b0\u1ee1ng12.2% \u25a0 B\u1ea3o d\u01b0\u1ee1ng \u00f4 t\u00f46.1% \u25a0 Nh\u00e0 h\u00e0ng3.7% \u25a0 Kh\u00e1c11.0% Tr\u00ecnh \u0111\u1ed9 ti\u1ebfng Nh\u1eadt (2023 tr\u1edf \u0111i) Tr\u00ecnh \u0111\u1ed9 ti\u1ebfng S\u1ed1 JLPT N2 22 N3 73 J.TEST C\u1ea5p \u0111\u1ed9 D (t\u01b0\u01a1ng \u0111\u01b0\u01a1ng N3) 2 NAT-TEST [&hellip;]","protected":false},"author":1,"featured_media":389,"parent":0,"menu_order":0,"comment_status":"closed","ping_status":"closed","template":"","meta":{"footnotes":""},"class_list":["post-49","page","type-page","status-publish","has-post-thumbnail","hentry"],"_links":{"self":[{"href":"https:\/\/www.shintomi.jp\/vi\/wp-json\/wp\/v2\/pages\/49","targetHints":{"allow":["GET"]}}],"collection":[{"href":"https:\/\/www.shintomi.jp\/vi\/wp-json\/wp\/v2\/pages"}],"about":[{"href":"https:\/\/www.shintomi.jp\/vi\/wp-json\/wp\/v2\/types\/page"}],"author":[{"embeddable":true,"href":"https:\/\/www.shintomi.jp\/vi\/wp-json\/wp\/v2\/users\/1"}],"replies":[{"embeddable":true,"href":"https:\/\/www.shintomi.jp\/vi\/wp-json\/wp\/v2\/comments?post=49"}],"version-history":[{"count":9,"href":"https:\/\/www.shintomi.jp\/vi\/wp-json\/wp\/v2\/pages\/49\/revisions"}],"predecessor-version":[{"id":2010,"href":"https:\/\/www.shintomi.jp\/vi\/wp-json\/wp\/v2\/pages\/49\/revisions\/2010"}],"wp:featuredmedia":[{"embeddable":true,"href":"https:\/\/www.shintomi.jp\/vi\/wp-json\/"}],"wp:attachment":[{"href":"https:\/\/www.shintomi.jp\/vi\/wp-json\/wp\/v2\/media?parent=49"}],"curies":[{"name":"wp","href":"https:\/\/api.w.org\/{rel}","templated":true}]}}