{"id":111,"date":"2024-03-13T06:52:15","date_gmt":"2024-03-12T21:52:15","guid":{"rendered":"http:\/\/www.shintomi.jp\/cac-khoa-hoc-cua-chung-toi\/"},"modified":"2026-03-25T16:42:30","modified_gmt":"2026-03-25T07:42:30","slug":"cac-khoa-hoc-cua-chung-toi","status":"publish","type":"page","link":"https:\/\/www.shintomi.jp\/vi\/cac-khoa-hoc-cua-chung-toi\/","title":{"rendered":"C\u00e1c kh\u00f3a h\u1ecdc"},"content":{"rendered":"<div class=\"header-img curriculum\"><div><h2>C\u00e1c kh\u00f3a h\u1ecdc<\/h2><\/div><\/div><main><div class=\"container common\"><div class=\"row column2\"><!-- \u30b5\u30a4\u30c9\u30e1\u30cb\u30e5\u30fc --><div class=\"col-sm-3 d-sm-none\"><ul class=\"side-menu\"><li><a href=\"https:\/\/www.shintomi.jp\/curriculum\/#course01\">C\u00e1c kh\u00f3a h\u1ecdc d\u1ef1 b\u1ecb<\/a><\/li><li><a href=\"https:\/\/www.shintomi.jp\/curriculum\/#course02\">C\u00e1c kh\u00f3a h\u1ecdc ng\u1eafn h\u1ea1n<\/a><\/li><!--<li><a href=\"https:\/\/www.shintomi.jp\/curriculum\/#payment\">\u77ed\u671f\u30b3\u30fc\u30b9\u306e\u5b66\u8cbb<\/a><\/li>--><\/ul><\/div><!-- \u30b3\u30f3\u30c6\u30f3\u30c4 --><div class=\"col-sm-12 mt-5 mt-sm-0\"><p class=\"mb-5\">H\u1ecdc vi\u1ec7n ng\u00f4n ng\u1eef qu\u1ed1c t\u1ebf Shintomi c\u00f3 2 kh\u00f3a h\u1ecdc ch\u00ednh l\u00e0 &#8220;kh\u00f3a h\u1ecdc ng\u1eafn h\u1ea1n&#8221; v\u00e0 &#8220;kh\u00f3a h\u1ecdc n\u00e2ng cao&#8221;<\/p><a id=\"course01\" class=\"anchor2\"><\/a><div class=\"down-to-top\"><h3>C\u00e1c kh\u00f3a h\u1ecdc d\u1ef1 b\u1ecb<\/h3><div class=\"row mt-5\"><div class=\"col-sm-6 left-to-right spD\"><h4>T\u1ed5ng quan v\u1ec1 kh\u00f3a h\u1ecdc<\/h4><p class=\"mt-4\">Kh\u00f3a h\u1ecdc n\u00e2ng cao l\u00e0 kh\u00f3a h\u1ecdc d\u00e0nh cho nh\u1eefng ng\u01b0\u1eddi c\u00f3 visa du h\u1ecdc, v\u1edbi m\u1ee5c ti\u00eau ch\u1ee7 y\u1ebfu l\u00e0 h\u1ecdc l\u00ean cao.<\/p><p class=\"indent-1\">* N\u1ebfu b\u1ea1n c\u00f3 nguy\u1ec7n v\u1ecdng h\u1ecdc l\u00ean cao, hay c\u00f3 nguy\u1ec7n v\u1ecdng t\u00ecm vi\u1ec7c, xin vui l\u00f2ng li\u00ean h\u1ec7 t\u1edbi v\u0103n ph\u00f2ng c\u1ee7a ch\u00fang t\u00f4i.<\/p><h5 class=\"mt-4\">C\u00f3 5 kh\u00f3a h\u1ecdc ch\u00ednh<\/h5><ol><li>1 n\u0103m (nh\u1eadp h\u1ecdc th\u00e1ng T\u01b0)<\/li><li>1 n\u0103m 3 th\u00e1ng (nh\u1eadp h\u1ecdc th\u00e1ng 1)<\/li><li>1 n\u0103m 6 th\u00e1ng (nh\u1eadp h\u1ecdc th\u00e1ng 10)<\/li><li>1 n\u0103m 9 th\u00e1ng (nh\u1eadp h\u1ecdc th\u00e1ng 7)<\/li><li>2 n\u0103m (nh\u1eadp h\u1ecdc th\u00e1ng T\u01b0)<\/li><\/ol><h5 class=\"mt-4\">Theo nguy\u00ean t\u1eafc chung, t\u1ea5t c\u1ea3 c\u00e1c kh\u00f3a h\u1ecdc \u0111\u01b0\u1ee3c t\u1ed1t nghi\u1ec7p v\u00e0o cu\u1ed1i th\u00e1ng ba<\/h5><\/div><div class=\"col-sm-6 right-to-left spD mt-4 mt-sm-0\"><img decoding=\"async\" class=\"img-fluid\" src=\"https:\/\/www.shintomi.jp\/wp-content\/themes\/shintomi\/images\/curriculum-img1.jpg\" alt=\"C\u00e1c kh\u00f3a h\u1ecdc d\u1ef1 b\u1ecb\"><\/div><\/div><div class=\"scroll-table mt-4\"><div class=\"row g-0 text schedules up\"><div class=\"col-1\">4<\/div><div class=\"col-1\">5<\/div><div class=\"col-1\">6<\/div><div class=\"col-1\">7<\/div><div class=\"col-1\">8<\/div><div class=\"col-1\">9<\/div><div class=\"col-1\">10<\/div><div class=\"col-1\">11<\/div><div class=\"col-1\">12<\/div><div class=\"col-1\">1<\/div><div class=\"col-1\">2<\/div><div class=\"col-1\">3<\/div><div class=\"col-1\">4<\/div><div class=\"col-1\">5<\/div><div class=\"col-1\">6<\/div><div class=\"col-1\">7<\/div><div class=\"col-1\">8<\/div><div class=\"col-1\">9<\/div><div class=\"col-1\">10<\/div><div class=\"col-1\">11<\/div><div class=\"col-1\">12<\/div><div class=\"col-1\">1<\/div><div class=\"col-1\">2<\/div><div class=\"col-1\">3<\/div><\/div><div class=\"row g-0 text schedules\"><div class=\"col-6\"><p class=\"arrow-1-2\">Kh\u00f3a h\u1ecdc d\u1ef1 b\u1ecb 1 n\u0103m<\/p><\/div><div class=\"col-6\"><p class=\"arrow-1-2\">Kh\u00f3a h\u1ecdc d\u1ef1 b\u1ecb 1 n\u0103m<\/p><\/div><div class=\"col-12 mt-2\"><p class=\"arrow-5-8\">Kh\u00f3a h\u1ecdc d\u1ef1 b\u1ecb 1 n\u0103m 3 th\u00e1ng<\/p><\/div><div class=\"col-12 mt-2\"><p class=\"arrow-3-4\">Kh\u00f3a h\u1ecdc d\u1ef1 b\u1ecb 1 n\u0103m 6 th\u00e1ng<\/p><\/div><div class=\"col-12 mt-2\"><p class=\"arrow-7-8\">Kh\u00f3a h\u1ecdc d\u1ef1 b\u1ecb 1 n\u0103m 9 th\u00e1ng<\/p><\/div><div class=\"col-12 mt-2\"><p class=\"arrow-1\">Kh\u00f3a h\u1ecdc d\u1ef1 b\u1ecb 2 n\u0103m<\/p><\/div><\/div><\/div><p class=\"small d-sm-none mt-2\">B\u1ea1n c\u00f3 th\u1ec3 cu\u1ed9n sang tr\u00e1i v\u00e0 ph\u1ea3i.<\/p><\/div><div class=\"down-to-top mt-6\"><h4>H\u01b0\u1edbng d\u1eabn ch\u1ecdn kh\u00f3a h\u1ecdc d\u1ef1 b\u1ecb<\/h4><div class=\"row mt-4\"><div class=\"col-sm-6 left-to-right spD\"><img decoding=\"async\" class=\"img-fluid\" src=\"https:\/\/www.shintomi.jp\/wp-content\/themes\/shintomi\/images\/curriculum-img2.jpg\" alt=\"C\u00e1c kh\u00f3a h\u1ecdc d\u1ef1 b\u1ecb\"><h5 class=\"mt-4\">Kh\u00f3a h\u1ecdc 1 n\u0103m 6 th\u00e1ng, 1 n\u0103m 3 th\u00e1ng, 1 n\u0103m<\/h5><ul class=\"mt-3\"><li>D\u00e0nh cho ng\u01b0\u1eddi mu\u1ed1n \u0111\u1ea1t \u0111\u01b0\u1ee3c s\u1ef1 t\u1ef1 tin v\u00e0o kh\u1ea3 n\u0103ng ti\u1ebfng Nh\u1eadt, l\u00e0m vi\u1ec7c b\u1eb1ng ti\u1ebfng Nh\u1eadt, hay n\u00f3i c\u00e1ch kh\u00e1c l\u00e0 ng\u01b0\u1eddi mu\u1ed1n t\u00ecm vi\u1ec7c ho\u1eb7c h\u1ecdc l\u00ean cao \u1edf Nh\u1eadt.<\/li><li>JLPT N4 tr\u1edf l\u00ean, \u0111\u1ea1t \u0111\u01b0\u1ee3c JLPT N3 tr\u1edf l\u00ean tr\u01b0\u1edbc khi t\u1ed1t nghi\u1ec7p<\/li><\/ul><\/div><div class=\"col-sm-6 right-to-left spD mt-4 mt-sm-0\"><img decoding=\"async\" class=\"img-fluid\" src=\"https:\/\/www.shintomi.jp\/wp-content\/themes\/shintomi\/images\/curriculum-img3.jpg\" alt=\"C\u00e1c kh\u00f3a h\u1ecdc d\u1ef1 b\u1ecb\"><h5 class=\"mt-4\">Kh\u00f3a h\u1ecdc 2 n\u0103m, 1 n\u0103m 9 th\u00e1ng<\/h5><ul class=\"mt-3\"><li>D\u00e0nh cho ng\u01b0\u1eddi \u0111\u00e3 h\u1ecdc h\u1ebft b\u1ea3ng ch\u1eef c\u00e1i Hiragana, Katakana t\u1ea1i th\u1eddi \u0111i\u1ec3m nh\u1eadp h\u1ecdc, c\u00f3 th\u00eam th\u1eddi gian \u0111\u1ec3 h\u1ecdc Ti\u1ebfng Nh\u1eadt, v\u0103n h\u00f3a v\u00e0 t\u1eadp qu\u00e1n c\u1ee7a Nh\u1eadt.<\/li><li>JLPT N5 tr\u1edf l\u00ean, JLPT N3 tr\u1edf l\u00ean tr\u01b0\u1edbc khi t\u1ed1t nghi\u1ec7pJLPT N5 tr\u1edf l\u00ean, \u0111\u1ea1t \u0111\u01b0\u1ee3c JLPT N3 tr\u1edf l\u00ean tr\u01b0\u1edbc khi t\u1ed1t nghi\u1ec7p<\/li><\/ul><\/div><\/div><h4 class=\"mt-5\">\u0110\u1eb7c \u0111i\u1ec3m c\u1ee7a kh\u00f3a h\u1ecdc d\u1ef1 b\u1ecb<\/h4><div class=\"colorbox gray mt-4\"><ul class=\"mb-0\"><li>* L\u1edbp h\u1ecdc \u0111\u01b0\u1ee3c gi\u1ea3ng d\u1ea1y b\u1edbi nh\u1eefng gi\u00e1o vi\u00ean \u01b0u t\u00fa v\u00e0 t\u1eadn t\u00e2m v\u1edbi ngh\u1ec1.<\/li><li>* H\u1ecdc vi\u00ean c\u00f3 th\u1ec3 h\u1ecdc ti\u1ebfng Nh\u1eadt th\u00f4ng d\u1ee5ng \u1edf giai \u0111o\u1ea1n \u0111\u1ea7u th\u00f4ng qua vi\u1ec7c giao ti\u1ebfp hai chi\u1ec1u (c\u1ea7n c\u00f3 s\u1ef1 n\u1ed7 l\u1ef1c c\u1ee7a h\u1ecdc vi\u00ean)<\/li><li>* H\u1ecdc vi\u00ean c\u00f3 th\u1ec3 d\u00f9ng ti\u1ebfng Nh\u1eadt \u0111\u1ec3 l\u00e0m vi\u1ec7c trong m\u00f4i tr\u01b0\u1eddng to\u00e0n c\u1ea7u. H\u1ecdc vi\u00ean \u0111\u1ea1t \u0111\u01b0\u1ee3c JLPT N3, th\u1ea5p nh\u1ea5t l\u00e0 JLPT N4 t\u1ea1i th\u1eddi \u0111i\u1ec3m t\u1ed1t nghi\u1ec7p.<\/li><\/ul><\/div><h4 class=\"mt-5\">V\u1ec1 th\u1ecb th\u1ef1c Visa<\/h4><div class=\"colorbox gray mt-4\"><p>\u0110\u1ec3 sinh vi\u00ean h\u1ecdc t\u1eadp t\u1ea1i m\u1ed9t c\u01a1 s\u1edf gi\u00e1o d\u1ee5c Nh\u1eadt B\u1ea3n trong trung v\u00e0 d\u00e0i h\u1ea1n, c\u1ea7n ph\u1ea3i c\u00f3 Visa \u201cdu h\u1ecdc\u201d.<\/p><ul class=\"mb-0 mt-3\"><li>Visa du h\u1ecdc \u0111\u01b0\u1ee3c c\u1ea5p lo\u1ea1i m\u1ed9t n\u0103m ho\u1eb7c m\u1ed9t n\u0103m ba th\u00e1ng t\u1ea1i th\u1eddi \u0111i\u1ec3m nh\u1eadp c\u1ea3nh, sau \u0111\u00f3 gia h\u1ea1n ti\u1ebfp \u0111\u1ec3 b\u1ea1n c\u00f3 th\u1ec3 h\u1ecdc \u1edf tr\u01b0\u1eddng ti\u1ebfng Nh\u1eadt t\u1ed1i \u0111a hai n\u0103m.<\/li><li>Tr\u01b0\u1eddng ch\u00fang t\u00f4i hi\u1ec7n t\u1ea1i l\u00e0 \u201ctr\u01b0\u1eddng \u0111\u1ea1t chu\u1ea9n\u201d<\/li><li>B\u1eb1ng c\u00e1ch xin c\u1ea5p ph\u00e9p tham gia ho\u1ea1t \u0111\u1ed9ng ngo\u00e0i t\u01b0 c\u00e1ch l\u01b0u tr\u00fa, sinh vi\u00ean c\u00f3 th\u1ec3 l\u00e0m vi\u1ec7c b\u00e1n th\u1eddi gian t\u1ed1i \u0111a 28 gi\u1edd m\u1ed7i tu\u1ea7n.<\/li><\/ul><\/div><\/div><div class=\"down-to-top mt-5\"><h4>V\u1ec1 visa du h\u1ecdc<\/h4><div class=\"row mt-4\"><div class=\"col-sm-6 left-to-right spD\"><p>Tr\u01b0\u1eddng h\u1ee3p h\u1ecdc ti\u1ebfng Nh\u1eadt \u1edf c\u1edf s\u1edf d\u1ea1ng d\u1ea1y ti\u1ebfng Nh\u1eadt th\u00ec lo\u1ea1i th\u1ecb th\u1ef1c \u0111\u01b0\u1ee3c c\u1ea5p n\u00f3i chung l\u00e0 visa &#8220;du h\u1ecdc&#8221;<br>Nh\u1eefng ng\u01b0\u1eddi c\u00f3 nguy\u1ec7n v\u1ecdng h\u1ecdc trung d\u00e0i h\u1ea1n t\u1ea1i H\u1ecdc vi\u1ec7nth\u00ec c\u1ea7n ph\u1ea3i c\u00f3 &#8220;visa du h\u1ecdc&#8221;<\/p><h5 class=\"mt-4\">Th\u1eddi gian h\u1ecdc<\/h5><ul class=\"mt-3\"><li>T\u1ed1i \u0111a 2 n\u0103m<\/li><\/ul><h5 class=\"mt-4\">V\u1ec1 visa du h\u1ecdc<\/h5><ul class=\"mt-3\"><li>B\u1ea1n \u0111\u01b0\u1ee3c ph\u00e9p l\u00e0m vi\u1ec7c b\u00e1n th\u1eddi gian.<\/li><li>V\u00ec m\u1ee5c \u0111\u00edch l\u00e0 h\u1ecdc ti\u1ebfng Nh\u1eadt, n\u00ean t\u1ec9 l\u1ec7 l\u00ean l\u1edbp lu\u00f4n ph\u1ea3i duy tr\u00ec tr\u00ean 80%.<\/li><li>Nh\u1eefng ng\u01b0\u1eddi c\u00f3 nguy\u1ec7n v\u1ecdng h\u1ecdc tr\u00ean 1 n\u0103m, th\u00ec \u0111\u1ee7 \u0111i\u1ec1u ki\u1ec7n tham gia B\u1ea3o hi\u1ec3m Qu\u1ed1c d\u00e2n.<br>N\u1ebfu b\u1ea1n c\u00f3 b\u1ea3o hi\u1ec3m n\u00e0y th\u00ec ch\u1ec9 ph\u1ea3i tr\u1ea3 30% chi ph\u00ed kh\u00e1m ch\u1eefa b\u1ec7nh.<\/li><\/ul><\/div><div class=\"col-sm-6 right-to-left spD mt-4 mt-sm-0\"><img decoding=\"async\" class=\"img-fluid\" src=\"https:\/\/www.shintomi.jp\/wp-content\/themes\/shintomi\/images\/curriculum-img4.jpg\" alt=\"V\u1ec1 visa du h\u1ecdc\"><\/div><\/div><\/div>\n<a id=\"course02\" class=\"anchor\"><\/a>\n<div class=\"down-to-top mt-6\">\n<h3>C\u00e1c kh\u00f3a h\u1ecdc ng\u1eafn h\u1ea1n<\/h3>\n<div class=\"row mt-5\"><div class=\"col-sm-6 left-to-right spD\"><h4>T\u1ed5ng quan v\u1ec1 kh\u00f3a h\u1ecdc<\/h4><p class=\"mt-4\">Kh\u00f3a h\u1ecdc ng\u1eafn h\u1ea1n l\u00e0 kh\u00f3a h\u1ecdc d\u00e0nh cho nh\u1eefng ng\u01b0\u1eddi c\u00f3 th\u1ecb th\u1ef1c Visa ngo\u00e0i Visa Du h\u1ecdc. C\u00f3 th\u1ec3 nh\u1eadp h\u1ecdc b\u1ea5t c\u1ee9 khi n\u00e0o.<\/p><h5 class=\"mt-4\">C\u00f3 3 kh\u00f3a h\u1ecdc<\/h5><ol><li>Kh\u00f3a h\u1ecdc theo l\u1edbp<\/li><li>Kh\u00f3a h\u1ecdc theo nh\u00f3m<\/li><li>kh\u00f3a h\u1ecdc m\u1ed9t &#8211; m\u1ed9t<\/li><\/ol><h5 class=\"mt-4\">Kh\u00f3a h\u1ecdc t\u00f9y ch\u1ec9nh<\/h5><p>B\u1ea1n c\u0169ng c\u00f3 th\u1ec3 k\u1ebft h\u1ee3p (t\u00f9y ch\u1ec9nh) c\u00e1c kh\u00f3a h\u1ecdc theo nguy\u1ec7n v\u1ecdng c\u1ee7a b\u1ea1n.<\/p><p class=\"indent-1\">* \u0110\u1ec3 bi\u1ebft th\u00eam chi ti\u1ebft vui l\u00f2ng li\u00ean h\u1ec7 v\u1edbi V\u0103n ph\u00f2ng.<\/p><\/div><div class=\"col-sm-6 right-to-left spD mt-4 mt-sm-0\"><img decoding=\"async\" class=\"img-fluid\" src=\"https:\/\/www.shintomi.jp\/wp-content\/themes\/shintomi\/images\/curriculum-img5.jpg\" alt=\"C\u00e1c kh\u00f3a h\u1ecdc ng\u1eafn h\u1ea1n\"><\/div><\/div><\/div><div class=\"down-to-top mt-6\"><h4>H\u01b0\u1edbng d\u1eabn ch\u1ecdn kh\u00f3a h\u1ecdc ng\u1eafn h\u1ea1n<\/h4><div class=\"row mt-4\"><div class=\"col-sm-6 left-to-right spD\"><img decoding=\"async\" class=\"img-fluid\" src=\"https:\/\/www.shintomi.jp\/wp-content\/themes\/shintomi\/images\/curriculum-img6.jpg\" alt=\"C\u00e1c kh\u00f3a h\u1ecdc ng\u1eafn h\u1ea1n\"><h5 class=\"mt-4\">Kh\u00f3a h\u1ecdc theo l\u1edbp<\/h5><ul class=\"mt-3\"><li>B\u1ea1n s\u1ebd tham gia l\u1edbp h\u1ecdc nh\u01b0 c\u00e1c h\u1ecdc vi\u00ean trong l\u1edbp c\u1ee7a kh\u00f3a h\u1ecdc n\u00e2ng cao.<\/li><li>Th\u1eddi gian h\u1ecdc b\u1ea1n c\u00f3 th\u1ec3 t\u1ef1 quy\u1ebft \u0111\u1ecbnh theo \u0111\u01a1n v\u1ecb t\u1eebng th\u00e1ng.<\/li><\/ul><\/div><div class=\"col-sm-6 right-to-left spD mt-5 mt-sm-0\"><img decoding=\"async\" class=\"img-fluid\" src=\"https:\/\/www.shintomi.jp\/wp-content\/themes\/shintomi\/images\/curriculum-img7.jpg\" alt=\"C\u00e1c kh\u00f3a h\u1ecdc ng\u1eafn h\u1ea1n\"><h5 class=\"mt-4\">Kh\u00f3a h\u1ecdc theo nh\u00f3m<\/h5><ul class=\"mt-3\"><li>N\u1ebfu c\u00f3 t\u1eeb 2-10 ng\u01b0\u1eddi, th\u00ec l\u1edbp h\u1ecdc theo nh\u00f3m \u0111\u01b0\u1ee3c khuy\u1ebfn kh\u00edch.<\/li><li>C\u00f3 th\u1ec3 h\u1ecdc n\u1ed9i dung theo nguy\u1ec7n v\u1ecdng.<\/li><\/ul><\/div><div class=\"col-sm-6 left-to-right spD mt-5\"><img decoding=\"async\" class=\"img-fluid\" src=\"https:\/\/www.shintomi.jp\/wp-content\/themes\/shintomi\/images\/curriculum-img8.jpg\" alt=\"C\u00e1c kh\u00f3a h\u1ecdc ng\u1eafn h\u1ea1n\"><h5 class=\"mt-4\">kh\u00f3a h\u1ecdc m\u1ed9t &#8211; m\u1ed9t<\/h5><ul class=\"mt-3\"><li>B\u1ea1n c\u00f3 th\u1ec3 quy\u1ebft \u0111\u1ecbnh th\u1eddi gian, th\u1eddi l\u01b0\u1ee3ng v\u00e0 n\u1ed9i dung h\u1ecdc theo \u00fd mu\u1ed1n.<\/li><\/ul><p class=\"indent-1\">* \u0110\u1ec3 bi\u1ebft th\u00eam chi ti\u1ebft vui l\u00f2ng li\u00ean h\u1ec7 v\u1edbi V\u0103n ph\u00f2ng.<\/p><\/div><div class=\"col-sm-6 right-to-left spD mt-5\"><img decoding=\"async\" class=\"img-fluid\" src=\"https:\/\/www.shintomi.jp\/wp-content\/themes\/shintomi\/images\/curriculum-img9.jpg\" alt=\"C\u00e1c kh\u00f3a h\u1ecdc ng\u1eafn h\u1ea1n\"><h5 class=\"mt-4\">kh\u00e1c<\/h5><p class=\"mt-3\">Nh\u1eefng ng\u01b0\u1eddi tham gia kh\u00f3a h\u1ecdc h\u00e8 \/ kh\u00f3a h\u1ecdc m\u00f9a \u0111\u00f4ng (d\u1ef1 \u00e1n ri\u00eang), ho\u1eb7c Visa l\u01b0u tr\u00fa ng\u1eafn h\u1ea1n 1 tu\u1ea7n &#8211; 3 th\u00e1ng v\u00e0 mu\u1ed1n h\u1ecdc trong th\u1eddi gian du l\u1ecbch, ho\u1eb7c nh\u1eefng ng\u01b0\u1eddi c\u00f3 th\u1ecb th\u1ef1c Visa &#8220;l\u00e0m vi\u1ec7c trong k\u1ef3 ngh\u1ec9\u201d &#8220;l\u00e0m vi\u1ec7c b\u00e1n th\u1eddi gian&#8221; m\u00e0 mu\u1ed1n h\u1ecdc ti\u1ebfng Nh\u1eadt, vui l\u00f2ng li\u00ean h\u1ec7 v\u1edbi v\u0103n ph\u00f2ng.<br>V\u1ec1 h\u1ecdc ph\u00ed b\u1ea1n c\u00f3 th\u1ec3 ch\u1ecdn thanh to\u00e1n h\u00e0ng th\u00e1ng, ba th\u00e1ng ho\u1eb7c n\u1eeda n\u0103m.<br>Ch\u00fang t\u00f4i s\u1ebd l\u00e0m m\u1ed9t b\u00e0i ki\u1ec3m tra tr\u00ecnh \u0111\u1ed9 \u0111\u1ec3 x\u1ebfp l\u1edbp, n\u1ebfu l\u1edbp kh\u00f4ng ph\u00f9 h\u1ee3p th\u00ec c\u00f3 th\u1ec3 thay \u0111\u1ed5i.<\/p><\/div><\/div><h4 class=\"mt-5\">\u0110\u1eb7c \u0111i\u1ec3m c\u1ee7a kh\u00f3a h\u1ecdc ng\u1eafn h\u1ea1n<\/h4><div class=\"colorbox gray mt-4\"><ul class=\"mb-0\"><li>Th\u00edch h\u1ee3p cho nh\u1eefng ng\u01b0\u1eddi mu\u1ed1n t\u1ef1 tin h\u01a1n v\u1ec1 tr\u00ecnh \u0111\u1ed9 ti\u1ebfng Nh\u1eadt.<\/li><li>C\u00f3 th\u1ec3 h\u1ecdc \u0111\u01b0\u1ee3c tr\u00ecnh \u0111\u1ed9 t\u1ed1i thi\u1ec3u \u0111\u1ec3 giao ti\u1ebfp b\u1eb1ng ti\u1ebfng Nh\u1eadt khi s\u1ed1ng \u1edf Nh\u1eadt.<\/li><li>C\u00f3 th\u1ec3 h\u1ecdc ti\u1ebfng Nh\u1eadt theo t\u1ed1c \u0111\u1ed9 c\u1ee7a ri\u00eang m\u00ecnh<\/li><\/ul><\/div><\/div>\n\n<a id=\"payment\" class=\"anchor\"><\/a><div class=\"down-to-top mt-6\"><h3>H\u1ecdc ph\u00ed c\u00e1c kh\u00f3a h\u1ecdc ng\u1eafn h\u1ea1n<\/h3><h4 class=\"mt-5\">Kh\u00f3a h\u1ecdc theo l\u1edbp<\/h4><h5 class=\"mt-4\">Th\u1eddi gian h\u1ecdc v\u00e0 chi ph\u00ed<\/h5><ul class=\"mt-3\"><li>L\u1edbp h\u1ecdc bu\u1ed5i s\u00e1ng: 09: 10 ~ 12: 30 (45 ph\u00fat \u00d74)<\/li><li>L\u1edbp h\u1ecdc bu\u1ed5i chi\u1ec1u: 13: 10 ~ 16: 30 (45 ph\u00fat \u00d74)<\/li><\/ul>\n<table class=\"table-2 mt-4\">\n<tbody>\n<tr><th>Th\u1eddi gian<\/th>\n<td>1 th\u00e1ng<\/td>\n<td>2 th\u00e1ng<\/td>\n<td>Ba th\u00e1ng<\/td>\n<\/tr>\n<tr>\n<th>H\u1ecdc ph\u00ed<\/th>\n<td>\u00a560,000<\/td>\n<td>\u00a5120,000<\/td>\n<td>\u00a5180,000<\/td>\n<\/tr>\n<\/tbody>\n<\/table>\n<p class=\"indent-1 mt-3 mb-0\">* 1 th\u00e1ng: t\u1ed5ng c\u1ed9ng 20 ng\u00e0y k\u1ec3 t\u1eeb th\u1ee9 Hai &#8211; th\u1ee9 S\u00e1u (kh\u00f4ng k\u1ec3 ng\u00e0y l\u1ec5, s\u1ef1 ki\u1ec7n trong v\u00e0 ngo\u00e0i tr\u01b0\u1eddng, v.v.)<\/p><p class=\"indent-1 mb-0\">* Chi ph\u00ed s\u00e1ch, gi\u00e1o tr\u00ecnh \u0111\u01b0\u1ee3c t\u00ednh ri\u00eang.<\/p><p class=\"indent-1 mb-0\">* Ti\u1ec1n h\u1ecdc tr\u1ef1c ti\u1ebfp v\u00e0 tr\u1ef1c tuy\u1ebfn gi\u1ed1ng nhau.<\/p><\/div><div class=\"down-to-top mt-5\"><h4 class=\"mt-5\">Kh\u00f3a h\u1ecdc theo nh\u00f3m v\u00e0 Kh\u00f3a h\u1ecdc m\u1ed9t &#8211; m\u1ed9t<\/h4><h5 class=\"mt-4\">Th\u1eddi gian h\u1ecdc v\u00e0 chi ph\u00ed<\/h5><table class=\"table-2 mt-3\"><tbody><tr><th colspan=\"2\">1 ng\u01b0\u1eddi<\/th><th colspan=\"2\">2 ~ 3 ng\u01b0\u1eddi<\/th><\/tr><tr><td>1 bu\u1ed5i (50 ph\u00fat)<\/td><td>\u00a55,000<\/td><td>S\u1ed1 ng\u01b0\u1eddi<\/td><td>1 bu\u1ed5i (50 ph\u00fat)<\/td><\/tr><tr><td>2 bu\u1ed5i (100 ph\u00fat)<\/td><td>\u00a510,000<\/td><td>2 ng\u01b0\u1eddi<\/td><td>\u00a53,000<\/td><\/tr><tr><td>3 bu\u1ed5i (150 ph\u00fat)<\/td><td>\u00a515,000<\/td><td>3 ng\u01b0\u1eddi<\/td><td>\u00a52,500<\/td><\/tr><\/tbody><\/table><\/div><\/div><!-- \/\u30b3\u30f3\u30c6\u30f3\u30c4 --><\/div><!-- \/row column --><div class=\"full-width contact mt-6\"><div class=\"container down-to-top\"><div class=\"colorbox white contact\"><h3>Li\u00ean h\u1ec7 v\u1edbi ch\u00fang t\u00f4i<\/h3><p class=\"mt-4 mt-sm-5\">Qua \u0111i\u1ec7n tho\u1ea1i ho\u1eb7c s\u1eed d\u1ee5ng m\u1eabu y\u00eau c\u1ea7u,Xin vui l\u00f2ng li\u00ean h\u1ec7 v\u1edbi ch\u00fang t\u00f4i.<\/p><div class=\"row mt-4 mt-sm-5\"><div class=\"col-sm-6\"><p class=\"contact-tel mb-0\"><i class=\"fa fa-phone-square me-3\" aria-hidden=\"true\"><\/i><span data-action=\"call\">043-276-5828<\/span><\/p><p class=\"time mt-1 mb-0\">Gi\u1edd ti\u1ebfp t\u00e2n: C\u00e1c ng\u00e0y trong tu\u1ea7n 9: 00 ~ 17: 00<\/p><\/div><div class=\"col-sm-6 mt-4 mt-sm-0\"><a class=\"btn contact-lg\" href=\"..\/contact\"><i class=\"fa fa-envelope me-2\" aria-hidden=\"true\"><\/i>M\u1eabu y\u00eau c\u1ea7u<\/a><\/div><\/div><\/div><\/div><\/div><\/div><!-- \/container --><\/main>","protected":false},"excerpt":{"rendered":"C\u00e1c kh\u00f3a h\u1ecdcC\u00e1c kh\u00f3a h\u1ecdc d\u1ef1 b\u1ecbC\u00e1c kh\u00f3a h\u1ecdc ng\u1eafn h\u1ea1nH\u1ecdc vi\u1ec7n ng\u00f4n ng\u1eef qu\u1ed1c t\u1ebf Shintomi c\u00f3 2 kh\u00f3a h\u1ecdc ch\u00ednh l\u00e0 &#8220;kh\u00f3a h\u1ecdc ng\u1eafn h\u1ea1n&#8221; v\u00e0 &#8220;kh\u00f3a h\u1ecdc n\u00e2ng cao&#8221;C\u00e1c kh\u00f3a h\u1ecdc d\u1ef1 b\u1ecbT\u1ed5ng quan v\u1ec1 kh\u00f3a h\u1ecdcKh\u00f3a h\u1ecdc n\u00e2ng cao l\u00e0 kh\u00f3a h\u1ecdc d\u00e0nh cho nh\u1eefng ng\u01b0\u1eddi c\u00f3 visa du h\u1ecdc, v\u1edbi m\u1ee5c ti\u00eau ch\u1ee7 y\u1ebfu l\u00e0 h\u1ecdc l\u00ean cao.* N\u1ebfu b\u1ea1n c\u00f3 nguy\u1ec7n v\u1ecdng h\u1ecdc l\u00ean cao, hay c\u00f3 nguy\u1ec7n v\u1ecdng t\u00ecm vi\u1ec7c, xin vui l\u00f2ng li\u00ean h\u1ec7 t\u1edbi v\u0103n ph\u00f2ng c\u1ee7a ch\u00fang t\u00f4i.C\u00f3 5 kh\u00f3a h\u1ecdc ch\u00ednh1 n\u0103m (nh\u1eadp h\u1ecdc th\u00e1ng T\u01b0)1 n\u0103m 3 th\u00e1ng (nh\u1eadp h\u1ecdc th\u00e1ng 1)1 n\u0103m 6 th\u00e1ng (nh\u1eadp h\u1ecdc th\u00e1ng [&hellip;]","protected":false},"author":1,"featured_media":389,"parent":0,"menu_order":0,"comment_status":"closed","ping_status":"closed","template":"","meta":{"footnotes":""},"class_list":["post-111","page","type-page","status-publish","has-post-thumbnail","hentry"],"_links":{"self":[{"href":"https:\/\/www.shintomi.jp\/vi\/wp-json\/wp\/v2\/pages\/111","targetHints":{"allow":["GET"]}}],"collection":[{"href":"https:\/\/www.shintomi.jp\/vi\/wp-json\/wp\/v2\/pages"}],"about":[{"href":"https:\/\/www.shintomi.jp\/vi\/wp-json\/wp\/v2\/types\/page"}],"author":[{"embeddable":true,"href":"https:\/\/www.shintomi.jp\/vi\/wp-json\/wp\/v2\/users\/1"}],"replies":[{"embeddable":true,"href":"https:\/\/www.shintomi.jp\/vi\/wp-json\/wp\/v2\/comments?post=111"}],"version-history":[{"count":13,"href":"https:\/\/www.shintomi.jp\/vi\/wp-json\/wp\/v2\/pages\/111\/revisions"}],"predecessor-version":[{"id":2083,"href":"https:\/\/www.shintomi.jp\/vi\/wp-json\/wp\/v2\/pages\/111\/revisions\/2083"}],"wp:featuredmedia":[{"embeddable":true,"href":"https:\/\/www.shintomi.jp\/vi\/wp-json\/"}],"wp:attachment":[{"href":"https:\/\/www.shintomi.jp\/vi\/wp-json\/wp\/v2\/media?parent=111"}],"curies":[{"name":"wp","href":"https:\/\/api.w.org\/{rel}","templated":true}]}}