{"id":107,"date":"2024-03-13T06:42:34","date_gmt":"2024-03-12T21:42:34","guid":{"rendered":"http:\/\/www.shintomi.jp\/dinh\/"},"modified":"2026-02-10T14:47:43","modified_gmt":"2026-02-10T05:47:43","slug":"dinh","status":"publish","type":"page","link":"https:\/\/www.shintomi.jp\/vi\/","title":{"rendered":"\u0110\u1ec9nh"},"content":{"rendered":"  <main>\r\n    <div class=\"slider-wrap\">\r\n      <!-- Slick Slider -->\r\n  \t  <div class=\"slider\">\r\n\t\t<div class=\"slider-img1\"><img decoding=\"async\" src=\"https:\/\/www.shintomi.jp\/wp-content\/themes\/shintomi\/images\/slide1.jpg\" alt=\"Shintomi International Language Academy\"><\/div>\r\n  \t    <div class=\"slider-img2\"><img decoding=\"async\" src=\"https:\/\/www.shintomi.jp\/wp-content\/themes\/shintomi\/images\/slide2.jpg\" alt=\"Shintomi International Language Academy\"><\/div>\r\n  \t    <div class=\"slider-img3\"><img decoding=\"async\" src=\"https:\/\/www.shintomi.jp\/wp-content\/themes\/shintomi\/images\/slide3.jpg\" alt=\"Shintomi International Language Academy\"><\/div>\r\n  \t  <\/div>\r\n  \t  <!-- \/Slick Slider -->\r\n\t  <div class=\"copy-wrap\">\r\n\t    <p class=\"copy\"><span>W<\/span>elcome to<br><span>S<\/span>hintomi<br class=\"copy-br\"><span class=\"ms-2 ms-sm-0\">I<\/span>nternational<br><span>L<\/span>anguage<br class=\"copy-br\"><span class=\"ms-2 ms-sm-0\">A<\/span>cademy<\/p>\r\n\t  <\/div>\r\n\t<\/div>\r\n\t\r\n\t<div class=\"container top\">\r\n\t  <a id=\"news\" class=\"anchor2\"><\/a>\r\n\t  <div class=\"row justify-content-center\">\r\n\t    <div class=\"col-sm-8 order-sm-2\">\r\n\t      <!-- \u65b0\u7740\u60c5\u5831 -->\r\n          \r\n\t      <!-- \/\u65b0\u7740\u60c5\u5831 -->\r\n\t    <\/div>\r\n\t\t<div class=\"col-sm-4 mt-4 mt-sm-0 order-sm-1\">\r\n\t      <!-- Newsletter Signup -->\r\n\t\t  <h3>Join Our Community<\/h3>\r\n\t        \n  \n  <div class=\"\n    mailpoet_form_popup_overlay\n      \"><\/div>\n  <div\n    id=\"mailpoet_form_1\"\n    class=\"\n      mailpoet_form\n      mailpoet_form_widget\n      mailpoet_form_position_\n      mailpoet_form_animation_\n    \"\n      >\n\n    <style type=\"text\/css\">\n     #mailpoet_form_1 .mailpoet_form {  }\n#mailpoet_form_1 form { margin-bottom: 0; }\n#mailpoet_form_1 p.mailpoet_form_paragraph { margin-bottom: 10px; }\n#mailpoet_form_1 .mailpoet_column_with_background { padding: 10px; }\n#mailpoet_form_1 .mailpoet_form_column:not(:first-child) { margin-left: 20px; }\n#mailpoet_form_1 .mailpoet_paragraph { line-height: 20px; margin-bottom: 20px; }\n#mailpoet_form_1 .mailpoet_segment_label, #mailpoet_form_1 .mailpoet_text_label, #mailpoet_form_1 .mailpoet_textarea_label, #mailpoet_form_1 .mailpoet_select_label, #mailpoet_form_1 .mailpoet_radio_label, #mailpoet_form_1 .mailpoet_checkbox_label, #mailpoet_form_1 .mailpoet_list_label, #mailpoet_form_1 .mailpoet_date_label { display: block; font-weight: normal; }\n#mailpoet_form_1 .mailpoet_text, #mailpoet_form_1 .mailpoet_textarea, #mailpoet_form_1 .mailpoet_select, #mailpoet_form_1 .mailpoet_date_month, #mailpoet_form_1 .mailpoet_date_day, #mailpoet_form_1 .mailpoet_date_year, #mailpoet_form_1 .mailpoet_date { display: block; }\n#mailpoet_form_1 .mailpoet_text, #mailpoet_form_1 .mailpoet_textarea { width: 200px; }\n#mailpoet_form_1 .mailpoet_checkbox {  }\n#mailpoet_form_1 .mailpoet_submit {  }\n#mailpoet_form_1 .mailpoet_divider {  }\n#mailpoet_form_1 .mailpoet_message {  }\n#mailpoet_form_1 .mailpoet_form_loading { width: 30px; text-align: center; line-height: normal; }\n#mailpoet_form_1 .mailpoet_form_loading > span { width: 5px; height: 5px; background-color: #5b5b5b; }#mailpoet_form_1{border-radius: 0px;text-align: left;}#mailpoet_form_1 form.mailpoet_form {padding: 10px;}#mailpoet_form_1{width: 100%;}#mailpoet_form_1 .mailpoet_message {margin: 0; padding: 0 20px;}\n        #mailpoet_form_1 .mailpoet_validate_success {color: #00d084}\n        #mailpoet_form_1 input.parsley-success {color: #00d084}\n        #mailpoet_form_1 select.parsley-success {color: #00d084}\n        #mailpoet_form_1 textarea.parsley-success {color: #00d084}\n      \n        #mailpoet_form_1 .mailpoet_validate_error {color: #cf2e2e}\n        #mailpoet_form_1 input.parsley-error {color: #cf2e2e}\n        #mailpoet_form_1 select.parsley-error {color: #cf2e2e}\n        #mailpoet_form_1 textarea.textarea.parsley-error {color: #cf2e2e}\n        #mailpoet_form_1 .parsley-errors-list {color: #cf2e2e}\n        #mailpoet_form_1 .parsley-required {color: #cf2e2e}\n        #mailpoet_form_1 .parsley-custom-error-message {color: #cf2e2e}\n      #mailpoet_form_1 .mailpoet_paragraph.last {margin-bottom: 0} @media (max-width: 500px) {#mailpoet_form_1 {background-image: none;}} @media (min-width: 500px) {#mailpoet_form_1 .last .mailpoet_paragraph:last-child {margin-bottom: 0}}  @media (max-width: 500px) {#mailpoet_form_1 .mailpoet_form_column:last-child .mailpoet_paragraph:last-child {margin-bottom: 0}} \n    <\/style>\n\n    <form\n      target=\"_self\"\n      method=\"post\"\n      action=\"https:\/\/www.shintomi.jp\/wp-admin\/admin-post.php?action=mailpoet_subscription_form\"\n      class=\"mailpoet_form mailpoet_form_form mailpoet_form_widget\"\n      novalidate\n      data-delay=\"\"\n      data-exit-intent-enabled=\"\"\n      data-font-family=\"\"\n      data-cookie-expiration-time=\"\"\n    >\n      <input type=\"hidden\" name=\"data[form_id]\" value=\"1\" \/>\n      <input type=\"hidden\" name=\"token\" value=\"b388fe8a34\" \/>\n      <input type=\"hidden\" name=\"api_version\" value=\"v1\" \/>\n      <input type=\"hidden\" name=\"endpoint\" value=\"subscribers\" \/>\n      <input type=\"hidden\" name=\"mailpoet_method\" value=\"subscribe\" \/>\n\n      <label class=\"mailpoet_hp_email_label\" style=\"display: none !important;\">Please leave this field empty<input type=\"email\" name=\"data[email]\"\/><\/label><div class='mailpoet_spacer' style='height: 10px;'><\/div>\n<h2 class=\"mailpoet-heading  mailpoet-has-font-size\" style=\"text-align: center; color: #003e84; font-size: 20px; line-height: 1.5\">Join Our Community<\/h2>\n<p class=\"mailpoet_form_paragraph \" style=\"text-align: center\">\u3054\u767b\u9332\u3044\u305f\u3060\u304f\u3068\u3001\u65b0\u7740\u60c5\u5831\u306e\u901a\u77e5\u304c\u5c4a\u304d\u307e\u3059\u3002<br>Register to receive an email whenever there is new information.<\/p>\n<div class=\"mailpoet_paragraph \"><input type=\"text\" autocomplete=\"given-name\" class=\"mailpoet_text\" id=\"form_first_name_1\" name=\"data[form_field_NGQ4MThlYjY0YjRlX2ZpcnN0X25hbWU=]\" title=\"nickname\" value=\"\" style=\"width:100%;box-sizing:border-box;padding:8px;margin: 0 auto 0 0;font-family:&#039;Montserrat&#039;;font-size:15px;line-height:1.5;height:auto;\" data-automation-id=\"form_first_name\"  placeholder=\"nickname\" aria-label=\"nickname\" data-parsley-errors-container=\".mailpoet_error_106uu\" data-parsley-names='[&quot;Please specify a valid name.&quot;,&quot;Addresses in names are not permitted, please add your name instead.&quot;]'\/><span class=\"mailpoet_error_106uu\"><\/span><\/div>\n<div class=\"mailpoet_paragraph \"><input type=\"email\" autocomplete=\"email\" class=\"mailpoet_text\" id=\"form_email_1\" name=\"data[form_field_NWYyZjY5MDU3Yjk0X2VtYWls]\" title=\"Email Address\" value=\"\" style=\"width:100%;box-sizing:border-box;padding:8px;margin: 0 auto 0 0;font-family:&#039;Montserrat&#039;;font-size:15px;line-height:1.5;height:auto;\" data-automation-id=\"form_email\"  placeholder=\"Email Address *\" aria-label=\"Email Address *\" data-parsley-errors-container=\".mailpoet_error_1jlm4\" data-parsley-required=\"true\" required aria-required=\"true\" data-parsley-minlength=\"6\" data-parsley-maxlength=\"150\" data-parsley-type-message=\"This value should be a valid email.\" data-parsley-required-message=\"This field is required.\"\/><span class=\"mailpoet_error_1jlm4\"><\/span><\/div>\n<div class=\"mailpoet_recaptcha\" data-sitekey=\"6Le37sMpAAAAAM4-8OMSuCt0VLcc4MWZxwcMhFhc\" data-size=\"invisible\">\n      <div class=\"mailpoet_recaptcha_container\"><\/div>\n      <noscript>\n        <div>\n          <div class=\"mailpoet_recaptcha_noscript_container\">\n            <div>\n              <iframe src=\"https:\/\/www.google.com\/recaptcha\/api\/fallback?k=6Le37sMpAAAAAM4-8OMSuCt0VLcc4MWZxwcMhFhc\" frameborder=\"0\" scrolling=\"no\">\n              <\/iframe>\n            <\/div>\n          <\/div>\n          <div class=\"mailpoet_recaptcha_noscript_input\">\n            <textarea id=\"g-recaptcha-response\" name=\"data[recaptcha]\" class=\"g-recaptcha-response\">\n            <\/textarea>\n          <\/div>\n        <\/div>\n      <\/noscript>\n      <input class=\"mailpoet_recaptcha_field\" type=\"hidden\" name=\"recaptchaWidgetId\">\n    <\/div><div class=\"mailpoet_paragraph \"><input type=\"submit\" class=\"mailpoet_submit\" value=\"\u3054\u767b\u9332 \/ Join us\" data-automation-id=\"subscribe-submit-button\" data-font-family='Montserrat' style=\"width:100%;box-sizing:border-box;background-color:#003e84;border-style:solid;border-radius:0px !important;border-width:1px;border-color:#313131;padding:8px;margin: 0 auto 0 0;font-family:&#039;Montserrat&#039;;font-size:15px;line-height:1.5;height:auto;color:#ffffff;\" \/><span class=\"mailpoet_form_loading\"><span class=\"mailpoet_bounce1\"><\/span><span class=\"mailpoet_bounce2\"><\/span><span class=\"mailpoet_bounce3\"><\/span><\/span><\/div>\n\n      <div class=\"mailpoet_message\">\n        <p class=\"mailpoet_validate_success\"\n                style=\"display:none;\"\n                >Please check your inbox or spam folder to complete the subscription process.\n        <\/p>\n        <p class=\"mailpoet_validate_error\"\n                style=\"display:none;\"\n                >        <\/p>\n      <\/div>\n    <\/form>\n\n      <\/div>\n\n  \r\n\t      <!-- \/Newsletter Signup -->\r\n\t    <\/div>\r\n\t\t<div class=\"col-sm-8 vacation mt-6 order-sm-4\">\r\n\t\t  <h3>K\u1ef3 ngh\u1ec9 d\u00e0i<\/h3>\r\n\t\t  <dl class=\"mx-auto mt-4\">\r\n\t\t  <dt>K\u1ef3 ngh\u1ec9 xu\u00e2n<\/dt><dd>14 th\u00e1ng 3 n\u0103m 2026 (Th\u1ee9 B\u1ea3y) ~ 5 th\u00e1ng 4 n\u0103m 2026 (Ch\u1ee7 nh\u1eadt)<\/dd>\r\n\t\t    <dt>K\u1ef3 ngh\u1ec9 h\u00e8<\/dt><dd>27 th\u00e1ng 7 n\u0103m 2026 (Th\u1ee9 Hai) ~ 16 th\u00e1ng 8 n\u0103m 2026 (Ch\u1ee7 nh\u1eadt)<\/dd>\r\n\t\t\t<dt>K\u1ef3 ngh\u1ec9 \u0111\u00f4ng<\/dt><dd>Ng\u00e0y 19 th\u00e1ng 12 n\u0103m 2026 (Th\u1ee9 B\u1ea3y) ~ Ng\u00e0y 11 th\u00e1ng 1 n\u0103m 2027 (Th\u1ee9 Hai)<\/dd>\r\n\t\t  <\/dl>\r\n\t\t<\/div>\r\n\t\t<div class=\"col-sm-4 mt-4 mt-sm-6 d-none d-sm-block order-sm-3\">\r\n\t      <img decoding=\"async\" src=\"https:\/\/www.shintomi.jp\/wp-content\/themes\/shintomi\/images\/top-vacation.jpg\" class=\"img-fluid\" alt=\"K\u1ef3 ngh\u1ec9 d\u00e0i\">\r\n\t    <\/div>\r\n\t  <\/div>\r\n\t  \r\n\t  <div class=\"full-width blue top-about down-to-top mt-6\">\r\n\t    <div class=\"container\">\r\n\t\t  <h3 class=\"white\">H\u1ecdc vi\u1ec7n ng\u00f4n ng\u1eef qu\u1ed1c t\u1ebf Shintomi qua c\u00e1c con s\u1ed1<\/h3>\r\n\t\t  <div class=\"wrap full-width mt-5\">\r\n\t\t    <div class=\"circle\">\r\n\t\t\t  <h4>T\u1ec9 l\u1ec7 h\u1ecdc l\u00ean, \u0111i l\u00e0m<\/h4>\r\n\t\t\t  <img decoding=\"async\" src=\"https:\/\/www.shintomi.jp\/wp-content\/themes\/shintomi\/images\/top-icon3.png\" alt=\"T\u1ec9 l\u1ec7 h\u1ecdc l\u00ean, \u0111i l\u00e0m\">\r\n\t\t\t  <p><span>97.6<\/span>%<\/p>\r\n\t\t\t<\/div>\r\n\t\t\t<div class=\"circle\">\r\n\t\t\t  <h4>T\u01b0\u01a1ng \u0111\u01b0\u01a1ng JLPT N3+<\/h4>\r\n\t\t\t  <img decoding=\"async\" src=\"https:\/\/www.shintomi.jp\/wp-content\/themes\/shintomi\/images\/top-icon2.png\" alt=\"T\u01b0\u01a1ng \u0111\u01b0\u01a1ng JLPT N3+\">\r\n\t\t\t  <p><span>143<\/span><\/p>\r\n\t\t\t<\/div>\r\n\t\t\t<div class=\"circle\">\r\n\t\t\t  <h4>c\u01b0\u1eddi<\/h4>\r\n\t\t\t  <img decoding=\"async\" src=\"https:\/\/www.shintomi.jp\/wp-content\/themes\/shintomi\/images\/top-icon1.png\" alt=\"c\u01b0\u1eddi\">\r\n\t\t\t  <p><span>150<\/span>%<\/p>\r\n\t\t\t<\/div>\r\n\t\t\t<div class=\"circle\">\r\n\t\t\t  <h4>S\u1ed1 l\u01b0\u1ee3ng \u0111\u1ea1i l\u00fd<\/h4>\r\n\t\t\t  <img decoding=\"async\" src=\"https:\/\/www.shintomi.jp\/wp-content\/themes\/shintomi\/images\/top-icon4.png\" alt=\"S\u1ed1 l\u01b0\u1ee3ng \u0111\u1ea1i l\u00fd\">\r\n\t\t\t  <p><span>120<\/span>+<\/p>\r\n\t\t\t<\/div>\r\n\t\t\t<div class=\"circle\">\r\n\t\t\t  <h4>Tr\u01b0\u1eddng \u0111\u1ea1t chu\u1ea9n<\/h4>\r\n\t\t\t  <img decoding=\"async\" src=\"https:\/\/www.shintomi.jp\/wp-content\/themes\/shintomi\/images\/top-icon5.png\" alt=\"Tr\u01b0\u1eddng \u0111\u1ea1t chu\u1ea9n\">\r\n\t\t\t  <p><span>3 n\u0103m<\/span>+<\/p>\r\n\t\t\t<\/div>\r\n\t\t  <\/div>\r\n\t\t<\/div>\r\n\t  <\/div>\r\n\t  \r\n\t  <div class=\"down-to-top mt-6\">\r\n\t    <h3>L\u00fd do ch\u1ecdn H\u1ecdc vi\u1ec7n ng\u00f4n ng\u1eef qu\u1ed1c t\u1ebf Shintomi<\/h3>\r\n\t\t<div class=\"row mt-5\">\r\n\t\t  <div class=\"col-sm-4 left-to-right spD\">\r\n\t\t    <div class=\"point-box\">\r\n\t\t      <img decoding=\"async\" src=\"https:\/\/www.shintomi.jp\/wp-content\/themes\/shintomi\/images\/top-img1.jpg\" class=\"img-fluid\" alt=\"\u0110I\u1ec2M1\">\r\n\t\t\t  <div class=\"point\">\r\n\t\t\t    <p>\u0110I\u1ec2M<br><span>1<\/span><\/p>\r\n\t\t\t  <\/div>\r\n\t\t\t  <h4>M\u1ed9t khu\u00f4n vi\u00ean t\u01b0\u01a1i s\u00e1ng v\u00e0 s\u1ed1ng \u0111\u1ed9ng<\/h4>\r\n\t\t\t  <p>B\u1ea1n s\u1ebd \u0111\u01b0\u1ee3c c\u00e1c sinh vi\u00ean ch\u00e0o \u0111\u00f3n m\u1ed9t c\u00e1ch vui v\u1ebb.<br> V\u1edbi m\u1ed9t n\u01a1i h\u1ecdc t\u1eadp lu\u00f4n tr\u00e0n \u0111\u1ea7y n\u0103ng l\u01b0\u1ee3ng, v\u1edbi c\u00e1c h\u1ecdc vi\u00ean t\u00edch c\u1ef1c ph\u00e1t bi\u1ec3u v\u00e0 th\u1ea3o lu\u1eadn trong gi\u1edd h\u1ecdc.<\/p>\r\n\t\t\t<\/div>\r\n\t\t  <\/div>\r\n\t\t  <div class=\"col-sm-4 down-to-top mt-5 mt-sm-0\">\r\n\t\t    <div class=\"point-box\">\r\n\t\t      <img decoding=\"async\" src=\"https:\/\/www.shintomi.jp\/wp-content\/themes\/shintomi\/images\/top-img2.jpg\" class=\"img-fluid\" alt=\"\u0110I\u1ec2M 2\">\r\n\t\t\t  <div class=\"point\">\r\n\t\t\t    <p>\u0110I\u1ec2M<br><span>2<\/span><\/p>\r\n\t\t\t  <\/div>\r\n\t\t\t  <h4>Kh\u00f4ng ch\u1ec9 h\u1ecdc ti\u1ebfng Nh\u1eadt<br>m\u00e0 c\u00f2n \u0111\u01b0\u1ee3c h\u1ecdc c\u1ea3 v\u0103n h\u00f3a, t\u1eadp qu\u00e1n, c\u00e1ch c\u01b0 x\u1eed c\u1ee7a ng\u01b0\u1eddi Nh\u1eadt<\/h4>\r\n\t\t\t  <p>C\u00e1c h\u1ecdc vi\u00ean n\u1ed7 l\u1ef1c giao ti\u1ebfp b\u1eb1ng tr\u00ecnh \u0111\u1ed9 ti\u1ebfng Nh\u1eadt c\u1ee7a m\u00ecnh.<br> H\u1ecd h\u1ecdc h\u1ecfi \u0111\u01b0\u1ee3c nhi\u1ec1u \u0111i\u1ec1u th\u00f4ng qua v\u0103n h\u00f3a v\u00e0 truy\u1ec7n tranh Nh\u1eadt B\u1ea3n, \u0111\u1ed3ng th\u1eddi k\u1ebft h\u1ee3p nh\u1eefng n\u00e9t \u0111\u1eb9p nh\u1ea5t c\u1ee7a \u0111\u1ea5t n\u01b0\u1edbc h\u1ecd v\u00e0 Nh\u1eadt B\u1ea3n \u0111\u1ec3 t\u1ea1o n\u00ean ti\u1ebfng Nh\u1eadt. Ch\u00fang t\u00f4i s\u1ebd \u0111\u00e0o t\u1ea1o h\u1ecd th\u00e0nh ngu\u1ed3n nh\u00e2n l\u1ef1c to\u00e0n c\u1ea7u v\u1edbi xu\u1ea5t ph\u00e1t \u0111i\u1ec3m t\u1eeb H\u1ecdc vi\u1ec7n Ng\u00f4n ng\u1eef Qu\u1ed1c t\u1ebf Shintomi &#8211; Nh\u1eadt b\u1ea3n .<\/p>\r\n\t\t\t<\/div>\r\n\t\t  <\/div>\r\n\t\t  <div class=\"col-sm-4 right-to-left spD mt-5 mt-sm-0\">\r\n\t\t    <div class=\"point-box\">\r\n\t\t      <img decoding=\"async\" src=\"https:\/\/www.shintomi.jp\/wp-content\/themes\/shintomi\/images\/top-img3.jpg\" class=\"img-fluid\" alt=\"\u0110I\u1ec2M 3\">\r\n\t\t\t  <div class=\"point\">\r\n\t\t\t    <p>\u0110I\u1ec2M<br><span>3<\/span><\/p>\r\n\t\t\t  <\/div>\r\n\t\t\t  <h4>H\u1ed7 tr\u1ee3 h\u1ebft m\u00ecnh cho vi\u1ec7c h\u1ecdc l\u00ean v\u00e0 t\u00ecm vi\u1ec7c<\/h4>\r\n\t\t\t  <p>H\u1ecdc vi\u1ec7n Ng\u00f4n ng\u1eef Qu\u1ed1c t\u1ebf Shintomi t\u00f4n tr\u1ecdng t\u1ed1i \u0111a &#8220;nh\u1eefng \u0111i\u1ec1u mu\u1ed1n l\u00e0m&#8221; v\u00e0 &#8220;mu\u1ed1n tr\u1edf th\u00e0nh g\u00ec&#8221; c\u1ee7a h\u1ecdc vi\u00ean v\u00e0 c\u00f9ng h\u1ecd quy\u1ebft \u0111\u1ecbnh con \u0111\u01b0\u1eddng ti\u1ebfp theo c\u1ee7a h\u1ecd.<br> C\u00f9ng v\u1edbi vi\u1ec7c gi\u1edbi thi\u1ec7u nhi\u1ec1u lo\u1ea1i c\u00f4ng vi\u1ec7c kh\u00e1c nhau, c\u00f2n h\u1ed7 tr\u1ee3 h\u1ecdc vi\u00ean t\u1ef1 l\u1eadp k\u1ebf ho\u1ea1ch c\u00f3 t\u1ea7m nh\u00ecn cho ngh\u1ec1 nghi\u1ec7p trong t\u01b0\u01a1ng lai, v\u00ed d\u1ee5 nh\u01b0 kh\u00f4ng ch\u1ec9 \u0111\u01a1n thu\u1ea7n l\u00e0 &#8220;mu\u1ed1n l\u00e0m vi\u1ec7c t\u1ea1i Nh\u1eadt&#8221; m\u00e0 c\u1ea7n c\u00f3 c\u00e2u h\u1ecfi nh\u01b0 &#8220;mu\u1ed1n l\u00e0m g\u00ec? \u1edf \u0111\u00e2u?&#8221;.<\/p>\r\n\t\t\t<\/div>\r\n\t\t  <\/div>\r\n\t\t<\/div>\r\n\t  <\/div>\r\n\t\t\r\n\t  <div class=\"full-width blue down-to-top mt-6\">\r\n\t    <div class=\"container\">\r\n\t      <h3 class=\"white\">truy c\u1eadp<\/h3>\r\n\t\t  <div class=\"row access mt-4 mt-sm-5\">\r\n\t\t\t<div class=\"col-sm-7 right-to-left spD order-sm-2\">\r\n\t          <div class=\"gmap small\">\r\n\t            <iframe src=\"https:\/\/www.google.com\/maps\/embed?pb=!1m18!1m12!1m3!1d3242.0448355858925!2d140.06912987578636!3d35.65126697259697!2m3!1f0!2f0!3f0!3m2!1i1024!2i768!4f13.1!3m3!1m2!1s0x602283c534747dbf%3A0x5d6f63f5d0e0c534!2z44CSMjYyLTAwMjIg5Y2D6JGJ55yM5Y2D6JGJ5biC6Iqx6KaL5bed5Yy65Y2X6Iqx5ZyS77yS5LiB55uu77yV4oiS77yR77yZIOaWsOWvjOWbvemam-ODk-ODqw!5e0!3m2!1sja!2sjp!4v1706967172294!5m2!1sja!2sjp\" width=\"600\" height=\"450\" style=\"border:0;\" allowfullscreen=\"\" loading=\"lazy\" referrerpolicy=\"no-referrer-when-downgrade\"><\/iframe>\r\n\t          <\/div>\r\n\t\t    <\/div>\r\n\t\t    <div class=\"col-sm-5 left-to-right spD mt-4 mt-sm-0 order-sm-1\">\r\n\t\t\t  <table class=\"table-1 w-100\">\r\n\t\t\t    <tr>\r\n\t\t\t\t  <th>\u0111\u1ecba ch\u1ec9<\/th>\r\n<td>\u3012262-0022<br>Chiba, Chiba-shi, Hanamigawa-ku, Minami-Hanazono, 2-5-19<\/td>\r\n\t\t\t\t<\/tr>\r\n\t\t\t\t<tr>\r\n\t\t\t\t  <th>TEL<\/th>\r\n<td class=\"footer-tel\"><span data-action=\"call\">043-276-5828<\/span><\/td>\r\n\t\t\t\t<\/tr>\r\n\t\t\t\t<tr>\r\n\t\t\t\t  <th>FAX<\/th>\r\n<td>043-307-5524<\/td>\r\n\t\t\t\t<\/tr>\r\n\t\t\t\t<tr>\r\n\t\t\t\t  <th>Ga g\u1ea7n nh\u1ea5t<\/th>\r\n<td>Ga JR Shinkenmigawa, Ga Keisei Kenmigawa<\/td>\r\n\t\t\t\t<\/tr>\r\n\t\t\t  <\/table>\r\n\t\t\t<\/div>\r\n\t\t  <\/div>\r\n\t    <\/div>\r\n\t  <\/div>\r\n\t\t\r\n\t  <div class=\"full-width contact\">\r\n\t    <div class=\"container down-to-top\">\r\n\t\t  <div class=\"colorbox white contact\">\r\n\t\t    <h3>Li\u00ean h\u1ec7 v\u1edbi ch\u00fang t\u00f4i<\/h3>\r\n\t\t    <p class=\"mt-4 mt-sm-5\">Xin vui l\u00f2ng \u0111\u1eb7t c\u00e2u h\u1ecfi v\u00e0 tham kh\u1ea3o \u00fd ki\u1ebfn v\u1edbi ch\u00fang t\u00f4i.<\/p>\r\n            <div class=\"row mt-4 mt-sm-5\">\r\n\t          <div class=\"col-sm-6\">\r\n\t\t\t    <p class=\"contact-tel mb-0\"><i class=\"fa fa-phone-square me-3\" aria-hidden=\"true\"><\/i><span data-action=\"call\">043-276-5828<\/span><\/p>\r\n\t\t\t\t<p class=\"time mt-1 mb-0\">Gi\u1edd ti\u1ebfp t\u00e2n: C\u00e1c ng\u00e0y trong tu\u1ea7n 9: 00 ~ 17: 00<\/p>\r\n\t\t      <\/div>\r\n\t\t      <div class=\"col-sm-6 mt-4 mt-sm-0\">\r\n\t\t\t    <a href=\"..\/contact\" class=\"btn contact-lg\"><i class=\"fa fa-envelope me-2\" aria-hidden=\"true\"><\/i>Li\u00ean h\u1ec7 v\u1edbi ch\u00fang t\u00f4i<\/a>\r\n\t\t      <\/div>\r\n\t        <\/div>\r\n\t\t  <\/div>\r\n\t    <\/div>\r\n\t  <\/div>\t  \r\n\t<\/div><!-- \/container -->\r\n  <\/main>","protected":false},"excerpt":{"rendered":"Welcome toShintomiInternationalLanguageAcademy Join Our Community K\u1ef3 ngh\u1ec9 d\u00e0i K\u1ef3 ngh\u1ec9 xu\u00e2n14 th\u00e1ng 3 n\u0103m 2026 (Th\u1ee9 B\u1ea3y) ~ 5 th\u00e1ng 4 n\u0103m 2026 (Ch\u1ee7 nh\u1eadt) K\u1ef3 ngh\u1ec9 h\u00e827 th\u00e1ng 7 n\u0103m 2026 (Th\u1ee9 Hai) ~ 16 th\u00e1ng 8 n\u0103m 2026 (Ch\u1ee7 nh\u1eadt) K\u1ef3 ngh\u1ec9 \u0111\u00f4ngNg\u00e0y 19 th\u00e1ng 12 n\u0103m 2026 (Th\u1ee9 B\u1ea3y) ~ Ng\u00e0y 11 th\u00e1ng 1 n\u0103m 2027 (Th\u1ee9 Hai) H\u1ecdc vi\u1ec7n ng\u00f4n ng\u1eef qu\u1ed1c t\u1ebf Shintomi qua c\u00e1c con s\u1ed1 T\u1ec9 l\u1ec7 h\u1ecdc l\u00ean, \u0111i l\u00e0m 97.6% T\u01b0\u01a1ng \u0111\u01b0\u01a1ng JLPT N3+ 143 c\u01b0\u1eddi 150% S\u1ed1 l\u01b0\u1ee3ng \u0111\u1ea1i l\u00fd 120+ Tr\u01b0\u1eddng \u0111\u1ea1t chu\u1ea9n 3 n\u0103m+ L\u00fd do ch\u1ecdn H\u1ecdc vi\u1ec7n ng\u00f4n ng\u1eef qu\u1ed1c t\u1ebf Shintomi \u0110I\u1ec2M1 M\u1ed9t khu\u00f4n vi\u00ean [&hellip;]","protected":false},"author":1,"featured_media":389,"parent":0,"menu_order":0,"comment_status":"closed","ping_status":"closed","template":"","meta":{"footnotes":""},"class_list":["post-107","page","type-page","status-publish","has-post-thumbnail","hentry"],"_links":{"self":[{"href":"https:\/\/www.shintomi.jp\/vi\/wp-json\/wp\/v2\/pages\/107","targetHints":{"allow":["GET"]}}],"collection":[{"href":"https:\/\/www.shintomi.jp\/vi\/wp-json\/wp\/v2\/pages"}],"about":[{"href":"https:\/\/www.shintomi.jp\/vi\/wp-json\/wp\/v2\/types\/page"}],"author":[{"embeddable":true,"href":"https:\/\/www.shintomi.jp\/vi\/wp-json\/wp\/v2\/users\/1"}],"replies":[{"embeddable":true,"href":"https:\/\/www.shintomi.jp\/vi\/wp-json\/wp\/v2\/comments?post=107"}],"version-history":[{"count":19,"href":"https:\/\/www.shintomi.jp\/vi\/wp-json\/wp\/v2\/pages\/107\/revisions"}],"predecessor-version":[{"id":2000,"href":"https:\/\/www.shintomi.jp\/vi\/wp-json\/wp\/v2\/pages\/107\/revisions\/2000"}],"wp:featuredmedia":[{"embeddable":true,"href":"https:\/\/www.shintomi.jp\/vi\/wp-json\/"}],"wp:attachment":[{"href":"https:\/\/www.shintomi.jp\/vi\/wp-json\/wp\/v2\/media?parent=107"}],"curies":[{"name":"wp","href":"https:\/\/api.w.org\/{rel}","templated":true}]}}